{"id":9440,"date":"2012-11-07T16:08:51","date_gmt":"2012-11-07T15:08:51","guid":{"rendered":"http:\/\/www.ffzg.unizg.hr\/anglist\/?page_id=9440"},"modified":"2024-08-27T15:52:00","modified_gmt":"2024-08-27T14:52:00","slug":"klub-studenta-anglistike-x-a","status":"publish","type":"page","link":"https:\/\/anglist.ffzg.unizg.hr\/?page_id=9440","title":{"rendered":"Klub studenata anglistike X.a."},"content":{"rendered":"<div>\n<p><span style=\"font-size: small;\">Predsjednica: Marta Pocrn\u010di\u0107<br \/>\nPotpredsjednica: Sofija S\u010dapec<br \/>\nTajnica: Fedra \u0160aki\u0107<br \/>\nBlagajnik: Ruben Prstec<br \/>\n<\/span><span style=\"font-size: small;\">Nadzorni odbor: Nika Keserovi\u0107, Lucia Ivan\u010dev, Meri \u017di\u017ei\u0107<\/p>\n<p><\/span><span style=\"font-size: small;\"><br \/>\ne-mail <a href=\"mailto:klubanglistike@gmail.com\">klubanglistike@gmail.com<br \/>\n<\/a><\/span><span style=\"font-size: 10pt;\">web stranica kluba: <a href=\"http:\/\/xa.ffzg.unizg.hr\/\">http:\/\/xa.ffzg.unizg.hr\/<\/a><br \/>\nFacebook stranica:&nbsp;<a href=\"http:\/\/www.facebook.com\/klubxa\">www.facebook.com\/klubxa<\/a><\/span><span style=\"line-height: normal; color: #3b6ea1;\"><span style=\"font-size: 10pt;\"><br \/>\n<\/span><span style=\"padding-left: 30px;\"><a href=\"http:\/\/www.facebook.com\/klubxa\"><img decoding=\"async\" src=\"https:\/\/anglist.ffzg.unizg.hr\/wp-content\/uploads\/2014\/04\/fb-logo.png\" alt=\"fb\"\/><\/a><\/span><\/span><\/p>\n<table style=\"border-color: #aeb2d1;\">\n<tbody>\n<tr style=\"height: 26.5px; background-color: #ffffff; border-color: #3878a6;\">\n<td style=\"border-color: #aeb2d1; height: 26.5px;\"><span style=\"color: #267351; background-color: #daf2e3; font-size: small;\"><strong>&nbsp;AKTIVNOSTI:<\/strong><\/span><\/td>\n<\/tr>\n<tr style=\"background-color: #f5ebf4; border-color: #bed3e6; height: 26px;\">\n<td style=\"padding-left: 16px; border-color: #aeb2d1; height: 26px; background-color: #d6e9f5;\"><img loading=\"lazy\" decoding=\"async\" class=\"wp-image-39228 alignleft\" src=\"http:\/\/anglist.ffzg.unizg.hr\/wp-content\/uploads\/2021\/03\/smiley.png\" alt=\"\" width=\"45\" height=\"27\"\/><span style=\"font-size: small; color: #265572;\">&nbsp; <\/span><strong><a title=\"Obavijest Kluba anglistike \u2013 Big Sibling projekt\" href=\"https:\/\/anglist.ffzg.unizg.hr\/?p=6059\"><span style=\"font-size: small; color: #265572;\">Big Sibling projekt<\/span><\/a> <br \/>\n<\/strong><\/td>\n<\/tr>\n<tr>\n<td style=\"border-color: #aeb2d1; background-color: #ffffff;\">\n<p style=\"text-align: left;\"><span style=\"font-size: 10pt; color: #ff0000; background-color: #c2ddf0;\"><span style=\"font-size: 8pt; background-color: #c2ddf0;\"><span style=\"text-decoration: underline;\"><strong>KONFERENCIJA 7 &#8211; 2024.<em>:<\/em><\/strong><\/span><\/span><\/span><\/p>\n<p style=\"text-align: center;\"><a href=\"https:\/\/anglophonia.ffzg.unizg.hr\/\"><strong><em>\u00b0<\/em><\/strong>&nbsp; <em><strong>ANGLOPHONIA: FORKING PATHS<\/strong><\/em><\/a><br \/>\nThe Faculty of Humanities and Social Sciences, Zagreb, Croatia<br \/>\n(16th to 18th May 2024)<br \/>\n<a href=\"https:\/\/anglophonia.ffzg.unizg.hr\/anglophonia-2024\"><strong>\u00b0&nbsp;<\/strong>Program studentske konferencije Anglophonia 2024 (16.-18.5.)<\/a><\/p>\n<\/td>\n<\/tr>\n<tr style=\"background-color: #e6faeb; border-color: #bed3e6; height: 183px;\">\n<td style=\"border-color: #aeb2d1; height: 183px; background-color: #ffffff;\">\n<p style=\"text-align: left;\"><span style=\"font-size: 10pt; color: #ff0000; background-color: #c2ddf0;\"><span style=\"font-size: 8pt; background-color: #c2ddf0;\"> <span style=\"text-decoration: underline;\"><strong>KONFERENCIJA 6 &#8211; 2023.<em>:<\/em><\/strong><\/span><\/span><\/span><\/p>\n<p style=\"text-align: center;\"><a href=\"https:\/\/anglophonia.ffzg.unizg.hr\/\"><strong><em>\u00b0<\/em><\/strong>&nbsp; <em><strong>ANGLOPHONIA: ENDLESSNESS<\/strong><\/em> <\/a><br \/>\nThe Faculty of Humanities and Social Sciences, Zagreb, Croatia<br \/>\n(11th to 13th May 2023)<br \/>\n<a href=\"https:\/\/anglist.ffzg.unizg.hr\/?p=43583\"><strong>\u00b0&nbsp;<\/strong>Program studentske konferencije Anglophonia 2023 (11.-13.5.)<\/a><\/p>\n<\/td>\n<\/tr>\n<tr style=\"background-color: #e6faeb; border-color: #bed3e6; height: 183px;\">\n<td style=\"border-color: #aeb2d1; height: 183px; background-color: #ffffff;\">\n<p style=\"text-align: left;\"><span style=\"font-size: 10pt; color: #ff0000; background-color: #c2ddf0;\"><span style=\"font-size: 8pt; background-color: #c2ddf0;\"> <span style=\"text-decoration: underline;\"><strong>KONFERENCIJA 5 &#8211; 2020.<em>:<\/em><\/strong><\/span><\/span><\/span><\/p>\n<p style=\"text-align: center;\"><span style=\"font-size: 10pt;\"><strong><a href=\"http:\/\/anglophonia.ffzg.unizg.hr\/\" target=\"_blank\" rel=\"noopener noreferrer\"><em>ANGLOPHONIA: HORIZONS<\/em><\/a><br \/>\nInternational Student Conference in English Studies<br \/>\n<em>Anglophonia<\/em> <\/strong>is the fifth international student conference in English studies organized by the English Student Club X.a. The conference will be held at the Faculty of Humanities and Social Sciences<strong><br \/>\nin Zagreb, May <em>7<\/em>-9, 2020<br \/>\n<span style=\"color: #ff0000;\">(<a style=\"color: #ff0000;\" href=\"http:\/\/anglophonia.ffzg.unizg.hr\/news\/anglophnia-horizons-cancelled\">cancelled<\/a>)<\/span><br \/>\n<\/strong><\/span><a href=\"http:\/\/anglophonia.ffzg.unizg.hr\/\" target=\"_blank\" rel=\"noopener noreferrer\"><strong>http:\/\/anglophonia.ffzg.unizg.hr\/<\/strong><\/a><br \/>\n<a href=\"http:\/\/xa.ffzg.unizg.hr\/en\/\" target=\"_blank\" rel=\"noopener noreferrer\"><strong>http:\/\/xa.ffzg.unizg.hr\/en\/<\/strong><\/a><\/p>\n<\/td>\n<\/tr>\n<tr style=\"background-color: #e6faeb; border-color: #bed3e6; height: 183px;\">\n<td style=\"border-color: #aeb2d1; height: 183px; background-color: #ffffff;\">\n<p style=\"text-align: left;\"><span style=\"font-size: 10pt; color: #ff0000; background-color: #c2ddf0;\"><span style=\"font-size: 8pt; background-color: #c2ddf0;\"> <span style=\"text-decoration: underline;\"><strong>KONFERENCIJA 4 &#8211; 2019.<em>:<\/em><\/strong><\/span><\/span><\/span><\/p>\n<p style=\"text-align: center;\"><span style=\"font-size: 10pt;\"><strong><a href=\"http:\/\/anglophonia.ffzg.unizg.hr\/\" target=\"_blank\" rel=\"noopener noreferrer\"><em>ANGLOPHONIA: NEW FRONTIERS<\/em><\/a><br \/>\nInternational Student Conference in English Studies<br \/>\n<em>Anglophonia<\/em> <\/strong>is the fourth international student conference in English studies organized by the English Student Club X.a. The conference will be held at the Faculty of Humanities and Social Sciences<strong><br \/>\nin Zagreb, May <em>9<\/em>-11, 2019<br \/>\n<\/strong><\/span><a href=\"http:\/\/anglophonia.ffzg.unizg.hr\/\" target=\"_blank\" rel=\"noopener noreferrer\"><strong>http:\/\/anglophonia.ffzg.unizg.hr\/<\/strong><\/a><br \/>\n<a href=\"http:\/\/xa.ffzg.unizg.hr\/en\/\" target=\"_blank\" rel=\"noopener noreferrer\"><strong>http:\/\/xa.ffzg.unizg.hr\/en\/<\/strong><\/a><\/p>\n<\/td>\n<\/tr>\n<tr style=\"background-color: #e6faeb; border-color: #bed3e6; height: 183px;\">\n<td style=\"border-color: #aeb2d1; height: 183px; background-color: #ffffff;\">\n<p style=\"text-align: left;\"><span style=\"font-size: 10pt; color: #ff0000; background-color: #c2ddf0;\"><span style=\"font-size: 8pt; background-color: #c2ddf0;\"> <span style=\"text-decoration: underline;\"><strong>KONFERENCIJA 3 &#8211; 2018.<em>:<\/em><\/strong><\/span><\/span><\/span><\/p>\n<p style=\"text-align: center;\"><span style=\"font-size: 10pt;\"><strong><em><span style=\"color: #ff0000;\">ANGLOPHONIA: VOICES AND PERSPECTIVES<\/span><\/em><br \/>\nInternational Student Conference<br \/>\nin English Studies<br \/>\n<em>Anglophonia<\/em> <\/strong>is the third international student conference in English studies organized by the English Student Club X.a. The conference will be held at the Faculty of Humanities and Social Sciences<strong><br \/>\nin Zagreb, May 3-5, 2018<br \/>\n<\/strong><\/span><a href=\"http:\/\/anglophonia.ffzg.unizg.hr\/\" target=\"_blank\" rel=\"noopener noreferrer\"><strong>http:\/\/anglophonia.ffzg.unizg.hr\/<\/strong><\/a><br \/>\n<a href=\"http:\/\/xa.ffzg.unizg.hr\/en\/\" target=\"_blank\" rel=\"noopener noreferrer\"><strong>http:\/\/xa.ffzg.unizg.hr\/en\/<\/strong><\/a><\/p>\n<\/td>\n<\/tr>\n<tr style=\"background-color: #f2faf9; border-color: #bed3e6; height: 183px;\">\n<td style=\"border-color: #aeb2d1; height: 183px; background-color: #ffffff;\">\n<p style=\"text-align: left;\"><span style=\"font-size: 10pt; color: #ff0000; background-color: #c2ddf0;\"><span style=\"font-size: 8pt; background-color: #c2ddf0;\"> <span style=\"text-decoration: underline;\"><strong>KONFERENCIJA 2 &#8211; 2017.<em>:<\/em><\/strong><\/span><\/span><\/span><\/p>\n<p style=\"text-align: center;\"><span style=\"font-size: 10pt;\"><strong><em><span style=\"color: #ff0000;\">ANGLOPHILIA<\/span><\/em><br \/>\nInternational Student Conference<br \/>\non English Studies<br \/>\n<em>Anglophilia<\/em> <\/strong>is an international student conference on English studies organized by the English Student Club X.a. The conference was held at the Faculty of Humanities and Social Sciences<strong><br \/>\nin Zagreb, May 4-6, 2017<\/strong><\/span><br \/>\n<a href=\"http:\/\/anglophilia.ffzg.unizg.hr\/\" target=\"_blank\" rel=\"noopener noreferrer\"><strong>http:\/\/anglophilia.ffzg.unizg.hr\/<\/strong><\/a><\/p>\n<\/td>\n<\/tr>\n<tr style=\"background-color: #fafaf2; border-color: #bed3e6; height: 183px;\">\n<td style=\"border-color: #aeb2d1; height: 183px; background-color: #ffffff;\">\n<p style=\"text-align: left;\"><span style=\"font-size: 10pt; background-color: #c2ddf0;\"><span style=\"font-size: 8pt; background-color: #c2ddf0;\">&nbsp;<span style=\"text-decoration: underline; color: #ff0000;\"> <strong>KONFERENCIJA 1 &#8211; 2016.:<\/strong><\/span><\/span><\/span><\/p>\n<p style=\"text-align: center;\"><span style=\"font-size: 10pt;\"><strong>Words to Works \u2013 International Student Conference on English Studies 2016<\/strong><\/span><br \/>\n<span style=\"font-size: 10pt;\"><strong>6 May \u2013 7 May 2016<\/strong><\/span><br \/>\n<a href=\"http:\/\/anglophilia.ffzg.unizg.hr\/2016-w2w\" target=\"_blank\" rel=\"noopener noreferrer\">http:\/\/anglophilia.ffzg.unizg.hr\/2016-w2w<\/a><\/p>\n<p>&nbsp;<\/p>\n<\/td>\n<\/tr>\n<\/tbody>\n<\/table>\n<p style=\"text-align: left;\"><span style=\"color: #006699; font-size: small;\"><strong>&nbsp;<\/strong><\/span><\/p>\n<table>\n<tbody>\n<tr>\n<td>ARHIVA<\/td>\n<\/tr>\n<tr>\n<td><span style=\"text-decoration: underline; font-size: 8pt;\"><span style=\"color: #6279a8; text-decoration: underline;\">u ak. god. 2023\/2024<\/span><\/span><br \/>\n<span style=\"font-size: 8pt;\">Predsjednica: Nika Keserovi\u0107<\/span><br \/>\n<span style=\"font-size: 8pt;\">Potpredsjednica: Meri \u017di\u017ei\u0107<\/span><br \/>\n<span style=\"font-size: 8pt;\">Tajnica: Lucia Ivan\u010dev<\/span><br \/>\n<span style=\"font-size: 8pt;\">Nadzorni odbor: Mateja Martinjak, Ivona Jurajec, Sofija \u0160\u010dapec<\/span><\/td>\n<\/tr>\n<tr>\n<td><span style=\"text-decoration: underline; font-size: 8pt;\"><span style=\"color: #6279a8; text-decoration: underline;\">do 5-2023<\/span><\/span><br \/>\n<span style=\"font-size: 8pt;\">Predsjednik: Mihael \u017deljko Crn\u010dec<\/span><br \/>\n<span style=\"font-size: 8pt;\">Potpredsjednica: Ivona Jurajec<\/span><br \/>\n<span style=\"font-size: 8pt;\">Tajnik: Mislav Franc<\/span><br \/>\n<span style=\"font-size: 8pt;\">Blagajnica: Tina Pola\u0161ek<\/span><br \/>\n<span style=\"font-size: 8pt;\">Nadzorni odbor: Brigita Ga\u0161pari\u0107, Mateja Martinjak, Nina Telarovi\u0107<\/span><\/td>\n<\/tr>\n<tr>\n<td><span style=\"text-decoration: underline; font-size: 8pt;\"><span style=\"color: #6279a8; text-decoration: underline;\">u ak. god. 2019\/2020<\/span><\/span><br \/>\n<span style=\"font-size: 8pt;\">Predsjednica: Marijana \u0160incek<\/span><br \/>\n<span style=\"font-size: 8pt;\">Potpredsjednik: David Gra\u010danin<\/span><br \/>\n<span style=\"font-size: 8pt;\">Tajnik: Luka Juri\u0107<\/span><br \/>\n<span style=\"font-size: 8pt;\">Blagajnica: Elvira Podi\u0107<\/span><br \/>\n<span style=\"font-size: 8pt;\">Nadzorni odbor: Dominik Abramovi\u0107, Brigita Ga\u0161pari\u0107, Mia Uremovi\u0107<\/span><\/td>\n<\/tr>\n<tr>\n<td><span style=\"text-decoration: underline; font-size: 8pt;\"><span style=\"color: #6279a8; text-decoration: underline;\">u ak. god. 2018\/2019<\/span><\/span><br \/>\n<span style=\"font-size: 8pt;\">Predsjednica: Marta Jurkovi\u0107<\/span><br \/>\n<span style=\"font-size: 8pt;\">Potpredsjednik: Neven Brlek<\/span><br \/>\n<span style=\"font-size: 8pt;\">Tajnica: Iva Gavran<\/span><br \/>\n<span style=\"font-size: 8pt;\">Blagajnica: Luce Drobac<\/span><br \/>\n<span style=\"font-size: 8pt;\">Nadzorni odbor: Leonarda Bla\u0161kovi\u0107, Luka Karaturovi\u0107, Mia Uremovi\u0107<\/span><\/td>\n<\/tr>\n<tr>\n<td><span style=\"text-decoration: underline; font-size: 8pt;\"><span style=\"color: #56799c; text-decoration: underline;\">u ak. god. 2017\/18<\/span><\/span><br \/>\n<span style=\"font-size: 8pt;\">Predsjednik: Marko Babi\u0107<\/span><br \/>\n<span style=\"font-size: 8pt;\">Potpredsjednik: Alen Obrazovi\u0107<\/span><br \/>\n<span style=\"font-size: 8pt;\">Tajnica: Tena Filetin<\/span><br \/>\n<span style=\"font-size: 8pt;\">Blagajnica: Anamarija Tkalec<\/span><br \/>\n<span style=\"font-size: 8pt;\">Nadzorni odbor: Lina Krnic, Dunja Pelin, Bla\u017e Ivankovi\u0107<\/span><\/td>\n<\/tr>\n<tr>\n<td><span style=\"font-size: 8pt;\"><span style=\"text-decoration: underline; color: #336699;\">u ak. god. 2016\/17<br \/>\n<\/span>Predsjednik: Ivica Je\u0111ud<br \/>\nDopredsjednik: Ivan Puh<br \/>\nTajnica: Dajana Novak<br \/>\nBlagajnik: Marko Babi\u0107<br \/>\nPredsjedni\u0161tvo: Petar Hokman, Karla Kurtoi\u0107, Sun\u010dana Sinkovi\u0107<br \/>\nNadzorni odbor: Andro Babi\u0107 (predsjednik), \u017deljka Boduljak, Martina \u017dugaj<span style=\"text-decoration: underline; color: #336699;\"><br \/>\n<\/span><\/span><\/td>\n<\/tr>\n<tr>\n<td><span style=\"font-size: 8pt;\"><span style=\"text-decoration: underline; color: #336699;\">u ak. god. 2015\/16<\/span><br \/>\nPredsjednik: Ivica Je\u0111ud<br \/>\nDopredsjednik: Ivan Puh <\/span><br \/>\n<span style=\"font-size: 8pt;\"> Tajnik: Andro Babi\u0107 <\/span><br \/>\n<span style=\"font-size: 8pt;\"> Nadzorni odbor: Martina \u017dugaj, Petar Hokman, Katarina Puljko <\/span><\/td>\n<\/tr>\n<tr>\n<td>\n<p><span style=\"font-size: 8pt;\"><span style=\"text-decoration: underline; color: #336699;\">u ak.god. 2014.\/15.<\/span><br \/>\nPredsjednica: Julija Savi\u0107<br \/>\nPotpredsjednik: Ivan Puh <\/span><br \/>\n<span style=\"font-size: 8pt;\"> Tajnica: Marija Kozjak <\/span><br \/>\n<span style=\"font-size: 8pt;\"> Nadzorni odbor: Roberta Kon\u010dar, Maja Lisac i Borna Mesi\u0107<\/span><\/p>\n<\/td>\n<\/tr>\n<\/tbody>\n<\/table>\n<p style=\"line-height: normal; text-align: justify;\"><span style=\"color: #3366ff;\">&nbsp;<\/span><\/p>\n<\/div>\n<p><span style=\"font-size: 8pt;\"><span style=\"text-decoration: underline; color: #336699;\">&nbsp;<\/span><\/span><\/p>\n","protected":false},"excerpt":{"rendered":"<p>Predsjednica: Marta Pocrn\u010di\u0107 Potpredsjednica: Sofija S\u010dapec Tajnica: Fedra \u0160aki\u0107 Blagajnik: Ruben Prstec Nadzorni odbor: Nika Keserovi\u0107, Lucia Ivan\u010dev, Meri \u017di\u017ei\u0107 e-mail klubanglistike@gmail.com web stranica kluba: http:\/\/xa.ffzg.unizg.hr\/ Facebook stranica:&nbsp;www.facebook.com\/klubxa &nbsp;AKTIVNOSTI: &nbsp; Big Sibling projekt KONFERENCIJA 7 &#8211; 2024.: \u00b0&nbsp; ANGLOPHONIA: FORKING PATHS The Faculty of Humanities and Social Sciences, Zagreb, Croatia (16th to 18th May 2024) [&hellip;]<\/p>\n","protected":false},"author":6,"featured_media":0,"parent":9436,"menu_order":0,"comment_status":"closed","ping_status":"closed","template":"","meta":{"ngg_post_thumbnail":0,"footnotes":""},"class_list":["post-9440","page","type-page","status-publish","hentry"],"_links":{"self":[{"href":"https:\/\/anglist.ffzg.unizg.hr\/index.php?rest_route=\/wp\/v2\/pages\/9440","targetHints":{"allow":["GET"]}}],"collection":[{"href":"https:\/\/anglist.ffzg.unizg.hr\/index.php?rest_route=\/wp\/v2\/pages"}],"about":[{"href":"https:\/\/anglist.ffzg.unizg.hr\/index.php?rest_route=\/wp\/v2\/types\/page"}],"author":[{"embeddable":true,"href":"https:\/\/anglist.ffzg.unizg.hr\/index.php?rest_route=\/wp\/v2\/users\/6"}],"replies":[{"embeddable":true,"href":"https:\/\/anglist.ffzg.unizg.hr\/index.php?rest_route=%2Fwp%2Fv2%2Fcomments&post=9440"}],"version-history":[{"count":88,"href":"https:\/\/anglist.ffzg.unizg.hr\/index.php?rest_route=\/wp\/v2\/pages\/9440\/revisions"}],"predecessor-version":[{"id":46180,"href":"https:\/\/anglist.ffzg.unizg.hr\/index.php?rest_route=\/wp\/v2\/pages\/9440\/revisions\/46180"}],"up":[{"embeddable":true,"href":"https:\/\/anglist.ffzg.unizg.hr\/index.php?rest_route=\/wp\/v2\/pages\/9436"}],"wp:attachment":[{"href":"https:\/\/anglist.ffzg.unizg.hr\/index.php?rest_route=%2Fwp%2Fv2%2Fmedia&parent=9440"}],"curies":[{"name":"wp","href":"https:\/\/api.w.org\/{rel}","templated":true}]}}