{"id":9436,"date":"2012-11-07T16:07:53","date_gmt":"2012-11-07T15:07:53","guid":{"rendered":"http:\/\/www.ffzg.unizg.hr\/anglist\/?page_id=9436"},"modified":"2024-01-23T18:24:05","modified_gmt":"2024-01-23T17:24:05","slug":"studentski-predstavnici","status":"publish","type":"page","link":"https:\/\/anglist.ffzg.unizg.hr\/?page_id=9436","title":{"rendered":"Studentski predstavnici"},"content":{"rendered":"<p style=\"line-height: normal; text-align: center;\"><span style=\"color: #336699; font-size: small;\"><strong><span style=\"font-size: 8pt;\">ODSJEK ZA ANGLISTIKU <br \/>\nPREDDIPLOMSKI I DIPLOMSKI STUDIJ<\/span> <span style=\"font-size: 8pt;\">ANGLISTIKE I SKANDINAVISTIKE<\/span><br \/>\nSTUDENTSKI PREDSTAVNICI <\/strong>2023.\/24.<br \/>\n<span style=\"color: #ff0000;\">Stranica je u procesu a\u017euriranja, pratiti promjene!<\/span><strong><br \/>\n<\/strong><\/span><\/p>\n<table style=\"line-height: normal; width: 78.9729%; height: 279px;\" border=\"0\">\n<tbody style=\"line-height: normal;\">\n<tr style=\"line-height: normal; background-color: #edf2f2; height: 17px;\">\n<td style=\"line-height: normal; width: 0.918274%; height: 17px;\" colspan=\"2\"><strong>Za engleski jezik i knji\u017eevnost:<br \/>\n<\/strong><\/td>\n<\/tr>\n<tr style=\"line-height: normal; height: 229px;\">\n<td style=\"line-height: normal; width: 0.918274%; height: 229px;\" colspan=\"2\">\n<p><span style=\"text-decoration: underline;\">PRIJEDIPLOMSKI STUDIJ<br \/>\n<\/span><br \/>\n<strong>1. godina:<br \/>\n<\/strong>Predstavnica: Matilda Pranji\u0107 (<a href=\"mailto:matipran@m.ffzg.hr\">matipran@m.ffzg.hr<\/a>)<br \/>\nZamjenica: Dorja Petra Gajan (<a href=\"mailto:dgajan@m.ffzg.hr\">dgajan@m.ffzg.hr<\/a>)<\/p>\n<p><strong>2. godina:<br \/>\n<\/strong> Predstavnica: Lucija Baji\u0107 (<a href=\"mailto:bajiclucija6@gmail.com\">bajiclucija6@gmail.com<\/a>)<br \/>\nZamjenica: Josipa Mra\u010di\u0107 (<a href=\"mailto:mracic.josipa@gmail.com\">mracic.josipa@gmail.com<\/a>)<\/p>\n<p><strong>3. godina:<br \/>\n<\/strong> Predstavnica: Tea Strahija (<a href=\"mailto:teastrahija@gmail.com\">teastrahija@gmail.com<\/a>)<br \/>\nZamjenica: Nicol Radovani\u0107 (<a href=\"mailto:nicol.radovanic02@gmail.com\">nicol.radovanic02@gmail.com<\/a>)<\/p>\n<p><span style=\"text-decoration: underline;\">DIPLOMSKI STUDIJ<br \/>\n<\/span><br \/>\n<strong>1. godina<br \/>\n<\/strong>Predstavnik: Emil Fileti\u0107 (<a href=\"mailto:efiletic@m.ffzg.hr\">efiletic@m.ffzg.hr<\/a>)<br \/>\nZamjenica: Lana Krajinovi\u0107 (<a href=\"mailto:lana.krajinovich@gmail.com\">lana.krajinovich@gmail.com<\/a>)<\/p>\n<p><strong>2. godina<br \/>\n<\/strong>Predstavnica: Josipa Milardovi\u0107 (<a href=\"mailto:jmilardo@m.ffzg.hr\">jmilardo@m.ffzg.hr<\/a>)<br \/>\nZamjenica: Emilija Sinjeri (<a href=\"mailto:e.sinjeri@hotmail.com\">e.sinjeri@hotmail.com<\/a>)<\/p>\n<p>&nbsp;<\/p>\n<\/td>\n<\/tr>\n<tr style=\"line-height: normal; background-color: #edf2f2; height: 15.6667px;\">\n<td style=\"line-height: normal; background-color: #d5f5da; height: 15.6667px; width: 0.918274%;\" colspan=\"2\"><strong>Za \u0161vedski jezik i kulturu:<\/strong><\/td>\n<\/tr>\n<tr>\n<td style=\"line-height: normal; width: 0.918274%;\" colspan=\"2\">\n<p><strong><br \/>\n<\/strong><span style=\"text-decoration: underline;\">PRIJEDIPLOMSKI STUDIJ<\/span><\/p>\n<p><strong>1. godina<\/strong><br \/>\nPredstavnica: Maja Rakoni\u0107 (<a href=\"mailto:mrakonic@m.ffzg.hr\">mrakonic@m.ffzg.hr<\/a>)<\/p>\n<p><strong>2. godina<\/strong><br \/>\nPredstavnica: Vesna Tomi\u0107 (<a href=\"mailto:vetomic@ffzg.hr\">vetomic@ffzg.hr<\/a>)<\/p>\n<p><strong>3. godina<\/strong><br \/>\nPredstavnica: Nika Bol\u010devi\u0107 (<a href=\"mailto:nbolcevi@m.ffzg.hr\">nbolcevi@m.ffzg.hr<\/a>)<\/p>\n<p><span style=\"text-decoration: underline;\">DIPLOMSKI STUDIJ<br \/>\n<\/span><strong><br \/>\n1. godina<br \/>\n<\/strong>Predstavnik: Ivan Vladi\u0107 (<a href=\"mailto:ivvladic@m.ffzg.hr\">ivvladic@m.ffzg.hr<\/a>)<\/p>\n<p><strong>2. godina<br \/>\n<\/strong>Predstavnica: Sara Mali\u0107 (<a href=\"mailto:smalic@ffzg.hr\">smalic@ffzg.hr<\/a>)<\/p>\n<\/td>\n<\/tr>\n<\/tbody>\n<\/table>\n<p><span style=\"color: #999999; font-size: 8pt;\">________________________<\/span><br \/>\n<span style=\"color: #999999; font-size: 8pt;\">Objavljeno 23.1.2024.<\/span><\/p>\n<p style=\"line-height: normal; text-align: center;\">***<\/p>\n<table>\n<tbody>\n<tr>\n<td style=\"background-color: #e1e8eb;\"><span style=\"color: #336699;\">ARHIVA:<\/span><\/td>\n<\/tr>\n<\/tbody>\n<\/table>\n<p><span style=\"font-size: 8pt;\">Studentski predstavnici 2022.\/2023.<\/span><\/p>\n<table style=\"line-height: normal; width: 78.9729%; height: 279px;\" border=\"0\">\n<tbody style=\"line-height: normal;\">\n<tr style=\"line-height: normal; background-color: #edf2f2; height: 17px;\">\n<td style=\"line-height: normal; width: 0.918274%; height: 17px;\" colspan=\"2\"><span style=\"font-size: 8pt;\"><strong>Za engleski jezik i knji\u017eevnost:<br \/>\n<\/strong><\/span><\/td>\n<\/tr>\n<tr style=\"line-height: normal; height: 229px;\">\n<td style=\"line-height: normal; width: 0.918274%; height: 229px;\" colspan=\"2\">\n<p><span style=\"text-decoration: underline; font-size: 8pt;\">PREDDIPLOMSKI STUDIJ<\/span><br \/>\n<span style=\"font-size: 8pt;\"><strong>1. godina:<br \/>\n<\/strong>Predstavnica: Lucija Baji\u0107 (<a href=\"http:\/\/bajiclucija6@gmail.com\" rel=\"noreferrer\">bajiclucija6@gmail.com<\/a>)<\/span><br \/>\n<span style=\"font-size: 8pt;\">Zamjenica: Keti \u010covi\u0107 (<a href=\"mailto:penelopa.neka@gmail.com\">penelopa.neka@gmail.com<\/a>)<\/span><\/p>\n<p><span style=\"font-size: 8pt;\"><strong>2. godina:<br \/>\n<\/strong> Predstavnik:<\/span><br \/>\n<span style=\"font-size: 8pt;\">Zamjenik:<\/span><\/p>\n<p><span style=\"font-size: 8pt;\"><strong>3. godina:<br \/>\n<\/strong> Predstavnik:<\/span><br \/>\n<span style=\"font-size: 8pt;\">Zamjenik:&nbsp;<\/span><\/p>\n<p><span style=\"text-decoration: underline; font-size: 8pt;\">DIPLOMSKI STUDIJ<\/span><br \/>\n<span style=\"font-size: 8pt;\"><strong>1. godina<br \/>\n<\/strong>Predstavnik:&nbsp;<\/span><br \/>\n<span style=\"font-size: 8pt;\">Zamjenik:&nbsp;<\/span><\/p>\n<p><span style=\"font-size: 8pt;\"><strong>2. godina<br \/>\n<\/strong>Predstavnik: Josip Biondi\u0107 (<a href=\"mailto:biondic.josip@gmail.com\">biondic.josip@gmail.com<\/a>)<\/span><br \/>\n<span style=\"font-size: 8pt;\">Zamjenik: Patrik Posedi (<a href=\"mailto:pposedi@gmail.com\">pposedi@gmail.com<\/a>)<\/span><\/td>\n<\/tr>\n<tr style=\"line-height: normal; background-color: #edf2f2; height: 15.6667px;\">\n<td style=\"line-height: normal; background-color: #d5f5da; height: 15.6667px; width: 0.918274%;\" colspan=\"2\"><span style=\"font-size: 8pt;\"><strong>Za \u0161vedski jezik i kulturu:<\/strong><\/span><\/td>\n<\/tr>\n<tr>\n<td style=\"line-height: normal; width: 0.918274%;\" colspan=\"2\">\n<p><span style=\"font-size: 8pt;\"><strong><br \/>\n<\/strong><span style=\"text-decoration: underline;\">PREDDIPLOMSKI STUDIJ<\/span><\/span><\/p>\n<p><span style=\"font-size: 8pt;\"><strong>1. godina<\/strong><\/span><br \/>\n<span style=\"font-size: 8pt;\">Predstavnica: Mia \u0160karupka (<a href=\"mailto:mskarup@gmail.com\">mskarup@gmail.com<\/a>)<br \/>\nZamjenica: Viktoria Ulamec (<a href=\"mailto:viktoria.ulamec@gmail.com\">viktoria.ulamec@gmail.com<\/a>)<\/span><\/p>\n<p><span style=\"font-size: 8pt;\"><strong>2. godina<\/strong><\/span><br \/>\n<span style=\"font-size: 8pt;\">Predstavnik:<\/span><br \/>\n<span style=\"font-size: 8pt;\">Zamjenik:<\/span><\/p>\n<p><span style=\"font-size: 8pt;\"><strong>3. godina<\/strong><\/span><br \/>\n<span style=\"font-size: 8pt;\">Predstavnik:<\/span><br \/>\n<span style=\"font-size: 8pt;\">Zamjenik:<\/span><\/p>\n<p><span style=\"font-size: 8pt;\"><span style=\"text-decoration: underline;\">DIPLOMSKI STUDIJ<\/span><strong><br \/>\n1. godina<br \/>\n<\/strong>Predstavnik:<br \/>\nZamjenik:<br \/>\n<\/span><\/p>\n<p><span style=\"font-size: 8pt;\"><strong>2. godina<\/strong><\/span><br \/>\n<span style=\"font-size: 8pt;\">Predstavnica: Laura Mari\u0107 (<a href=\"mailto:lauramaric245@gmail.com\">lauramaric245@gmail.com<\/a>)<\/span><br \/>\n<span style=\"font-size: 8pt;\">Zamjenik: Sandra Razum (<a href=\"mailto:sandra.razum22@gmail.com\">sandra.razum22@gmail.com<\/a>)<\/span><\/p>\n<\/td>\n<\/tr>\n<\/tbody>\n<\/table>\n<p><span style=\"font-size: 8pt;\">Studentski predstavnici 2021.\/2022.<\/span><\/p>\n<table style=\"line-height: normal; width: 78.9729%; height: 279px;\" border=\"0\">\n<tbody style=\"line-height: normal;\">\n<tr style=\"line-height: normal; background-color: #edf2f2; height: 17px;\">\n<td style=\"line-height: normal; width: 0.918274%; height: 17px;\" colspan=\"2\"><span style=\"font-size: 8pt;\"><strong>Za engleski jezik i knji\u017eevnost:<br \/>\n<\/strong><\/span><\/td>\n<\/tr>\n<tr style=\"line-height: normal; height: 229px;\">\n<td style=\"line-height: normal; width: 0.918274%; height: 229px;\" colspan=\"2\">\n<p><span style=\"text-decoration: underline; font-size: 8pt;\">PREDDIPLOMSKI STUDIJ<\/span><br \/>\n<span style=\"font-size: 8pt;\"><strong>1. godina:<br \/>\n<\/strong>Predstavnica: Tea Strahija (<a href=\"mailto:teastrahija@gmail.com\" rel=\"noreferrer\">teastrahija@gmail.com<\/a>)<\/span><br \/>\n<span style=\"font-size: 8pt;\">Zamjenica: Nicol Radovani\u0107 (<a href=\"mailto:nicol.radovanic02@gmail.com\" rel=\"noreferrer\">nicol.radovanic02@gmail.com<\/a> ; <a href=\"mailto:nradovan@m.ffzg.hr\" rel=\"noreferrer\">nradovan@m.ffzg.hr<\/a>)<\/span><\/p>\n<p><span style=\"font-size: 8pt;\"><strong>2. godina:<br \/>\n<\/strong> Predstavnica: Lea Bedi\u0107 (<a href=\"mailto:lea.bedich@gmail.com\" rel=\"noreferrer\">lea.bedich@gmail.com<\/a>) <\/span><br \/>\n<span style=\"font-size: 8pt;\">Zamjenica: Karla Ferderber (<a href=\"mailto:karla.ferderber@gmail.com\" rel=\"noreferrer\">karla.ferderber@gmail.com<\/a>) <\/span><\/p>\n<p><span style=\"font-size: 8pt;\"><strong>3. godina:<br \/>\n<\/strong> Predstavnik: Nikola Ple\u0161e (<a href=\"mailto:nikolaplese@gmail.com\" rel=\"noreferrer\">nikolaplese@gmail.com<\/a>)<\/span><br \/>\n<span style=\"font-size: 8pt;\">Zamjenica: Anamarija \u0160ingerberger (<a href=\"mailto:anamarija.singerberger@gmail.com\" rel=\"noreferrer\">anamarija.singerberger@gmail.com<\/a>)<\/span><\/p>\n<p><span style=\"text-decoration: underline; font-size: 8pt;\">DIPLOMSKI STUDIJ<\/span><br \/>\n<span style=\"font-size: 8pt;\"><strong>1. godina<br \/>\n<\/strong>Predstavnik: Mihael \u017deljko Crn\u010dec (<a href=\"mailto:mihael.crncec@gmail.com\" rel=\"noreferrer\">mihael.crncec@gmail.com<\/a>)<\/span><br \/>\n<span style=\"font-size: 8pt;\">Zamjenica: Tina Pola\u0161ek (<a href=\"mailto:tinapolasek50@gmail.com\" rel=\"noreferrer\">tinapolasek50@gmail.com<\/a>)<\/span><\/p>\n<p><span style=\"font-size: 8pt;\"><strong>2. godina<br \/>\n<\/strong>Predstavnica: Ena Belamari\u0107 (<a href=\"mailto:ena.belamaric@gmail.com\" rel=\"noreferrer\">ena.belamaric@gmail.com<\/a>)<\/span><br \/>\n<span style=\"font-size: 8pt;\">Zamjenik: Leonardo M\u00fcller (<a href=\"mailto:leonardo12085@gmail.com\" rel=\"noreferrer\">leonardo12085@gmail.com<\/a>)<\/span><\/td>\n<\/tr>\n<tr style=\"line-height: normal; background-color: #edf2f2; height: 15.6667px;\">\n<td style=\"line-height: normal; background-color: #d5f5da; height: 15.6667px; width: 0.918274%;\" colspan=\"2\"><span style=\"font-size: 8pt;\"><strong>Za \u0161vedski jezik i kulturu:<\/strong><\/span><\/td>\n<\/tr>\n<tr>\n<td style=\"line-height: normal; width: 0.918274%;\" colspan=\"2\">\n<p><span style=\"font-size: 8pt;\"><strong><br \/>\n<\/strong><span style=\"text-decoration: underline;\">PREDDIPLOMSKI STUDIJ<\/span><\/span><\/p>\n<p><span style=\"font-size: 8pt;\"><strong>1. godina<\/strong><\/span><br \/>\n<span style=\"font-size: 8pt;\">Predstavnica: Ana Jura\u0161inovi\u0107 (<a href=\"mailto:jurasinovic.ana@gmail.com\" rel=\"noreferrer\">jurasinovic.ana@gmail.com<\/a>)<\/span><\/p>\n<p><span style=\"font-size: 8pt;\"><strong>2. godina<\/strong><\/span><br \/>\n<span style=\"font-size: 8pt;\">Predstavnica: Mihaela \u0160kot (<a href=\"mailto:ela.skot@gmail.com\" rel=\"noreferrer\">ela.skot@gmail.com<\/a>)<\/span><\/p>\n<p><span style=\"font-size: 8pt;\"><strong>3. godina<\/strong><\/span><br \/>\n<span style=\"font-size: 8pt;\">Predstavnica: Sara Mali\u0107 (<a href=\"mailto:smalic2202@gmail.com\" rel=\"noreferrer\">smalic2202@gmail.com<\/a>)<\/span><\/p>\n<p><span style=\"font-size: 8pt;\"><span style=\"text-decoration: underline;\">DIPLOMSKI STUDIJ<\/span><strong><br \/>\n1. godina<br \/>\n<\/strong>Predstavnica: Laura Mari\u0107 (<a href=\"mailto:lauramaric245@gmail.com\">lauramaric245@gmail.com<\/a>)<\/span><\/p>\n<p><span style=\"font-size: 8pt;\"><strong>2. godina<\/strong><\/span><br \/>\n<span style=\"font-size: 8pt;\">Predstavnica: Eva O\u017eeg (<a href=\"mailto:evaozeg@gmail.com\" rel=\"noreferrer\">evaozeg@gmail.com<\/a>)<\/span><\/p>\n<\/td>\n<\/tr>\n<\/tbody>\n<\/table>\n<p><span style=\"font-size: 8pt;\">Studentski predstavnici 2020.\/2021.<\/span><\/p>\n<table style=\"line-height: normal; width: 78.9729%; height: 271px;\" border=\"0\">\n<tbody style=\"line-height: normal;\">\n<tr style=\"line-height: normal; background-color: #edf2f2; height: 17px;\">\n<td style=\"line-height: normal; width: 1.71233%; height: 17px;\" colspan=\"2\"><span style=\"font-size: 8pt;\"><strong>Za engleski jezik i knji\u017eevnost:<br \/>\n<\/strong><\/span><\/td>\n<\/tr>\n<tr style=\"line-height: normal; height: 229px;\">\n<td style=\"line-height: normal; width: 1.71233%; height: 229px;\" colspan=\"2\">\n<p><span style=\"font-size: 8pt;\">PREDDIPLOMSKI STUDIJ<\/span><br \/>\n<span style=\"font-size: 8pt;\"><strong>1. godina<br \/>\n<\/strong>Predstavnica: Lucija Bara\u0107 (<a href=\"https:\/\/webmail.ffzg.hr\/src\/compose.php?send_to=lucijabarac03@gmail.com\">lucijabarac03@gmail.com<\/a>)<\/span><br \/>\n<span style=\"font-size: 8pt;\">Zamjenica: Petra Kova\u010di\u0107 (<a href=\"https:\/\/webmail.ffzg.hr\/src\/compose.php?send_to=petra.kovacicc@gmail.com\">petra.kovacicc@gmail.com<\/a>)<strong><br \/>\n2. godina<br \/>\n<\/strong>Predstavnik: Nikola Ple\u0161e (<a href=\"https:\/\/webmail.ffzg.hr\/src\/compose.php?send_to=nikolaplese@gmail.com\">nikolaplese@gmail.com<\/a>)<\/span><br \/>\n<span style=\"font-size: 8pt;\">Zamjenik: Nino \u0160atrak (<a href=\"https:\/\/webmail.ffzg.hr\/src\/compose.php?send_to=ninosatrak@gmail.com\">ninosatrak@gmail.com<\/a>)<\/span><br \/>\n<span style=\"font-size: 8pt;\"><strong>3. godina<br \/>\n<\/strong>Predstavnik: Mihael \u017deljko Crn\u010dec (<a href=\"https:\/\/webmail.ffzg.hr\/src\/compose.php?send_to=mihael.crncec@gmail.com\">mihael.crncec@gmail.com<\/a>)<\/span><br \/>\n<span style=\"font-size: 8pt;\">Zamjenica: Mateja Martinjak (<a href=\"https:\/\/webmail.ffzg.hr\/src\/compose.php?send_to=mateja.martinjak157@gmail.com\">mateja.martinjak157@gmail.com<\/a>)<\/span><\/p>\n<p><span style=\"font-size: 8pt;\">DIPLOMSKI STUDIJ<\/span><br \/>\n<span style=\"font-size: 8pt;\"><strong>1. godina<br \/>\n<\/strong>Predstavnica: Brigita Ga\u0161pari\u0107 (<a href=\"https:\/\/webmail.ffzg.hr\/src\/compose.php?send_to=brigitagasparic228428@gmail.com\">brigitagasparic228428@gmail.com<\/a>)<\/span><br \/>\n<span style=\"font-size: 8pt;\">Zamjenica: Ena Belamari\u0107 (<a href=\"https:\/\/webmail.ffzg.hr\/src\/compose.php?send_to=ena.belamaric@gmail.com\">ena.belamaric@gmail.com<\/a>)<strong><br \/>\n2 godina<br \/>\n<\/strong>Predstavnica: Iva Aras (<a href=\"https:\/\/webmail.ffzg.hr\/src\/compose.php?send_to=ivy37x@gmail.com\">ivy37x@gmail.com<\/a>)<\/span><br \/>\n<span style=\"font-size: 8pt;\">Zamjenica: Ivana Ramljak (<a href=\"https:\/\/webmail.ffzg.hr\/src\/compose.php?send_to=ramljakivana735@gmail.com\">ramljakivana735@gmail.com<\/a>)<\/span><\/p>\n<\/td>\n<\/tr>\n<tr style=\"line-height: normal; background-color: #edf2f2; height: 15.6667px;\">\n<td style=\"line-height: normal; width: 1.71233%; background-color: #d5f5da; height: 15px;\" colspan=\"2\"><span style=\"font-size: 8pt;\"><strong>Za \u0161vedski jezik i kulturu:<\/strong><\/span><\/td>\n<\/tr>\n<tr style=\"line-height: normal; height: 229px;\">\n<td style=\"line-height: normal; width: 1.71233%; height: 10px;\" colspan=\"2\">&nbsp;<\/td>\n<\/tr>\n<\/tbody>\n<\/table>\n<p style=\"line-height: normal; text-align: left;\"><span style=\"color: #b4c1cf; font-size: 8pt;\"><strong>____________________________________ <\/strong><\/span><br \/>\n<span style=\"color: #b4c1cf; font-size: 8pt;\"><span style=\"color: #75899e;\">objavljeno 19.11.2020.<\/span><br \/>\n<\/span><\/p>\n<p><span style=\"font-size: 8pt;\">Studentski predstavnici 2019.\/2020.<\/span><\/p>\n<table style=\"line-height: normal; width: 584px; height: 279px;\" border=\"0\">\n<tbody style=\"line-height: normal;\">\n<tr style=\"line-height: normal; background-color: #edf2f2; height: 17px;\">\n<td style=\"line-height: normal; width: 278.167px; height: 17px;\" colspan=\"2\"><span style=\"font-size: 8pt;\"><strong>Za engleski jezik i knji\u017eevnost:<br \/>\n<\/strong><\/span><\/td>\n<\/tr>\n<tr style=\"line-height: normal; height: 229px;\">\n<td style=\"line-height: normal; width: 278.167px; height: 229px;\" colspan=\"2\"><span style=\"font-size: 8pt;\">1. godina: predstavnik: Nikola Ple\u0161e (nikolaplese@gmail.com,), zamjenik: Nino \u0160atrak (ninosatrak@gmail.com,)<\/span><br \/>\n<span style=\"font-size: 8pt;\">2. godina: predstavnik: Mihael \u017deljko Crn\u010dec (mihael.crncec@gmail.com,), zamjenica: Mateja Martinjak (mateja.martinjak157@gmail.com,)<\/span><br \/>\n<span style=\"font-size: 8pt;\">3. godina: predstavnica: Hana Milivojevi\u0107 (hanamiliv@gmail.com,), zamjenica: Iris Deli\u0107 (iris.delic@gmail.com,)<\/span><br \/>\n<span style=\"font-size: 8pt;\">1. godina diplomskog studija: Mia Uremovi\u0107 (uremovic.mia@gmail.com,), zamjenica: Vladimira Mili\u0107 (vladimiramilic@gmail.com,)<\/span><br \/>\n<span style=\"font-size: 8pt;\">2. godina diplomskog studija: predstavnica: Mirta Stameni\u0107 (mirta.stamenic@gmail.com,), zamjenica: Una Pe\u0107ina-Milisavljevi\u0107 (una.pecina@gmail.com,)<\/span><\/td>\n<\/tr>\n<tr style=\"line-height: normal; background-color: #edf2f2; height: 15.6667px;\">\n<td style=\"line-height: normal; width: 278.167px; background-color: #d5f5da; height: 15.6667px;\" colspan=\"2\"><span style=\"font-size: 8pt;\"><strong>Za \u0161vedski jezik i kulturu:<\/strong><\/span><\/td>\n<\/tr>\n<tr style=\"line-height: normal; height: 229px;\">\n<td style=\"line-height: normal; width: 278.167px; height: 229px;\" colspan=\"2\">\n<p><span style=\"font-size: 8pt;\">1. godina: Paula Klasi\u0107 (pajamaja11@gmail.com,), zamjenica: Bo\u017eena Klari\u0107 (bozena.klaric9@gmail.com <\/span><br \/>\n<span style=\"font-size: 8pt;\">2. godina: Laura Mari\u0107 (lauramaric245@gmail.com), zamjenica: Sandra Razum (sandra.razum22@gmail.com)<\/span><br \/>\n<span style=\"font-size: 8pt;\">3. godina: Eva O\u017eeg (evaozeg@gmail.com,), zamjenica: Lorena Jerbi\u0107 (lorena.jerbic@gmail.com,)<\/span><br \/>\n<span style=\"font-size: 8pt;\">1. godina diplomskog studija (Ana Lali\u0107, analalic0208@gmail.com,), zamjenica: Lucija Grgi\u0107 (lgrgic1997@gmail.com,)<\/span><br \/>\n<span style=\"font-size: 8pt;\">2. godina diplomskog studija: Ivana Ramljak (ramljakivana735@gmail.com,), zamjenica: Dora Lam Doli\u010dki (doralam996@gmail.com,)<\/span><\/p>\n<\/td>\n<\/tr>\n<\/tbody>\n<\/table>\n<p style=\"line-height: normal; text-align: left;\"><span style=\"color: #b4c1cf; font-size: 8pt;\"><strong>____________________________________ <\/strong><\/span><br \/>\n<span style=\"color: #b4c1cf; font-size: 8pt;\">objavljeno 25.11.2019.<br \/>\n<\/span><\/p>\n<p style=\"text-align: center;\"><span style=\"font-size: 8pt;\">***<br \/>\n<\/span><\/p>\n<p style=\"text-align: left;\"><span style=\"font-size: 8pt;\">Studentski predstavnici 2018\/19.<\/span><\/p>\n<table style=\"line-height: normal; width: 584px; height: 279px;\" border=\"0\">\n<tbody style=\"line-height: normal;\">\n<tr style=\"line-height: normal; background-color: #edf2f2; height: 17px;\">\n<td style=\"line-height: normal; width: 278.167px; height: 17px;\" colspan=\"2\"><span style=\"font-size: 8pt;\"><strong>Za engleski jezik i knji\u017eevnost:<br \/>\n<\/strong><\/span><\/td>\n<\/tr>\n<tr style=\"line-height: normal; height: 229px;\">\n<td style=\"line-height: normal; width: 278.167px; height: 229px;\" colspan=\"2\"><span style=\"font-size: 8pt;\">1. godina preddiplomskog studija: <\/span><br \/>\n<span style=\"font-size: 8pt;\">predstavnik Mihael \u017deljko Crn\u010dec (mihael.crncec@gmail.com)<\/span><br \/>\n<span style=\"font-size: 8pt;\">i zamjenica Karla \u0160arac (karla.sarac1@gmail.com) <\/span><br \/>\n<span style=\"font-size: 8pt;\">2. godina preddiplomskog studija: <\/span><br \/>\n<span style=\"font-size: 8pt;\">predstavnica Brigita Ga\u0161pari\u0107 (brigitagasparic228428@gmail.com)<\/span><br \/>\n<span style=\"font-size: 8pt;\">i zamjenica Irma Kr\u010dan (irmakrcan@gmail.com) <\/span><br \/>\n<span style=\"font-size: 8pt;\">3. godina preddiplomskog studija: <\/span><br \/>\n<span style=\"font-size: 8pt;\">predstavnik Sven Matovi\u0107 (matovic.sven@gmail.com) <\/span><br \/>\n<span style=\"font-size: 8pt;\">i zamjenica Lucija Grgi\u0107 (lgrgic1997@gmail.com) <\/span><br \/>\n<span style=\"font-size: 8pt;\">1. godina diplomskog studija: <\/span><br \/>\n<span style=\"font-size: 8pt;\">predstavnica Ivana Ramljak (ramljakivana735@gmail.com) <\/span><br \/>\n<span style=\"font-size: 8pt;\">i zamjenica Una Pe\u0107ina-Milisavljevi\u0107 (una.pecina@gmail.com)<\/span><br \/>\n<span style=\"font-size: 8pt;\">2. godina diplomskog studija: <\/span><br \/>\n<span style=\"font-size: 8pt;\">predstavnica Iva Perica (pericaiva@gmail.com)<\/span><br \/>\n<span style=\"font-size: 8pt;\">i zamjenica Tena Filetin (filetin.tena@gmail.com) <\/span><\/p>\n<\/td>\n<\/tr>\n<tr style=\"line-height: normal; background-color: #edf2f2; height: 15.6667px;\">\n<td style=\"line-height: normal; width: 278.167px; background-color: #d5f5da; height: 15.6667px;\" colspan=\"2\"><span style=\"font-size: 8pt;\"><strong>Za \u0161vedski jezik i kulturu:<\/strong><\/span><\/td>\n<\/tr>\n<tr style=\"line-height: normal; height: 229px;\">\n<td style=\"line-height: normal; width: 278.167px; height: 229px;\" colspan=\"2\">\n<p><span style=\"font-size: 8pt;\">1. godina preddiplomskog studija: <\/span><br \/>\n<span style=\"font-size: 8pt;\">predstavnica Laura Mari\u0107 (lauramaric245@gmail.com)<\/span><br \/>\n<span style=\"font-size: 8pt;\">i zamjenica Sandra Razum (sandra.razum22@gmail.com)<\/span><br \/>\n<span style=\"font-size: 8pt;\">2. godina preddiplomskog studija:<\/span><br \/>\n<span style=\"font-size: 8pt;\">predstavnik Fran Bari\u0107 (franbaric@hotmail.com)<\/span><br \/>\n<span style=\"font-size: 8pt;\">i zamjenik Roko Krmpoti\u0107 (ratchet98@gmail.com)<\/span><br \/>\n<span style=\"font-size: 8pt;\">3. godina preddiplomskog studija: <\/span><br \/>\n<span style=\"font-size: 8pt;\">predstavnica Ana Depope (ana.depope259@gmail.com)<\/span><br \/>\n<span style=\"font-size: 8pt;\">i zamjenik Dean Posavec-Malok (posavecdean1@gmail.com)<\/span><br \/>\n<span style=\"font-size: 8pt;\">1. godina diplomskog studija: <\/span><br \/>\n<span style=\"font-size: 8pt;\">predstavnica Ivana Ramljak (ramljakivana735@gmail.com)<\/span><br \/>\n<span style=\"font-size: 8pt;\">2. godina diplomskog studija: <\/span><br \/>\n<span style=\"font-size: 8pt;\">predstavnica Ena Matacun (enam256@gmail.com)<\/span><br \/>\n<span style=\"font-size: 8pt;\">i zamjenica Iva Perica<\/span><\/p>\n<\/td>\n<\/tr>\n<\/tbody>\n<\/table>\n<p style=\"line-height: normal; text-align: left;\"><span style=\"color: #b4c1cf; font-size: 8pt;\"><strong>____________________________________ <\/strong><\/span><br \/>\n<span style=\"color: #b4c1cf; font-size: 8pt;\">objavljeno 9.11.2018.<br \/>\n<\/span><\/p>\n<p style=\"line-height: normal; text-align: center;\"><span style=\"font-size: 8pt;\">***<\/span><\/p>\n<p style=\"line-height: normal;\">&nbsp;<\/p>\n","protected":false},"excerpt":{"rendered":"<p>ODSJEK ZA ANGLISTIKU PREDDIPLOMSKI I DIPLOMSKI STUDIJ ANGLISTIKE I SKANDINAVISTIKE STUDENTSKI PREDSTAVNICI 2023.\/24. Stranica je u procesu a\u017euriranja, pratiti promjene! Za engleski jezik i knji\u017eevnost: PRIJEDIPLOMSKI STUDIJ 1. godina: Predstavnica: Matilda Pranji\u0107 (matipran@m.ffzg.hr) Zamjenica: Dorja Petra Gajan (dgajan@m.ffzg.hr) 2. godina: Predstavnica: Lucija Baji\u0107 (bajiclucija6@gmail.com) Zamjenica: Josipa Mra\u010di\u0107 (mracic.josipa@gmail.com) 3. godina: Predstavnica: Tea Strahija (teastrahija@gmail.com) Zamjenica: [&hellip;]<\/p>\n","protected":false},"author":6,"featured_media":0,"parent":0,"menu_order":0,"comment_status":"closed","ping_status":"closed","template":"","meta":{"ngg_post_thumbnail":0,"footnotes":""},"class_list":["post-9436","page","type-page","status-publish","hentry"],"_links":{"self":[{"href":"https:\/\/anglist.ffzg.unizg.hr\/index.php?rest_route=\/wp\/v2\/pages\/9436","targetHints":{"allow":["GET"]}}],"collection":[{"href":"https:\/\/anglist.ffzg.unizg.hr\/index.php?rest_route=\/wp\/v2\/pages"}],"about":[{"href":"https:\/\/anglist.ffzg.unizg.hr\/index.php?rest_route=\/wp\/v2\/types\/page"}],"author":[{"embeddable":true,"href":"https:\/\/anglist.ffzg.unizg.hr\/index.php?rest_route=\/wp\/v2\/users\/6"}],"replies":[{"embeddable":true,"href":"https:\/\/anglist.ffzg.unizg.hr\/index.php?rest_route=%2Fwp%2Fv2%2Fcomments&post=9436"}],"version-history":[{"count":119,"href":"https:\/\/anglist.ffzg.unizg.hr\/index.php?rest_route=\/wp\/v2\/pages\/9436\/revisions"}],"predecessor-version":[{"id":44750,"href":"https:\/\/anglist.ffzg.unizg.hr\/index.php?rest_route=\/wp\/v2\/pages\/9436\/revisions\/44750"}],"wp:attachment":[{"href":"https:\/\/anglist.ffzg.unizg.hr\/index.php?rest_route=%2Fwp%2Fv2%2Fmedia&parent=9436"}],"curies":[{"name":"wp","href":"https:\/\/api.w.org\/{rel}","templated":true}]}}