{"id":614,"date":"2012-05-02T16:16:54","date_gmt":"2012-05-02T15:16:54","guid":{"rendered":"http:\/\/www.ffzg.unizg.hr\/anglist\/test\/wp\/?page_id=614"},"modified":"2021-10-07T14:25:56","modified_gmt":"2021-10-07T13:25:56","slug":"prevoditeljski-raspored","status":"publish","type":"page","link":"https:\/\/anglist.ffzg.unizg.hr\/?page_id=614","title":{"rendered":"Prevoditeljski: raspored &#8211; zimski semestar"},"content":{"rendered":"<p style=\"line-height: normal; color: #336699;\" align=\"center\"><span style=\"font-size: small;\"><span style=\"color: #336699;\"><strong>DIPLOMSKI STUDIJ ANGLISTIKE: SMJER PREVODITELJSTVO<br \/>\nRASPORED PREDAVANJA<br \/>\n1. i 3. SEMESTAR 2021\/22.<br \/>\n<\/strong>(verzija od 22.9.2021. &#8211; pratite promjene)<strong><br \/>\n<\/strong><span style=\"color: #99ccff;\">__________________________________________________________________________________________<\/span><strong><br \/>\n<\/strong><\/span><\/span><\/p>\n<p><span style=\"font-size: small; color: #336699;\"><strong><span style=\"text-decoration: underline;\"><strong>1. SEMESTAR<\/strong><\/span><\/strong><\/span><span style=\"font-size: 10pt;\"><br \/>\n<\/span><span style=\"font-size: 10pt;\"><strong>Idiomatika i stilistika hrvatskoga jezika <\/strong><\/span><br \/>\n<span style=\"font-size: 10pt;\">predavanje (dr. sc. Anita Peti-Stanti\u0107)<\/span><br \/>\n<span style=\"font-size: 10pt;\"><strong>\u010det. 8:00 \u2013 9:30, D7<\/strong><\/p>\n<p><span style=\"font-family: georgia, palatino, serif;\">seminar (dr. sc. Ivana Ba\u0161i\u0107)<\/span><br \/>\n<span style=\"font-family: georgia, palatino, serif;\">pet. 15:30 \u2013 17:00, D2<\/span><br \/>\n<\/span><\/p>\n<p><span style=\"font-size: 10pt;\"><strong>Teorija prevo\u0111enja<\/strong> <br \/>\n(dr.sc. Snje\u017eana Veselica Majhut)<br \/>\nuto. 14:45 \u2013 16:15, A-105<br \/>\n\u010det. 12:30 \u2013 14:00, A-123<\/p>\n<p><\/span><span style=\"font-size: 10pt;\"><strong>Prevo\u0111enje znanstvenih tekstova<\/strong> <\/span><br \/>\n<span style=\"font-size: 10pt;\">(dr. sc. Ivana Ba\u0161i\u0107 i dr. Anda Bukvi\u0107 Pa\u017ein)<\/span><br \/>\n<span style=\"font-size: 10pt;\">(u obje grupe nastavu dr\u017ee obje nastavnice)<\/span><\/p>\n<p><span style=\"font-size: 10pt;\">Grupa A:<\/span><br \/>\n<span style=\"font-size: 10pt;\">uto. 10:15 \u2013 11:45, A 314<\/span><br \/>\n<span style=\"font-size: 10pt;\">\u010det. 15:30 \u2013 17:00, A104<\/span><\/p>\n<p><span style=\"font-size: 10pt;\">Grupa B:<br \/>\nuto. 13:15 \u2013 14:45, A 216<br \/>\n\u010det. 14:00 \u2013 15:30, A 104<\/p>\n<p><\/span><br \/>\n<span style=\"color: #336699; font-size: 10pt;\"><strong>3. SEMESTAR<\/strong><\/span><br \/>\n<span style=\"font-size: 10pt;\"><strong>Kognitivna lingvistika i prevo\u0111enje <\/strong><\/span><br \/>\n<span style=\"font-size: 10pt;\">(dr.sc. Milena \u017dic Fuchs i dr.sc. Janja \u010culig Suknai\u0107)<\/span><br \/>\n<span style=\"font-size: 10pt;\">uto. 8:45 \u2013 9:30, A 105<\/span><br \/>\n<span style=\"font-size: 10pt;\">\u010det. 16:15 \u2013 17:45, A 105<\/span><\/p>\n<p><span style=\"font-size: 10pt;\"><strong>Pragmalingvistika <\/strong><\/span><br \/>\n<span style=\"font-size: 10pt;\">(dr. sc. Marina Grubi\u0161i\u0107)<\/span><br \/>\n<span style=\"font-size: 10pt;\">uto. 13:15 \u2013 14:45, D2<\/span><br \/>\n<span style=\"font-size: 10pt;\">\u010det. 11:00 \u2013 11:45, D6<\/span><\/p>\n<p><span style=\"font-size: 10pt;\"><strong>Podru\u010dja prevoditeljske djelatnosti <\/strong><\/span><\/p>\n<p><span style=\"font-size: 10pt;\">Grupa 1 (dr. sc. Kristijan Nikoli\u0107)<\/span><br \/>\n<span style=\"font-size: 10pt;\">uto. 14:45 \u2013 16:15, A 219<\/span><br \/>\n<span style=\"font-size: 10pt;\">sri. 11:00 \u2013 12:30, A 104<\/span><\/p>\n<p><span style=\"font-size: 10pt;\">Grupa 2 (Vinko Zgaga)<\/span><br \/>\n<span style=\"font-size: 10pt;\">pon. 15.30 \u2013 17.00, A-104<\/span><br \/>\n<span style=\"font-size: 10pt;\">sri. 16:15 \u2013 17:45, A-123<\/span><\/p>\n<p><span style=\"font-size: 10pt;\">Grupa 3 (Vinko Zgaga)<\/span><br \/>\n<span style=\"font-size: 10pt;\">pon. 17.00 \u2013 18.30, A-104<\/span><br \/>\n<span style=\"font-size: 10pt;\">sri. 17:45 \u2013 19:15, A-123<\/span><\/p>\n<p><span style=\"font-size: 10pt;\"><strong>Leksikologija i leksikografija<\/strong><strong><br \/>\n<\/strong>(dr. sc. Janja \u010culig Suknai\u0107)<\/span><br \/>\n<span style=\"font-size: 10pt;\">\u010det 10:15-11:45, D5 <\/span><br \/>\n<span style=\"font-size: 10pt;\">pet 11:45-13:15, D5<\/span><\/p>\n<p><span style=\"font-size: 10pt;\"><\/p>\n<p><\/span><\/p>\n","protected":false},"excerpt":{"rendered":"<p>DIPLOMSKI STUDIJ ANGLISTIKE: SMJER PREVODITELJSTVO RASPORED PREDAVANJA 1. i 3. SEMESTAR 2021\/22. (verzija od 22.9.2021. &#8211; pratite promjene) __________________________________________________________________________________________ 1. SEMESTAR Idiomatika i stilistika hrvatskoga jezika predavanje (dr. sc. Anita Peti-Stanti\u0107) \u010det. 8:00 \u2013 9:30, D7 seminar (dr. sc. Ivana Ba\u0161i\u0107) pet. 15:30 \u2013 17:00, D2 Teorija prevo\u0111enja (dr.sc. Snje\u017eana Veselica Majhut) uto. 14:45 \u2013 [&hellip;]<\/p>\n","protected":false},"author":6,"featured_media":0,"parent":522,"menu_order":0,"comment_status":"closed","ping_status":"closed","template":"","meta":{"ngg_post_thumbnail":0,"footnotes":""},"class_list":["post-614","page","type-page","status-publish","hentry"],"_links":{"self":[{"href":"https:\/\/anglist.ffzg.unizg.hr\/index.php?rest_route=\/wp\/v2\/pages\/614","targetHints":{"allow":["GET"]}}],"collection":[{"href":"https:\/\/anglist.ffzg.unizg.hr\/index.php?rest_route=\/wp\/v2\/pages"}],"about":[{"href":"https:\/\/anglist.ffzg.unizg.hr\/index.php?rest_route=\/wp\/v2\/types\/page"}],"author":[{"embeddable":true,"href":"https:\/\/anglist.ffzg.unizg.hr\/index.php?rest_route=\/wp\/v2\/users\/6"}],"replies":[{"embeddable":true,"href":"https:\/\/anglist.ffzg.unizg.hr\/index.php?rest_route=%2Fwp%2Fv2%2Fcomments&post=614"}],"version-history":[{"count":103,"href":"https:\/\/anglist.ffzg.unizg.hr\/index.php?rest_route=\/wp\/v2\/pages\/614\/revisions"}],"predecessor-version":[{"id":40672,"href":"https:\/\/anglist.ffzg.unizg.hr\/index.php?rest_route=\/wp\/v2\/pages\/614\/revisions\/40672"}],"up":[{"embeddable":true,"href":"https:\/\/anglist.ffzg.unizg.hr\/index.php?rest_route=\/wp\/v2\/pages\/522"}],"wp:attachment":[{"href":"https:\/\/anglist.ffzg.unizg.hr\/index.php?rest_route=%2Fwp%2Fv2%2Fmedia&parent=614"}],"curies":[{"name":"wp","href":"https:\/\/api.w.org\/{rel}","templated":true}]}}