{"id":553,"date":"2012-05-01T16:59:27","date_gmt":"2012-05-01T15:59:27","guid":{"rendered":"http:\/\/www.ffzg.unizg.hr\/anglist\/test\/wp\/?page_id=553"},"modified":"2024-09-18T11:02:11","modified_gmt":"2024-09-18T10:02:11","slug":"upisi-diplomski","status":"publish","type":"page","link":"https:\/\/anglist.ffzg.unizg.hr\/?page_id=553","title":{"rendered":"Upisi: diplomski"},"content":{"rendered":"<p style=\"line-height: 1;\" align=\"center\"><span style=\"color: #336699; font-size: small;\"><strong> Odsjek za anglistiku<br \/>\nObavijesti o upisu na diplomski studij anglistike na FFZG<\/strong><br \/>\nAkademska godina 2024\/25.<br \/>\n<\/span><\/p>\n<p><span style=\"font-size: 10pt;\"><strong>Obavijest o upisu na diplomski studij anglistike na FFZG<\/strong><\/span><br \/>\n<span style=\"font-size: 10pt;\"><strong>Akademska godina 2024.\/25.<\/strong><\/span><\/p>\n<p>Uvjet za upis na diplomski studij Odsjeka za anglistiku FFZG je zavr\u0161en preddiplomski sveu\u010dili\u0161ni studij Anglistike. Posebnog kvalifikacijskog ispita nema, nego su svi studenti koji imaju valjan dokaz o zavr\u0161enom istovjetnom, dakle anglisti\u010dkom preddiplomskom studiju, automatski kvalificirani da se prijave za razredbeni postupak (rangiranje). Razredbeni postupak provodi se na temelju te\u017einskog prosjeka ocjena anglisti\u010dkih predmeta.<\/p>\n<p>&nbsp;&nbsp;&nbsp;&nbsp;&nbsp;&nbsp;&nbsp;&nbsp;&nbsp;&nbsp;&nbsp;&nbsp;&nbsp;&nbsp;&nbsp;&nbsp;&nbsp;&nbsp; *Te\u017einski prosjek ra\u010duna se tako da se zbroje umno\u0161ci ocjene i ECTS bodova svakog predmeta koji je uvjet za prijavu na diplomski studij. Za diplomski studij Anglistike uvjet su polo\u017eeni predmeti preddiplomskog studija Anglistike. Dobiveni zbroj treba podijeliti sa zbrojem ostvarenih ECTS bodova iz navedenih predmeta i rezultat je te\u017einski prosjek.<\/p>\n<p><span style=\"font-size: 10pt;\">Primjer:<\/span><\/p>\n<p><span style=\"font-size: 10pt;\">Kandidat iz predmeta A koji nosi 4 ECTS boda ima ocjenu 5, iz predmeta B koji nosi 4 ECTS boda ima ocjenu 4 i iz predmeta C koji nosi 3 ECTS boda ima ocjenu 3.<br \/>\n<\/span><span style=\"font-size: 10pt;\">4&#215;5 + 4&#215;4 + 3&#215;3 = 20 + 16 + 9 = 45<br \/>\n<\/span><span style=\"font-size: 10pt;\">45 \u00f7 (4+4+3) = 45 \u00f7 11 = 4,0909090909; te\u017einski prosjek zaokru\u017een na tri decimale je 4,091.<\/span><\/p>\n<ul>\n<li>Odsjek za anglistiku od prijavljenih kandidata na diplomski studij na temelju razredbenog postupka upisuje maksimalno 108 studenata na diplomski studij i to na na\u010din da se studenti ravnomjerno dijele na \u010detiri smjera, ovisno o te\u017einskom prosjeku i listi prioriteta:<\/li>\n<li>lingvisti\u010dki: maksimalno 27 (od toga najvi\u0161e 2 jednopredmetna)<\/li>\n<li>knji\u017eevno-kulturolo\u0161ki: maksimalno 27 (od toga najvi\u0161e 2 jednopredmetna)<\/li>\n<li>prevoditeljski: maksimalno 27 (od toga <strong>0<\/strong> (nula)<strong> jednopredmetnih<\/strong>)<\/li>\n<li>nastavni\u010dki: maksimalno 27 (<strong>nema jednopredmetnih<\/strong>)<\/li>\n<\/ul>\n<p>&nbsp;<\/p>\n<p>U ak. god. 2024.\/25. prijave za diplomski studij na FFZG vr\u0161it \u0107e se online, preko&nbsp;<a href=\"https:\/\/onlineupisi.ffzg.hr\/(S(llskj5cn0hc41vrw3hxsxufd))\/top_index.aspx\">aplikacije<\/a>&nbsp;izra\u0111ene za tu svrhu. Prvi upisni rok traje od 02. 09. do 20. 09. 2024. godine. Odluka je prodekana za nastavu i studente FFZG&nbsp;<strong>da se prijave studenata \u010dija dokumentacija kasni ne\u0107e uzimati u obzir<\/strong>, odnosno da se studenti s drugih sveu\u010dili\u0161ta koji zbog druk\u010dijih&nbsp;rokova jo\u0161 nemaju potpunu dokumentaciju za upis u na\u0161 diplomski smjer mogu prijaviti na <strong>drugi rok upisa<\/strong> u diplomski studij, koji se odvija 26. i 27. 09.<\/p>\n<p>U sklopu online prijave, studenti moraju ispuniti i&nbsp;<strong>listu<\/strong>&nbsp;<strong>prioriteta<\/strong>&nbsp;u kojoj \u0107e rangirati svoje prioritete usmjerenja (od 1 do 5), \u010dim bude dostupna u aplikaciji.&nbsp;Mjesta na smjerovima diplomskog studija na Odsjeku za anglistiku dodjeljivat \u0107e se prema listi prioriteta te na osnovu rezultata razredbenog postupka.&nbsp;<strong>Lista prioriteta je obvezuju\u0107a i nije mogu\u0107e naknadno mijenjati odabrane studijske programe<\/strong>. Prijave na diplomski studij bez liste prioriteta smatrat \u0107e se nepotpunima.<\/p>\n<p>Isto tako, pristupnici&nbsp;<strong>koji nisu zavr\u0161ili prijediplomski studij na Filozofskom fakultetu u Zagrebu<\/strong>&nbsp;moraju poslati&nbsp;<strong>ovjereni prijepis ocjena anglisti\u010dkih predmeta&nbsp;<\/strong>do&nbsp;<strong>20. rujna u podne (12:00h)<\/strong>&nbsp;u elektroni\u010dkom obliku na adrese markomajerovic@gmail.com&nbsp;<strong>i<\/strong>&nbsp;vzgaga@gmail.com. Po\u017eeljno je i da mati\u010dno sveu\u010dili\u0161te u prijepisu ocjena uklju\u010di i te\u017einski prosjek samo anglisti\u010dkih predmeta. Ukoliko im referada mati\u010dnog sveu\u010dili\u0161ta odbije dati izdvojeni prijepis ocjena za anglisti\u010dke predmete, kandidati su du\u017eni sami na cjelovitom prijepisu ocjena ozna\u010diti anglisti\u010dke kolegije i naglasiti da nisu mogli dobiti izra\u010dunati te\u017einski prosjek od mati\u010dnog sveu\u010dili\u0161ta. Prijave na diplomski studij bez izdvojenih\/posebno ozna\u010denih anglisti\u010dkih predmeta u prijepisu ocjena smatrat \u0107e se nepotpunima.<\/p>\n<p>Studenti koji su ve\u0107 upisani u diplomski studij anglistike, ali moraju formalno obaviti upis zbog druge studijske grupe du\u017eni su na mailove vzgaga@gmail.com i markomajerovic@gmail.com to javiti i navesti u koji su smjer upisani.<\/p>\n<p>Sve navedeno vrijedi i za <strong>drugi upisni rok, <\/strong>koji traje <strong>od 28. 09. do 30. 09. 2024. godine.<\/strong><\/p>\n<p>Molimo kandidate za upis da i dalje prate web stranice&nbsp;<a href=\"https:\/\/diplomski-upisi.ffzg.unizg.hr\/\">upisa na diplomske studije Fakulteta<\/a>&nbsp;i Odsjeka radi dodatnih informacija.<\/p>\n<p>&nbsp;<\/p>\n<p>Iz Odsjeka, 05. rujna 2024.<\/p>\n<p><span style=\"font-size: small;\"><strong><span style=\"background-color: #dce3e6;\">*&nbsp;<\/span> Uvjet za upis<\/strong> na diplomski studij Odsjeka za anglistiku FFZG je zavr\u0161en prijediplomski sveu\u010dili\u0161ni studij <strong>anglistike<\/strong><\/span><br \/>\n<span style=\"background-color: #c1dec3;\">*<\/span> Op\u0107e informacije o <a href=\"https:\/\/diplomski-upisi.ffzg.unizg.hr\/\" target=\"_blank\" rel=\"noopener noreferrer\">upisu na Diplomski studij na FF-u<\/a><\/p>\n<p><span style=\"font-size: small;\"><\/p>\n<p>\n<\/span><\/p>\n<p style=\"text-align: left;\" align=\"center\">&nbsp;<\/p>\n<p align=\"center\">&nbsp;<\/p>\n","protected":false},"excerpt":{"rendered":"<p>Odsjek za anglistiku Obavijesti o upisu na diplomski studij anglistike na FFZG Akademska godina 2024\/25. Obavijest o upisu na diplomski studij anglistike na FFZG Akademska godina 2024.\/25. Uvjet za upis na diplomski studij Odsjeka za anglistiku FFZG je zavr\u0161en preddiplomski sveu\u010dili\u0161ni studij Anglistike. Posebnog kvalifikacijskog ispita nema, nego su svi studenti koji imaju valjan dokaz [&hellip;]<\/p>\n","protected":false},"author":6,"featured_media":0,"parent":0,"menu_order":0,"comment_status":"closed","ping_status":"closed","template":"","meta":{"ngg_post_thumbnail":0,"footnotes":""},"class_list":["post-553","page","type-page","status-publish","hentry"],"_links":{"self":[{"href":"https:\/\/anglist.ffzg.unizg.hr\/index.php?rest_route=\/wp\/v2\/pages\/553","targetHints":{"allow":["GET"]}}],"collection":[{"href":"https:\/\/anglist.ffzg.unizg.hr\/index.php?rest_route=\/wp\/v2\/pages"}],"about":[{"href":"https:\/\/anglist.ffzg.unizg.hr\/index.php?rest_route=\/wp\/v2\/types\/page"}],"author":[{"embeddable":true,"href":"https:\/\/anglist.ffzg.unizg.hr\/index.php?rest_route=\/wp\/v2\/users\/6"}],"replies":[{"embeddable":true,"href":"https:\/\/anglist.ffzg.unizg.hr\/index.php?rest_route=%2Fwp%2Fv2%2Fcomments&post=553"}],"version-history":[{"count":257,"href":"https:\/\/anglist.ffzg.unizg.hr\/index.php?rest_route=\/wp\/v2\/pages\/553\/revisions"}],"predecessor-version":[{"id":46561,"href":"https:\/\/anglist.ffzg.unizg.hr\/index.php?rest_route=\/wp\/v2\/pages\/553\/revisions\/46561"}],"wp:attachment":[{"href":"https:\/\/anglist.ffzg.unizg.hr\/index.php?rest_route=%2Fwp%2Fv2%2Fmedia&parent=553"}],"curies":[{"name":"wp","href":"https:\/\/api.w.org\/{rel}","templated":true}]}}