{"id":47395,"date":"2025-03-26T14:41:57","date_gmt":"2025-03-26T13:41:57","guid":{"rendered":"https:\/\/anglist.ffzg.unizg.hr\/?page_id=47395"},"modified":"2025-05-06T14:03:46","modified_gmt":"2025-05-06T13:03:46","slug":"dogadanja","status":"publish","type":"page","link":"https:\/\/anglist.ffzg.unizg.hr\/?page_id=47395","title":{"rendered":"Doga\u0111anja"},"content":{"rendered":"<p><span style=\"color: #147d6b;\"><strong>DOGA\u0110ANJA NA ODSJEKU ZA ANGLISTIKU<\/strong><\/span><\/p>\n<table style=\"border-collapse: collapse; width: 100%; height: 162px;\">\n<tbody>\n<tr style=\"height: 27px;\">\n<td style=\"width: 100%; border-color: #e6eded; height: 27px; padding-left: 25px; border-style: solid;\"><strong>2025.<\/strong><\/td>\n<\/tr>\n<tr>\n<td style=\"width: 100%; border-color: #e6eded; padding-left: 25px; border-style: solid;\"><a href=\"https:\/\/anglist.ffzg.unizg.hr\/?p=47502\">Gostuju\u0107e predavanje prof. dr. sc. Martina Puchnera (15. svibnja 2025.)<\/a><\/td>\n<\/tr>\n<tr style=\"height: 27px;\">\n<td style=\"width: 100%; border-color: #e6eded; height: 27px; padding-left: 25px; border-style: solid;\"><a href=\"https:\/\/anglist.ffzg.unizg.hr\/?p=47380\">Donacija knjiga Irskoj zbirci Knji\u017enice Filozofskog fakulteta u Zagrebu (21.3.2025.)<\/a><\/td>\n<\/tr>\n<tr>\n<td style=\"width: 100%; border-color: #e6eded; padding-left: 25px; border-style: solid;\">&nbsp;<\/td>\n<\/tr>\n<tr style=\"height: 27px;\">\n<td style=\"width: 100%; border-color: #e6eded; height: 27px; padding-left: 25px; border-style: solid;\"><strong>2022.<\/strong><\/td>\n<\/tr>\n<tr style=\"height: 27px;\">\n<td style=\"width: 100%; border-color: #e6eded; height: 27px; padding-left: 25px; border-style: solid;\"><a href=\"https:\/\/anglist.ffzg.unizg.hr\/?p=41915\">Izlo\u017eba \u201ePovijest Irske u 10 rije\u010di\u201d (6. do 10. lipnja 2022.)<\/a><\/td>\n<\/tr>\n<tr>\n<td style=\"width: 100%; border-color: #e6eded; padding-left: 25px; border-style: solid;\">&nbsp;<\/td>\n<\/tr>\n<\/tbody>\n<\/table>\n","protected":false},"excerpt":{"rendered":"<p>DOGA\u0110ANJA NA ODSJEKU ZA ANGLISTIKU 2025. Gostuju\u0107e predavanje prof. dr. sc. Martina Puchnera (15. svibnja 2025.) Donacija knjiga Irskoj zbirci Knji\u017enice Filozofskog fakulteta u Zagrebu (21.3.2025.) &nbsp; 2022. Izlo\u017eba \u201ePovijest Irske u 10 rije\u010di\u201d (6. do 10. lipnja 2022.) &nbsp;<\/p>\n","protected":false},"author":6,"featured_media":0,"parent":0,"menu_order":0,"comment_status":"closed","ping_status":"closed","template":"","meta":{"ngg_post_thumbnail":0,"footnotes":""},"class_list":["post-47395","page","type-page","status-publish","hentry"],"_links":{"self":[{"href":"https:\/\/anglist.ffzg.unizg.hr\/index.php?rest_route=\/wp\/v2\/pages\/47395","targetHints":{"allow":["GET"]}}],"collection":[{"href":"https:\/\/anglist.ffzg.unizg.hr\/index.php?rest_route=\/wp\/v2\/pages"}],"about":[{"href":"https:\/\/anglist.ffzg.unizg.hr\/index.php?rest_route=\/wp\/v2\/types\/page"}],"author":[{"embeddable":true,"href":"https:\/\/anglist.ffzg.unizg.hr\/index.php?rest_route=\/wp\/v2\/users\/6"}],"replies":[{"embeddable":true,"href":"https:\/\/anglist.ffzg.unizg.hr\/index.php?rest_route=%2Fwp%2Fv2%2Fcomments&post=47395"}],"version-history":[{"count":9,"href":"https:\/\/anglist.ffzg.unizg.hr\/index.php?rest_route=\/wp\/v2\/pages\/47395\/revisions"}],"predecessor-version":[{"id":47507,"href":"https:\/\/anglist.ffzg.unizg.hr\/index.php?rest_route=\/wp\/v2\/pages\/47395\/revisions\/47507"}],"wp:attachment":[{"href":"https:\/\/anglist.ffzg.unizg.hr\/index.php?rest_route=%2Fwp%2Fv2%2Fmedia&parent=47395"}],"curies":[{"name":"wp","href":"https:\/\/api.w.org\/{rel}","templated":true}]}}