{"id":46115,"date":"2024-07-22T09:58:54","date_gmt":"2024-07-22T08:58:54","guid":{"rendered":"https:\/\/anglist.ffzg.unizg.hr\/?page_id=46115"},"modified":"2025-12-10T17:07:02","modified_gmt":"2025-12-10T16:07:02","slug":"prijelaz-na-novi-studij-za-studente-starog-studija","status":"publish","type":"page","link":"https:\/\/anglist.ffzg.unizg.hr\/?page_id=46115","title":{"rendered":"Prijelaz na novi studij za studente starog studija"},"content":{"rendered":"<p style=\"text-align: center;\"><span style=\"color: #166f70;\"><strong>Prijediplomski sveu\u010dili\u0161ni dvopredmetni studijski program<br \/>\nANGLISTIKA<br \/>\n<\/strong><\/span><\/p>\n<p style=\"text-align: center;\"><span style=\"font-size: 14pt; color: #166f70;\"><strong>Izlazna i prijelazna strategija<\/strong><\/span><\/p>\n<p>Od 2005\/06. godine izvodi se trogodi\u0161nji prijediplomski studij anglistike. Od akademske godine 2024\/25. po\u010dinje izvo\u0111enje reformiranog prijediplomskog studijskog programa anglistike.<br \/>\nStudenti koji su do 2023\/24. upisali prijediplomski studijski program anglistike nastavljaju studirati pod uvjetima po kojima su studijski program upisali (dakle 2. i 3. godinu studija upisuju dalje redovito po starom programu).<br \/>\nStudenti koji nisu ispunili sve obaveze starog studijskog programa zbog mirovanja studija, pada godine i sl. imaju dvije mogu\u0107nosti: zavr\u0161etak studija po starom programu ili prijelaz na novi studijski program. <br \/>\nAko se kolegiji starog studijskog programa vi\u0161e ne izvode ili su izmijenjeni (ne izvode se od 2024\/25. kolegiji 1. godine starog programa, od 2025\/26. kolegiji 2. godine staroga programa, od 2026\/27. kolegiji 3. godine staroga programa) student koji nije odslu\u0161ao neke obvezne kolegije ima adekvatne zamjenske kolegije.<\/p>\n<p style=\"text-align: center;\"><strong><span style=\"color: #166f70;\">Izlazna strategija<br \/>\n<\/span><\/strong><strong><span style=\"color: #166f70;\">(zavr\u0161avanje studija po starom programu)<\/span><\/strong><\/p>\n<p>Studenti koji su prijediplomski studij anglistike upisali do 2023\/24. zavr\u0161avaju studij redovito po uvjetima po kojima su upisali studij. Samo studenti koji nisu ispunili sve obaveze studijskog programa zbog mirovanja studija, pada godine i sl., a obvezni kolegiji starog programa se vi\u0161e ne izvode u reformiranom studijskom programu, upisat \u0107e ekvivalentne obavezne kolegije (popis kolegija naveden je u <a href=\"https:\/\/anglist.ffzg.unizg.hr\/wp-content\/uploads\/2024\/07\/ANGLISTIKA_strategija_izlazna_i_prijelazna_2024_2025_rev.pdf\" target=\"_blank\" rel=\"noopener\">.PDF dokumentu<\/a>).<\/p>\n<p style=\"text-align: center;\"><span style=\"color: #166f70;\"><strong>Prijelazna strategija<br \/>\n<\/strong><\/span><strong style=\"color: #166f70;\">(prijelaz sa starog na reformirani program)<\/strong><\/p>\n<p>Studenti koji su prijediplomski studij anglistike upisali po starom programu (upisan 2005\/06\u20132023\/24) mogu prije\u0107i na reformirani studijski program: od 2024\/25. na 1. godinu, od 2025\/26. na 2. godinu, od 2026\/27. na 3. godinu. <\/p>\n<p>Popis obveznih kolegija koji se priznaju ako su upisani po starom programu te popis novih obaveznih kolegija dostupni su u <a href=\"https:\/\/anglist.ffzg.unizg.hr\/wp-content\/uploads\/2024\/07\/ANGLISTIKA_strategija_izlazna_i_prijelazna_2024_2025_rev.pdf\" target=\"_blank\" rel=\"noopener\">.PDF dokumentu<\/a>.<strong><\/p>\n<p><\/strong>Za dodatne upite o prijelazu na reformirani prijediplomski studij javiti se elektroni\u010dkom po\u0161tom pro\u010delnici Odsjeka za anglistiku koja \u0107e pojedina\u010dne slu\u010dajeve rje\u0161avati u dogovoru s predstojnicima Katedre za engleski jezik, Katedre za englesku knji\u017eevnost i Katedre za amerikanistiku<strong>.<br \/>\n<\/strong>Za prijelaz na reformirani studijski program student mora Odsjeku predati molbu.<strong><br \/>\n<\/strong><\/p>\n<p>&nbsp;<\/p>\n<p>Pogledajte i <a href=\"https:\/\/anglist.ffzg.unizg.hr\/?p=48112\">Obavijest (26.9.2025.)<\/a><\/p>\n","protected":false},"excerpt":{"rendered":"<p>Prijediplomski sveu\u010dili\u0161ni dvopredmetni studijski program ANGLISTIKA Izlazna i prijelazna strategija Od 2005\/06. godine izvodi se trogodi\u0161nji prijediplomski studij anglistike. Od akademske godine 2024\/25. po\u010dinje izvo\u0111enje reformiranog prijediplomskog studijskog programa anglistike. Studenti koji su do 2023\/24. upisali prijediplomski studijski program anglistike nastavljaju studirati pod uvjetima po kojima su studijski program upisali (dakle 2. i 3. godinu [&hellip;]<\/p>\n","protected":false},"author":6,"featured_media":0,"parent":45217,"menu_order":0,"comment_status":"closed","ping_status":"closed","template":"","meta":{"ngg_post_thumbnail":0,"footnotes":""},"class_list":["post-46115","page","type-page","status-publish","hentry"],"_links":{"self":[{"href":"https:\/\/anglist.ffzg.unizg.hr\/index.php?rest_route=\/wp\/v2\/pages\/46115","targetHints":{"allow":["GET"]}}],"collection":[{"href":"https:\/\/anglist.ffzg.unizg.hr\/index.php?rest_route=\/wp\/v2\/pages"}],"about":[{"href":"https:\/\/anglist.ffzg.unizg.hr\/index.php?rest_route=\/wp\/v2\/types\/page"}],"author":[{"embeddable":true,"href":"https:\/\/anglist.ffzg.unizg.hr\/index.php?rest_route=\/wp\/v2\/users\/6"}],"replies":[{"embeddable":true,"href":"https:\/\/anglist.ffzg.unizg.hr\/index.php?rest_route=%2Fwp%2Fv2%2Fcomments&post=46115"}],"version-history":[{"count":22,"href":"https:\/\/anglist.ffzg.unizg.hr\/index.php?rest_route=\/wp\/v2\/pages\/46115\/revisions"}],"predecessor-version":[{"id":48638,"href":"https:\/\/anglist.ffzg.unizg.hr\/index.php?rest_route=\/wp\/v2\/pages\/46115\/revisions\/48638"}],"up":[{"embeddable":true,"href":"https:\/\/anglist.ffzg.unizg.hr\/index.php?rest_route=\/wp\/v2\/pages\/45217"}],"wp:attachment":[{"href":"https:\/\/anglist.ffzg.unizg.hr\/index.php?rest_route=%2Fwp%2Fv2%2Fmedia&parent=46115"}],"curies":[{"name":"wp","href":"https:\/\/api.w.org\/{rel}","templated":true}]}}