{"id":454,"date":"2012-04-27T17:51:36","date_gmt":"2012-04-27T16:51:36","guid":{"rendered":"http:\/\/www.ffzg.unizg.hr\/anglist\/test\/wp\/?page_id=454"},"modified":"2025-11-20T15:41:26","modified_gmt":"2025-11-20T14:41:26","slug":"knjizevni","status":"publish","type":"page","link":"https:\/\/anglist.ffzg.unizg.hr\/?page_id=454","title":{"rendered":"Knji\u017eevnost i kultura"},"content":{"rendered":"<p style=\"text-align: center;\">&nbsp;<span style=\"color: #336699;\"><strong>DIPLOMSKI STUDIJ &#8211; Knji\u017eevno-kulturolo\u0161ki smjer<\/strong> &nbsp; &nbsp; <\/span><\/p>\n<p><span style=\"font-size: small;\">a) ENGLESKA KNJI\u017dEVNOST I KULTURA\u2013 jednopredmetni i dvopredmetni A studij<\/span><br \/>\n<span style=\"font-size: small;\">b) AMERI\u010cKA KNJI\u017dEVNOST I KULTURA- jednopredmetni i dvopredmetni A studij <\/span><\/p>\n<table border=\"0\">\n<tbody>\n<tr>\n<td>\n<p><span style=\"color: #ffffff;\">xxxxx<\/span><br \/>\n<span style=\"font-size: 10pt;\"><a title=\"Knji\u017eevni : syllabus\" href=\"https:\/\/anglist.ffzg.unizg.hr\/?page_id=568\"><strong>Silabi i izvedbeni plan<\/strong><\/a><\/span><\/p>\n<p><a href=\"https:\/\/anglist.ffzg.unizg.hr\/?p=42254\"><span style=\"font-size: 10pt;\"><strong>Raspored predavanja<\/strong><\/span><\/a><\/p>\n<p><a href=\"https:\/\/anglist.ffzg.unizg.hr\/?page_id=48474\"><span style=\"font-size: 10pt;\"><strong>Ispitni rokovi<\/strong><\/span><\/a><\/p>\n<p><span style=\"font-size: 10pt;\"><a title=\"Hodogram-dipl-knjizevni\" href=\"https:\/\/anglist.ffzg.unizg.hr\/?p=199\"><strong>Hodogram<\/strong><\/a><\/span><\/p>\n<p><span style=\"font-size: 10pt;\"><a title=\"Diplomski rad (prijava i formular)\" href=\"https:\/\/anglist.ffzg.unizg.hr\/?page_id=1773\"><strong>Diplomski rad (prijava i formular)<\/strong><\/a><\/span><\/p>\n<\/td>\n<td style=\"line-height: 1;\"><span style=\"font-size: xx-small; color: #ffffff;\">x<\/span> <span style=\"font-size: xx-small; color: #ffffff;\">xx<br \/>\nxxxxx<\/span><\/p>\n<div>&nbsp;<\/div>\n<p><img decoding=\"async\" title=\"10-knjiznica\" src=\"https:\/\/anglist.ffzg.unizg.hr\/wp-content\/uploads\/2012\/05\/10-knjiznica.bmp\" alt=\"\"\/><\/p>\n<\/td>\n<\/tr>\n<\/tbody>\n<\/table>\n","protected":false},"excerpt":{"rendered":"<p>&nbsp;DIPLOMSKI STUDIJ &#8211; Knji\u017eevno-kulturolo\u0161ki smjer &nbsp; &nbsp; a) ENGLESKA KNJI\u017dEVNOST I KULTURA\u2013 jednopredmetni i dvopredmetni A studij b) AMERI\u010cKA KNJI\u017dEVNOST I KULTURA- jednopredmetni i dvopredmetni A studij xxxxx Silabi i izvedbeni plan Raspored predavanja Ispitni rokovi Hodogram Diplomski rad (prijava i formular) x xx xxxxx &nbsp;<\/p>\n","protected":false},"author":6,"featured_media":0,"parent":448,"menu_order":2,"comment_status":"closed","ping_status":"closed","template":"","meta":{"ngg_post_thumbnail":0,"footnotes":""},"class_list":["post-454","page","type-page","status-publish","hentry"],"_links":{"self":[{"href":"https:\/\/anglist.ffzg.unizg.hr\/index.php?rest_route=\/wp\/v2\/pages\/454","targetHints":{"allow":["GET"]}}],"collection":[{"href":"https:\/\/anglist.ffzg.unizg.hr\/index.php?rest_route=\/wp\/v2\/pages"}],"about":[{"href":"https:\/\/anglist.ffzg.unizg.hr\/index.php?rest_route=\/wp\/v2\/types\/page"}],"author":[{"embeddable":true,"href":"https:\/\/anglist.ffzg.unizg.hr\/index.php?rest_route=\/wp\/v2\/users\/6"}],"replies":[{"embeddable":true,"href":"https:\/\/anglist.ffzg.unizg.hr\/index.php?rest_route=%2Fwp%2Fv2%2Fcomments&post=454"}],"version-history":[{"count":111,"href":"https:\/\/anglist.ffzg.unizg.hr\/index.php?rest_route=\/wp\/v2\/pages\/454\/revisions"}],"predecessor-version":[{"id":48501,"href":"https:\/\/anglist.ffzg.unizg.hr\/index.php?rest_route=\/wp\/v2\/pages\/454\/revisions\/48501"}],"up":[{"embeddable":true,"href":"https:\/\/anglist.ffzg.unizg.hr\/index.php?rest_route=\/wp\/v2\/pages\/448"}],"wp:attachment":[{"href":"https:\/\/anglist.ffzg.unizg.hr\/index.php?rest_route=%2Fwp%2Fv2%2Fmedia&parent=454"}],"curies":[{"name":"wp","href":"https:\/\/api.w.org\/{rel}","templated":true}]}}