{"id":45238,"date":"2024-05-01T14:44:26","date_gmt":"2024-05-01T13:44:26","guid":{"rendered":"https:\/\/anglist.ffzg.unizg.hr\/?page_id=45238"},"modified":"2024-07-10T15:18:58","modified_gmt":"2024-07-10T14:18:58","slug":"uvjeti-za-upis-prijediplomski-studij-od-2024-25","status":"publish","type":"page","link":"https:\/\/anglist.ffzg.unizg.hr\/?page_id=45238","title":{"rendered":"Upis prijediplomskog studija anglistike 2024.\/2025."},"content":{"rendered":"<p><span style=\"font-size: 14pt;\"><strong>Za studente koji upisuju 1. godinu studija od ak. god. 2024.\/25.<\/strong><\/span><\/p>\n<p style=\"text-align: center;\"><span style=\"font-size: 12pt;\"><strong><span style=\"color: #2259ab;\"><br \/>\nAnglistika <\/span><\/strong><span style=\"color: #2259ab;\">(dvopredmetni prijediplomski studij)<\/span><\/span><\/p>\n<p><strong>Naziv studija i akademska titula:<\/strong><br \/>\nSveu\u010dili\u0161ni studijski program: Anglistika.<br \/>\nStudij u kombinaciji s drugim studijem \/ dvodisciplinarni (dvopredmetni) studij.<br \/>\nStudijski program prijediplomskog studija anglistike traje tri godine (\u0161est semestara).<br \/>\n<strong>Minimalni broj ECTS bodova potrebnih za zavr\u0161etak studija:<\/strong> 90<br \/>\n<strong>Akademski \/ stru\u010dni naziv po zavr\u0161etku studija:<\/strong> sveu\u010dili\u0161ni\/a prvostupnik\/prvostupnica (baccalaureus\/baccalaurea) engleskoga jezika i knji\u017eevnosti (univ. bacc. philol. angl.).<\/p>\n<p><span style=\"font-size: 12pt;\"><strong>Uvjeti upisa na studij<\/strong> <\/span><br \/>\n<span style=\"font-size: 12pt;\">Zavr\u0161eno srednjo\u0161kolsko obrazovanje s polo\u017eenom dr\u017eavnom maturom. Svi kandidati koji \u017eele upisati anglistiku moraju na dr\u017eavnoj maturi imati 80% rije\u0161enosti testa iz engleskog jezika razine A. Svi uvjeti navedeni su na web stranici <a href=\"https:\/\/www.postani-student.hr\/Ucilista\/Nositelji.aspx\" target=\"_blank\" rel=\"noopener\">Postani student<\/a><\/span><br \/>\n<span style=\"font-size: 12pt;\">Uvjeti upisa uskla\u0111eni su s uvjetima upisa svih studijskih grupa na Filozofskom fakultetu. Nema dodatne provjere znanja engleskog jezika. <\/span><\/p>\n<p><span style=\"font-size: 12pt;\"><strong>Postupak upisa<br \/>\n<\/strong>Informacije o postupku upisa na prijediplomske studije u ak. godini 2024.\/2025. na Filozofskom fakultetu nalaze se na stranici <a href=\"https:\/\/upisi.ffzg.unizg.hr\/\" target=\"_blank\" rel=\"home noopener\">Razredbeni postupak za upis prijediplomskih studija na Filozofskom fakultetu.<\/a><\/span><\/p>\n<p>&nbsp;<\/p>\n<p>&nbsp;<\/p>\n","protected":false},"excerpt":{"rendered":"<p>Za studente koji upisuju 1. godinu studija od ak. god. 2024.\/25. Anglistika (dvopredmetni prijediplomski studij) Naziv studija i akademska titula: Sveu\u010dili\u0161ni studijski program: Anglistika. Studij u kombinaciji s drugim studijem \/ dvodisciplinarni (dvopredmetni) studij. Studijski program prijediplomskog studija anglistike traje tri godine (\u0161est semestara). Minimalni broj ECTS bodova potrebnih za zavr\u0161etak studija: 90 Akademski \/ [&hellip;]<\/p>\n","protected":false},"author":6,"featured_media":0,"parent":45217,"menu_order":0,"comment_status":"closed","ping_status":"closed","template":"","meta":{"ngg_post_thumbnail":0,"footnotes":""},"class_list":["post-45238","page","type-page","status-publish","hentry"],"_links":{"self":[{"href":"https:\/\/anglist.ffzg.unizg.hr\/index.php?rest_route=\/wp\/v2\/pages\/45238","targetHints":{"allow":["GET"]}}],"collection":[{"href":"https:\/\/anglist.ffzg.unizg.hr\/index.php?rest_route=\/wp\/v2\/pages"}],"about":[{"href":"https:\/\/anglist.ffzg.unizg.hr\/index.php?rest_route=\/wp\/v2\/types\/page"}],"author":[{"embeddable":true,"href":"https:\/\/anglist.ffzg.unizg.hr\/index.php?rest_route=\/wp\/v2\/users\/6"}],"replies":[{"embeddable":true,"href":"https:\/\/anglist.ffzg.unizg.hr\/index.php?rest_route=%2Fwp%2Fv2%2Fcomments&post=45238"}],"version-history":[{"count":13,"href":"https:\/\/anglist.ffzg.unizg.hr\/index.php?rest_route=\/wp\/v2\/pages\/45238\/revisions"}],"predecessor-version":[{"id":45977,"href":"https:\/\/anglist.ffzg.unizg.hr\/index.php?rest_route=\/wp\/v2\/pages\/45238\/revisions\/45977"}],"up":[{"embeddable":true,"href":"https:\/\/anglist.ffzg.unizg.hr\/index.php?rest_route=\/wp\/v2\/pages\/45217"}],"wp:attachment":[{"href":"https:\/\/anglist.ffzg.unizg.hr\/index.php?rest_route=%2Fwp%2Fv2%2Fmedia&parent=45238"}],"curies":[{"name":"wp","href":"https:\/\/api.w.org\/{rel}","templated":true}]}}