{"id":45217,"date":"2024-04-30T14:27:19","date_gmt":"2024-04-30T13:27:19","guid":{"rendered":"https:\/\/anglist.ffzg.unizg.hr\/?page_id=45217"},"modified":"2026-01-21T17:20:15","modified_gmt":"2026-01-21T16:20:15","slug":"prijediplomski-studij-od-2024-2025","status":"publish","type":"page","link":"https:\/\/anglist.ffzg.unizg.hr\/?page_id=45217","title":{"rendered":"Prijediplomski studij (NOVI, od 2024.\/2025.)"},"content":{"rendered":"<p>Sveu\u010dili\u0161te u Zagrebu, Filozofski fakultet, Odsjek za anglistiku<br \/>\nPRIJEDIPLOMSKI STUDIJ ANGLISTIKE (reformirani program)<br \/>\n<span style=\"font-size: 10pt;\">za studente koji upisuju 1. godinu studija od ak. god. 2024.\/25.<\/span><\/p>\n<p style=\"text-align: center;\"><strong><span style=\"font-size: 18pt; color: #2259ab;\">Anglistika <\/span><\/strong><span style=\"font-size: 18pt; color: #2259ab;\">(dvopredmetni studij)<\/span><\/p>\n<table style=\"border-collapse: collapse; width: 100%; height: 339px;\">\n<tbody>\n<tr style=\"height: 56px;\">\n<td style=\"width: 44.303%; height: 56px; padding-left: 25px; border-color: #f7f9fa; background-color: #f0f2f5; border-style: solid;\">\n<p><strong><a href=\"https:\/\/anglist.ffzg.unizg.hr\/?page_id=45238\">Uvjeti za upis<\/a><\/strong><\/p>\n<\/td>\n<td style=\"width: 55.697%; height: 339px;\" rowspan=\"6\"><img loading=\"lazy\" decoding=\"async\" class=\"aligncenter size-full wp-image-46092\" src=\"http:\/\/anglist.ffzg.unizg.hr\/wp-content\/uploads\/2024\/07\/4-ffzg-naslovna.png\" alt=\"\" width=\"340\" height=\"202\" srcset=\"https:\/\/anglist.ffzg.unizg.hr\/wp-content\/uploads\/2024\/07\/4-ffzg-naslovna.png 340w, https:\/\/anglist.ffzg.unizg.hr\/wp-content\/uploads\/2024\/07\/4-ffzg-naslovna-300x178.png 300w\" sizes=\"auto, (max-width: 340px) 100vw, 340px\" \/><\/td>\n<\/tr>\n<tr style=\"height: 56px;\">\n<td style=\"width: 44.303%; height: 56px; padding-left: 25px; border-color: #f7f9fa; border-style: solid;\">\n<p><strong><a href=\"https:\/\/anglist.ffzg.unizg.hr\/?page_id=45223\">Hodogram<\/a> <\/strong>(shema studija)<\/p>\n<\/td>\n<\/tr>\n<tr style=\"height: 59px;\">\n<td style=\"width: 44.303%; padding-left: 25px; border-color: #f7f9fa; border-style: solid; height: 59px; background-color: #f0f2f5;\">\n<p><a href=\"https:\/\/anglist.ffzg.unizg.hr\/?page_id=48757\"><strong>Zavr\u0161ni ispit<\/strong><\/a><\/p>\n<\/td>\n<\/tr>\n<tr style=\"height: 56px;\">\n<td style=\"width: 44.303%; height: 56px; padding-left: 25px; border-color: #f7f9fa; border-style: solid; background-color: #ffffff;\">\n<p><strong><a href=\"https:\/\/anglist.ffzg.unizg.hr\/?page_id=45245\">Silabi<\/a><\/strong> (opisi kolegija)<\/p>\n<\/td>\n<\/tr>\n<tr style=\"height: 56px;\">\n<td style=\"width: 44.303%; height: 56px; padding-left: 25px; border-color: #f7f9fa; border-style: solid; background-color: #f0f2f5;\">\n<p><a href=\"https:\/\/anglist.ffzg.unizg.hr\/?p=42249\"><strong>Raspored predavanja<\/strong><\/a><\/p>\n<\/td>\n<\/tr>\n<tr style=\"height: 56px;\">\n<td style=\"width: 44.303%; height: 56px; padding-left: 25px; border-color: #f7f9fa; background-color: #fafbfc; border-style: solid;\">\n<p><a href=\"https:\/\/anglist.ffzg.unizg.hr\/?page_id=46915\"><strong>Ispitni rokovi<\/strong><\/a><\/p>\n<\/td>\n<\/tr>\n<\/tbody>\n<\/table>\n<p>&nbsp;<\/p>\n<p>\nSveu\u010dili\u0161ni studijski program.<br \/>\nStudij u kombinaciji s drugim studijem \/ dvodisciplinarni (dvopredmetni) studij.<br \/>\n<strong>Akademski \/ stru\u010dni naziv po zavr\u0161etku studija:<\/strong> sveu\u010dili\u0161ni\/a prvostupnik\/prvostupnica (baccalaureus\/baccalaurea) engleskoga jezika i knji\u017eevnosti (univ. bacc. philol. angl.).<br \/>\nStudijski program prijediplomskog studija anglistike traje tri godine (\u0161est semestara).<br \/>\n<strong>Minimalni broj ECTS bodova potrebnih za zavr\u0161etak studija:<\/strong> 90<br \/>\n<strong>Na\u010din zavr\u0161etka studija: <\/strong>Zavr\u0161ni ispit.<br \/>\n<strong>Uvjeti za prijavu zavr\u0161noga \/ diplomskoga rada i \/ ili zavr\u0161noga \/ diplomskoga ispita: <\/strong>Upisan 6. semestar studija. Prije izlaska na Zavr\u0161ni ispit potrebno je polo\u017eiti sve ispite i ispuniti sve obveze propisane programom studija.<\/p>\n<p><strong>&nbsp;<\/strong><\/p>\n<p>&nbsp;<\/p>\n","protected":false},"excerpt":{"rendered":"<p>Sveu\u010dili\u0161te u Zagrebu, Filozofski fakultet, Odsjek za anglistiku PRIJEDIPLOMSKI STUDIJ ANGLISTIKE (reformirani program) za studente koji upisuju 1. godinu studija od ak. god. 2024.\/25. Anglistika (dvopredmetni studij) Uvjeti za upis Hodogram (shema studija) Zavr\u0161ni ispit Silabi (opisi kolegija) Raspored predavanja Ispitni rokovi &nbsp; Sveu\u010dili\u0161ni studijski program. Studij u kombinaciji s drugim studijem \/ dvodisciplinarni (dvopredmetni) [&hellip;]<\/p>\n","protected":false},"author":6,"featured_media":0,"parent":0,"menu_order":0,"comment_status":"closed","ping_status":"closed","template":"","meta":{"ngg_post_thumbnail":0,"footnotes":""},"class_list":["post-45217","page","type-page","status-publish","hentry"],"_links":{"self":[{"href":"https:\/\/anglist.ffzg.unizg.hr\/index.php?rest_route=\/wp\/v2\/pages\/45217","targetHints":{"allow":["GET"]}}],"collection":[{"href":"https:\/\/anglist.ffzg.unizg.hr\/index.php?rest_route=\/wp\/v2\/pages"}],"about":[{"href":"https:\/\/anglist.ffzg.unizg.hr\/index.php?rest_route=\/wp\/v2\/types\/page"}],"author":[{"embeddable":true,"href":"https:\/\/anglist.ffzg.unizg.hr\/index.php?rest_route=\/wp\/v2\/users\/6"}],"replies":[{"embeddable":true,"href":"https:\/\/anglist.ffzg.unizg.hr\/index.php?rest_route=%2Fwp%2Fv2%2Fcomments&post=45217"}],"version-history":[{"count":55,"href":"https:\/\/anglist.ffzg.unizg.hr\/index.php?rest_route=\/wp\/v2\/pages\/45217\/revisions"}],"predecessor-version":[{"id":48812,"href":"https:\/\/anglist.ffzg.unizg.hr\/index.php?rest_route=\/wp\/v2\/pages\/45217\/revisions\/48812"}],"wp:attachment":[{"href":"https:\/\/anglist.ffzg.unizg.hr\/index.php?rest_route=%2Fwp%2Fv2%2Fmedia&parent=45217"}],"curies":[{"name":"wp","href":"https:\/\/api.w.org\/{rel}","templated":true}]}}