{"id":448,"date":"2012-04-27T17:46:33","date_gmt":"2012-04-27T16:46:33","guid":{"rendered":"http:\/\/www.ffzg.unizg.hr\/anglist\/test\/wp\/?page_id=448"},"modified":"2024-01-16T15:48:48","modified_gmt":"2024-01-16T14:48:48","slug":"diplomski","status":"publish","type":"page","link":"https:\/\/anglist.ffzg.unizg.hr\/?page_id=448","title":{"rendered":"Diplomski studij"},"content":{"rendered":"<p style=\"text-align: center;\"><span style=\"color: #336699;\">&nbsp;<\/span><span style=\"color: #006699;\"><strong><span style=\"color: #336699;\">DIPLOMSKI STUDIJ ANGLISTIKE<\/span><br \/>\n<\/strong><\/span><\/p>\n<table style=\"background-color: #fafcfc;\" border=\"0\">\n<tbody>\n<tr>\n<td style=\"border: 1px solid #ffffff; background-color: #ffffff;\"><span style=\"font-size: small; background-color: #e3f0d1;\"><strong>PROGRAM<\/strong><\/span><\/td>\n<\/tr>\n<tr>\n<td style=\"padding-left: 16px; border: 1px solid #cdcef3;\"><span style=\"font-size: 10pt;\"><span style=\"color: #003366;\"><strong><span style=\"color: #336699;\"><a title=\"Program diplomskog studija\" href=\"https:\/\/anglist.ffzg.unizg.hr\/?page_id=1922\"><span style=\"color: #336699;\"><strong>\u00b0&nbsp; Plan i program diplomskog studija<\/strong><\/span><\/a><\/span><\/strong><\/span><\/span><\/td>\n<\/tr>\n<\/tbody>\n<\/table>\n<table style=\"width: 100%; height: 130px;\" border=\"0\">\n<tbody>\n<tr style=\"height: 26px;\">\n<td style=\"border: 1px solid #ffffff; height: 26px;\"><span style=\"font-size: small; background-color: #e3f0d1;\"><strong>SMJEROVI<\/strong><\/span><\/td>\n<\/tr>\n<tr style=\"background-color: #fafffa;\">\n<td style=\"padding-left: 16px; border: 1px solid #cdcef3; height: 26px;\"><span style=\"color: #336699; font-size: 10pt;\"><a title=\"Knji\u017eevni\" href=\"https:\/\/anglist.ffzg.unizg.hr\/?page_id=454\"><span style=\"color: #336699;\"><strong> Knji\u017eevno-kulturolo\u0161ki smjer<\/strong><\/span><\/a><\/span><\/td>\n<\/tr>\n<tr style=\"background-color: #fafffa;\">\n<td style=\"padding-left: 16px; border: 1px solid #cdcef3; height: 26px;\"><span style=\"color: #336699; font-size: 10pt;\"><strong><a title=\"Lingvisti\u010dki\" href=\"https:\/\/anglist.ffzg.unizg.hr\/?page_id=458\"><span style=\"color: #336699;\"><strong>Smjer lingvistika<\/strong><\/span><\/a><\/strong><\/span><\/td>\n<\/tr>\n<tr style=\"background-color: #fafffa;\">\n<td style=\"padding-left: 16px; border: 1px solid #cdcef3; height: 26px;\"><span style=\"color: #336699; font-size: 10pt;\"><strong><a title=\"Prevoditeljski\" href=\"https:\/\/anglist.ffzg.unizg.hr\/?page_id=522\"><span style=\"color: #336699;\"><strong> Smjer prevoditeljstvo<\/strong><\/span><\/a><\/strong><\/span><\/td>\n<\/tr>\n<tr style=\"background-color: #fafffa;\">\n<td style=\"padding-left: 16px; border: 1px solid #cdcef3; height: 26px;\"><span style=\"color: #336699; font-size: 10pt;\"><strong><a title=\"Nastavni\u010dki\" href=\"https:\/\/anglist.ffzg.unizg.hr\/?page_id=525\"><span style=\"color: #336699;\"><strong> Nastavni\u010dki smjer<\/strong><\/span><\/a><\/strong><\/span><\/td>\n<\/tr>\n<\/tbody>\n<\/table>\n<table border=\"0\">\n<tbody>\n<tr style=\"background-color: #fafcfc;\">\n<td style=\"padding-left: 16px; border: 1px solid #cdcef3; background-color: #dfeaeb;\"><span style=\"color: #336699; font-size: 10pt;\"><a href=\"https:\/\/anglist.ffzg.unizg.hr\/?page_id=1808\"><span style=\"color: #336699;\"><strong>&nbsp;\u00b0&nbsp; HODOGRAM I OBRASCI za zavr\u0161etak diplomskog studija Odsjeka za anglistiku<\/strong><\/span><\/a><\/span><\/td>\n<\/tr>\n<tr style=\"background-color: #fafcfc;\">\n<td style=\"padding-left: 16px; border: 1px solid #cdcef3; background-color: #e9eff2;\"><span style=\"color: #336699; font-size: 10pt;\"><a title=\"Pohrana diplomskih radova u Repozitoriju FF-a\" href=\"https:\/\/anglist.ffzg.unizg.hr\/?page_id=10574\"><span style=\"color: #336699;\"><strong> \u00b0&nbsp; Pohrana diplomskih radova u Repozitorij FF-a<\/strong><\/span><\/a><\/span><\/td>\n<\/tr>\n<tr style=\"background-color: #fafcfc;\">\n<td style=\"padding-left: 16px; border: 1px solid #cdcef3; background-color: #e3f0d1;\"><span style=\"color: #336699; font-size: 10pt;\"><span style=\"color: #336699;\"><strong>&nbsp;\u00b0&nbsp; Obaveza kori\u0161tenja programa <span style=\"font-size: 10pt; font-family: georgia, palatino, serif;\"><em>Turnitin<\/em> za provjeru autenti\u010dnosti radova od sije\u010dnja 2024.<br \/>\n<a href=\"https:\/\/anglist.ffzg.unizg.hr\/?p=44675\">Upute za kori\u0161tenje<\/a><\/span><\/strong><br \/>\n<\/span><\/span><\/td>\n<\/tr>\n<tr style=\"background-color: #fafcfc;\">\n<td style=\"padding-left: 16px; border: 1px solid #cdcef3; background-color: #f0e9f7;\"><span style=\"color: #336699; font-size: 8pt;\"><span style=\"color: #336699;\"><strong><a href=\"https:\/\/anglist.ffzg.unizg.hr\/?p=31732\">\u00b0&nbsp; Ukidanje \u201e\u017eutog papira\u201d s popisom predmeta<\/a><\/strong> <br \/>\nza PREDDIPLOMSKI i DIPLOMSKI studij Odsjeka za anglistiku (2018.)<\/span><\/span><\/td>\n<\/tr>\n<\/tbody>\n<\/table>\n<table border=\"0\">\n<tbody>\n<tr>\n<td style=\"padding-left: 16px; border: 1px solid #cdcef3;\"><span style=\"font-family: arial, helvetica, sans-serif;\"><strong>IZBORNI KOLEGIJI<\/strong><\/span> &#8211; <span style=\"font-size: 10pt;\">namijenjeni studentima anglistike i drugih grupa. Kolegiji<\/span> se <span style=\"font-size: 10pt;\">ne izvode svake ak. godine. Molimo provjerite izvode li se u teku\u0107oj ak. godini<\/span>.<span style=\"font-size: 10pt;\"><span style=\"color: #336699;\"><strong><span style=\"color: #336699;\"><br \/>\n<\/span><\/strong><\/span><\/span><\/td>\n<\/tr>\n<tr style=\"background-color: #fafcfc;\">\n<td style=\"padding-left: 16px; border: 1px solid #cdcef3;\"><span style=\"font-size: 10pt;\"><span style=\"color: #336699;\"><strong><span style=\"color: #336699;\">IZBORNI KOLEGIJ<\/span><\/strong>: <a href=\"https:\/\/anglist.ffzg.unizg.hr\/?p=38091\"><em>Jezik i kognicija: od teorije do primjene<\/em> (Geld)<\/a><br \/>\n<\/span>&nbsp;(izborni, kolegij je otvoren svim studentima na diplomskoj razini anglistike) (4 ECTS)<\/span><\/td>\n<\/tr>\n<tr style=\"background-color: #fafcfc;\">\n<td style=\"padding-left: 16px; border: 1px solid #cdcef3;\"><span style=\"font-size: 10pt;\"><span style=\"color: #336699;\"><strong> <a title=\"Izborni kolegiji \u2013 nastava na stranom jeziku\" href=\"https:\/\/anglist.ffzg.unizg.hr\/?page_id=2063\"><span style=\"color: #336699;\">Izborni kolegiji<\/span><\/a> <\/strong><\/span>&#8211; nastava na stranom jeziku<\/span><br \/>\n<span style=\"font-size: 10pt;\"> (za studente diplomskog studija anglistike i drugih grupa)<\/span><\/td>\n<\/tr>\n<tr style=\"background-color: #fafcfc;\">\n<td style=\"padding-left: 16px; border: 1px solid #cdcef3; height: 80px;\"><span style=\"font-size: 10pt;\"><span style=\"color: #336699;\"><strong> <a href=\"https:\/\/anglist.ffzg.unizg.hr\/?page_id=30885\"><span style=\"color: #336699;\">Izborni kolegiji<\/span> <\/a><\/strong><\/span>&#8211; nastava na hrvatskom jeziku<\/span><br \/>\n<span style=\"font-size: 10pt;\"> (za studente diplomskog studija anglistike i drugih grupa)<\/p>\n<p><\/span><\/td>\n<\/tr>\n<\/tbody>\n<\/table>\n<p style=\"text-align: center;\">\u2217\u2217\u2217<\/p>\n<p><strong>ARHIVA:<br \/>\n<\/strong><\/p>\n<p><strong>* Bolonjski program prije 2010. <\/strong>(za ak. god. 2009\/10)<strong>:<\/strong> <a href=\"http:\/\/www.ffzg.unizg.hr\/anglist-stari\/w-syllabusi\/syllabus-svi.htm\" target=\"_blank\" rel=\"noopener noreferrer\">http:\/\/www.ffzg.unizg.hr\/anglist-stari\/w-syllabusi\/syllabus-svi.htm<\/a><\/p>\n<p><strong><br \/>\n<\/strong><a href=\"https:\/\/anglist.ffzg.unizg.hr\/?page_id=558\"><strong>*&nbsp; Dodiplomski studij anglistike (stari sustav) <\/strong><\/a> \u2013 ak. god. 2004\/2005. i ranije<\/p>\n<p><span style=\"font-size: 8pt;\">&nbsp;<\/span><\/p>\n<p><span style=\"font-size: small; color: #99ccff;\">&nbsp;<\/span><\/p>\n<p>&nbsp;<\/p>\n<p>&nbsp;<\/p>\n","protected":false},"excerpt":{"rendered":"<p>&nbsp;DIPLOMSKI STUDIJ ANGLISTIKE PROGRAM \u00b0&nbsp; Plan i program diplomskog studija SMJEROVI Knji\u017eevno-kulturolo\u0161ki smjer Smjer lingvistika Smjer prevoditeljstvo Nastavni\u010dki smjer &nbsp;\u00b0&nbsp; HODOGRAM I OBRASCI za zavr\u0161etak diplomskog studija Odsjeka za anglistiku \u00b0&nbsp; Pohrana diplomskih radova u Repozitorij FF-a &nbsp;\u00b0&nbsp; Obaveza kori\u0161tenja programa Turnitin za provjeru autenti\u010dnosti radova od sije\u010dnja 2024. Upute za kori\u0161tenje \u00b0&nbsp; Ukidanje \u201e\u017eutog [&hellip;]<\/p>\n","protected":false},"author":6,"featured_media":0,"parent":0,"menu_order":0,"comment_status":"closed","ping_status":"closed","template":"","meta":{"ngg_post_thumbnail":0,"footnotes":""},"class_list":["post-448","page","type-page","status-publish","hentry"],"_links":{"self":[{"href":"https:\/\/anglist.ffzg.unizg.hr\/index.php?rest_route=\/wp\/v2\/pages\/448","targetHints":{"allow":["GET"]}}],"collection":[{"href":"https:\/\/anglist.ffzg.unizg.hr\/index.php?rest_route=\/wp\/v2\/pages"}],"about":[{"href":"https:\/\/anglist.ffzg.unizg.hr\/index.php?rest_route=\/wp\/v2\/types\/page"}],"author":[{"embeddable":true,"href":"https:\/\/anglist.ffzg.unizg.hr\/index.php?rest_route=\/wp\/v2\/users\/6"}],"replies":[{"embeddable":true,"href":"https:\/\/anglist.ffzg.unizg.hr\/index.php?rest_route=%2Fwp%2Fv2%2Fcomments&post=448"}],"version-history":[{"count":137,"href":"https:\/\/anglist.ffzg.unizg.hr\/index.php?rest_route=\/wp\/v2\/pages\/448\/revisions"}],"predecessor-version":[{"id":44698,"href":"https:\/\/anglist.ffzg.unizg.hr\/index.php?rest_route=\/wp\/v2\/pages\/448\/revisions\/44698"}],"wp:attachment":[{"href":"https:\/\/anglist.ffzg.unizg.hr\/index.php?rest_route=%2Fwp%2Fv2%2Fmedia&parent=448"}],"curies":[{"name":"wp","href":"https:\/\/api.w.org\/{rel}","templated":true}]}}