{"id":428,"date":"2012-04-27T17:10:45","date_gmt":"2012-04-27T16:10:45","guid":{"rendered":"http:\/\/www.ffzg.unizg.hr\/anglist\/test\/wp\/?page_id=428"},"modified":"2025-08-27T15:06:36","modified_gmt":"2025-08-27T14:06:36","slug":"preddiplomski-syllabus","status":"publish","type":"page","link":"https:\/\/anglist.ffzg.unizg.hr\/?page_id=428","title":{"rendered":"Silabi"},"content":{"rendered":"<p style=\"line-height: normal; text-align: center;\"><span style=\"color: #336699;\"><strong>PRIJEDIPLOMSKI STUDIJ ANGLISTIKE &#8211; SILABI (OPISI KOLEGIJA)<br \/>\n<\/strong><\/span><span style=\"color: #72788b;\">Izvedbeni plan prijediplomskoga dvopredmetnoga studija anglistike, ak. god. 2025\/26<span style=\"color: #336699;\">.<\/span><br \/>\n________________________________________________________________________________<br \/>\n<\/span><\/p>\n<p><span style=\"font-family: verdana,geneva; font-size: small;\"><strong>&nbsp;1. i 2. GODINA &#8211; Od ak. godine 2025\/26. ne izvodi se 1. i 2. godina starog prijediplomskog studija.<\/strong><\/span><span style=\"font-family: verdana,geneva; font-size: small;\"><br \/>\n<\/span><\/p>\n<div>\n<p><span style=\"font-family: verdana,geneva; font-size: small;\"><span style=\"color: #99ccff;\">_______________________________________________________________<\/span><br \/>\n<\/span><\/p>\n<\/div>\n<div>\n<p><span style=\"font-size: small; font-family: verdana,geneva;\"><strong>3. GODINA<br \/>\n5. semestar<\/strong><\/span><br \/>\n<a href=\"https:\/\/anglist.ffzg.unizg.hr\/?p=25950\"><span style=\"font-size: small;\"><span style=\"font-family: verdana,geneva;\"><em>Kulture SAD-a i Velike Britanije<\/em><\/span><\/span><\/a><br \/>\n<span style=\"font-size: small; font-family: verdana,geneva;\">Knji\u017eevni seminar: izbor iz ponude &#8211; <a title=\"Knji\u017eevni kolegiji 3 i 5\" href=\"https:\/\/anglist.ffzg.unizg.hr\/?page_id=1456\">Popis kolegija<\/a><\/span><br \/>\n<a title=\"Semantika engleskog jezika\" href=\"https:\/\/anglist.ffzg.unizg.hr\/?p=71\"><em><span style=\"font-family: verdana,geneva; font-size: small;\">Semantika engleskog jezika<\/span><\/em><\/a><\/p>\n<p><span style=\"font-family: verdana,geneva; font-size: small;\">&nbsp;<strong>6. semestar<br \/>\n<\/strong><a href=\"https:\/\/anglist.ffzg.unizg.hr\/?p=44339\"><em>Fonetika i fonologija<\/em><\/a><\/span><br \/>\n<span style=\"font-size: small; font-family: verdana,geneva;\">Knji\u017eevni seminar: izbor iz ponude &#8211; <a href=\"https:\/\/anglist.ffzg.unizg.hr\/?page_id=1456\" target=\"_blank\" rel=\"noopener noreferrer\">Popis kolegija<\/a><\/span><br \/>\n<span style=\"font-family: verdana,geneva; font-size: small;\"><a title=\"Prijevodne vje\u017ebe\" href=\"https:\/\/anglist.ffzg.unizg.hr\/?p=73\"><em>Prijevodne vje\u017ebe<\/em><\/a><span style=\"color: #99ccff;\"><br \/>\n_____________________________________________________________________________<\/span><\/span><\/p>\n<\/div>\n<p><strong>ARHIVA KOLEGIJA<br \/>\n<\/strong><\/p>\n<p><a href=\"https:\/\/anglist.ffzg.unizg.hr\/?p=47715\">\u00b0 Ak. god. 2024\/25<\/a><br \/>\n<a href=\"https:\/\/anglist.ffzg.unizg.hr\/?p=46300\">\u00b0 Ak. god. 2023\/24<\/a><br \/>\n<a href=\"https:\/\/anglist.ffzg.unizg.hr\/?p=43905\" target=\"_blank\" rel=\"noopener\">\u00b0 Ak. god. 2022\/23<\/a><br \/>\n\u00b0 <a href=\"https:\/\/anglist.ffzg.unizg.hr\/?p=42234\">Ak. god. 2021\/22<\/a><br \/>\n\u00b0 <a href=\"https:\/\/anglist.ffzg.unizg.hr\/?p=40123\">Ak. god. 2020\/21<\/a><br \/>\n\u00b0 <a href=\"https:\/\/anglist.ffzg.unizg.hr\/?p=37547\">Ak. god. 2019\/20<\/a><strong><br \/>\n<\/strong>\u00b0 <a href=\"https:\/\/anglist.ffzg.unizg.hr\/?p=35519\" target=\"_blank\" rel=\"noopener noreferrer\">Ak. god. 2018\/19<\/a><br \/>\n\u00b0 <a href=\"https:\/\/anglist.ffzg.unizg.hr\/?p=32983\">Ak. god. 2017\/18<\/a><br \/>\n\u00b0 <a href=\"https:\/\/anglist.ffzg.unizg.hr\/?p=29176\">Ak. god. 2016\/17<\/a><br \/>\n\u00b0 <a href=\"https:\/\/anglist.ffzg.unizg.hr\/?p=25391\">Ak. god. 2015\/16<\/a><br \/>\n\u00b0 <a title=\"Arhiva kolegija 14\/15\u2013preddiplomski studij\" href=\"https:\/\/anglist.ffzg.unizg.hr\/?p=22021\">Ak. god. 2014\/15<\/a><br \/>\n<a title=\"Arhiva kolegija 13\/14\u2013preddiplomski studij\" href=\"https:\/\/anglist.ffzg.unizg.hr\/?p=17156\">\u00b0 Ak. god. 2013\/14<\/a><br \/>\n<a title=\"Arhiva kolegija 12\/13\u2013preddiplomski studij\" href=\"https:\/\/anglist.ffzg.unizg.hr\/?p=12302\">\u00b0 Ak. god. 2012\/13<\/a><br \/>\n<a title=\"Arhiva kolegija \u2013 preddiplomski studij\" href=\"https:\/\/anglist.ffzg.unizg.hr\/?p=3253\">\u00b0 Ak. god. 2011\/12<\/a><\/p>\n<p><span style=\"font-size: 10pt;\"><span style=\"font-size: 10pt;\"><strong>* prije 2010.:<\/strong> <span style=\"text-decoration: underline;\"><a href=\"http:\/\/www.ffzg.unizg.hr\/anglist-stari\/w-syllabusi\/syllabus-svi.htm\" target=\"_blank\" rel=\"noopener noreferrer\">http:\/\/www.ffzg.unizg.hr\/anglist-stari\/w-syllabusi\/syllabus-svi.htm<\/a><\/span><\/span><\/span><\/p>\n<p><span style=\"font-size: 10pt;\"><span style=\"font-size: 10pt;\"><strong>*<\/strong> IZVEDBENI PLANOVI na stranicama FFZG: ANGLISTIKA:&nbsp;&nbsp;&nbsp; <a href=\"http:\/\/theta.ffzg.hr\/ECTS\/Studij\/Index\/937\" target=\"_blank\" rel=\"noopener\">http:\/\/theta.ffzg.hr\/ECTS\/Studij\/Index\/937<\/a><span style=\"text-decoration: underline;\"><br \/>\n<\/span><\/span><\/span><span style=\"color: #99ccff;\">_____________________________________________________________________________<\/span><\/p>\n<p style=\"line-height: normal;\"><span style=\"font-family: verdana,geneva; font-size: small;\"><strong>* Napomene:<\/strong><\/span><\/p>\n<ol style=\"line-height: normal;\">\n<li style=\"line-height: normal; text-align: justify;\"><span style=\"font-family: verdana,geneva; font-size: small;\">Studenti koji nisu polo\u017eili <em>Uvod u lingvistiku<\/em> ne mogu upisati kolegij <em>Sintaksa : vrste rije\u010di<\/em>.<\/span><\/li>\n<li style=\"line-height: normal; text-align: justify;\"><span style=\"font-family: verdana,geneva; font-size: small;\">Napomena za studente koji su prvu godinu bolonjskog studija upisali ak. god. <strong>2005\/06<\/strong>.: od knji\u017eevnih seminara u III. semestru student\/ica bira jedan. Student\/ica do kraja \u0161estog semestra mora odslu\u0161ati, osim <em>Uvoda u studij engleske knji\u017eevnosti <\/em>&nbsp;i <em>&nbsp;Shakespearea<\/em>, jedan knji\u017eevni seminar u III. semestru, jedan u IV. te jedan u VI. semestru. Jedan od ta tri seminara mora biti iz britanske, a jedan iz ameri\u010dke knji\u017eevnosti. Jedan od ta tri seminara, bez obzira je li rije\u010d o britanskoj, ameri\u010dkoj ili drugim anglofonim knji\u017eevnostima (irska, australska, kanadska knji\u017eevnost) mora biti iz 19. stolje\u0107a, a jedan iz 20. stolje\u0107a.<\/span><\/li>\n<li style=\"line-height: normal; text-align: justify;\"><span style=\"font-family: verdana,geneva; font-size: small;\">Napomena za studente koji su prvu godinu bolonjskog studija upisali ak. god. <strong>2006\/07. i kasnije<\/strong>: Studenti\/ce upisani u tre\u0107i i peti semestar biraju iz zajedni\u010dke ponude knji\u017eevnih kolegija, kao i studenti\/ce&nbsp; 4. i 6. semestra: 1 kolegij iz starije engleske knji\u017eevnosti ili 1 kolegij iz britanskog 19. stolje\u0107a; 1 kolegij iz britanskog ili ameri\u010dkog 20. stolje\u0107a; 1 kolegij iz britanske knji\u017eevnosti; 1 kolegij iz ameri\u010dke knji\u017eevnosti. Jedan kolegij ispunjava dva razli\u010dita uvjeta (stolje\u0107e i nacionalnu knji\u017eevnost). Polo\u017een ispit iz kolegija <em>Uvod u studij engleske knji\u017eevnosti <\/em>je uvjet za sve izborne knji\u017eevne seminare.<\/span><\/li>\n<li style=\"line-height: normal; text-align: justify;\"><span style=\"font-size: small;\">Raniji naziv kolegija <em>Kulture SAD-a i Velike Britanije<\/em> bio je <em>Dru\u0161tva i kulture engleskoga govornog podru\u010dja<\/em><\/span><\/li>\n<li style=\"line-height: normal; text-align: justify;\"><span style=\"font-size: 10pt;\">Od ak. godine <strong>2015.\/16.<\/strong> obavezni kolegij <em>Uvod u studij engleske knji\u017eevnosti<\/em> koji se odr\u017eavao u prvom semestru zamjenjuje se postoje\u0107im ali umanjenim obaveznim kolegijem <em>Uvod u studij engleske knji\u017eevnosti 1<\/em>. Uvodi se jo\u0161 jedan obavezan kolegij, <em>Uvod u studij engleske knji\u017eevnosti 2<\/em>, u drugom semestru. Ova promjena odobrena je na redovnoj sjednici Vije\u0107a Filozofskog fakulteta u Zagrebu odr\u017eanoj 17. srpnja 2015. Studenti koji su kolegij <em>Uvod u studij engleske knji\u017eevnosti<\/em> slu\u0161ali do ak. god. 2015\/2016. a taj kolegij nisu polo\u017eili, du\u017eni su iznova upisati oba <em>Uvoda<\/em>.<em><br \/>\n<\/em><\/span><\/li>\n<li style=\"line-height: normal; text-align: justify;\"><span style=\"font-size: 10pt;\">Napomena za studente koji su prvu godinu bolonjskog studija upisali ak. god. <strong>2015.\/16. i kasnije:<\/strong> Odslu\u0161ani <em>Uvod u studij engleske knji\u017eevnosti 1<\/em> minimalni je uvjet za upis <em>Uvoda u studij engleske knji\u017eevnosti 2.<\/em><\/span><\/li>\n<li style=\"line-height: normal; text-align: justify;\"><span style=\"font-size: 10pt;\">Napomena za studente koji su prvu godinu bolonjskog studija upisali ak. god. <strong>2015.\/16. i kasnije:<\/strong> Studenti\/ce upisani u tre\u0107i i peti semestar biraju iz zajedni\u010dke ponude knji\u017eevnih kolegija, kao i studenti\/ce 4. i 6. semestra: 1 kolegij iz starije engleske knji\u017eevnosti ili 1 kolegij iz britanskog 19. stolje\u0107a; 1 kolegij iz britanskog ili ameri\u010dkog 20. stolje\u0107a; 1 kolegij iz britanske knji\u017eevnosti; 1 kolegij iz ameri\u010dke knji\u017eevnosti. Jedan kolegij ispunjava dva razli\u010dita uvjeta (stolje\u0107e i nacionalnu knji\u017eevnost). Polo\u017eeni <em>Uvod u studij engleske knji\u017eevnosti 1 <\/em>i <em>Uvod u studij engleske knji\u017eevnosti 2 <\/em><strong>uvjeti su za upis<\/strong> svih naknadnih izbornih knji\u017eevnih seminara.<\/span><\/li>\n<\/ol>\n<div id=\"gtx-trans\" style=\"position: absolute; left: -3px; top: 808px;\">\n<div class=\"gtx-trans-icon\">&nbsp;<\/div>\n<\/div>\n","protected":false},"excerpt":{"rendered":"<p>PRIJEDIPLOMSKI STUDIJ ANGLISTIKE &#8211; SILABI (OPISI KOLEGIJA) Izvedbeni plan prijediplomskoga dvopredmetnoga studija anglistike, ak. god. 2025\/26. ________________________________________________________________________________ &nbsp;1. i 2. GODINA &#8211; Od ak. godine 2025\/26. ne izvodi se 1. i 2. godina starog prijediplomskog studija. _______________________________________________________________ 3. GODINA 5. semestar Kulture SAD-a i Velike Britanije Knji\u017eevni seminar: izbor iz ponude &#8211; Popis kolegija Semantika [&hellip;]<\/p>\n","protected":false},"author":6,"featured_media":0,"parent":426,"menu_order":0,"comment_status":"closed","ping_status":"closed","template":"","meta":{"ngg_post_thumbnail":0,"footnotes":""},"class_list":["post-428","page","type-page","status-publish","hentry"],"_links":{"self":[{"href":"https:\/\/anglist.ffzg.unizg.hr\/index.php?rest_route=\/wp\/v2\/pages\/428","targetHints":{"allow":["GET"]}}],"collection":[{"href":"https:\/\/anglist.ffzg.unizg.hr\/index.php?rest_route=\/wp\/v2\/pages"}],"about":[{"href":"https:\/\/anglist.ffzg.unizg.hr\/index.php?rest_route=\/wp\/v2\/types\/page"}],"author":[{"embeddable":true,"href":"https:\/\/anglist.ffzg.unizg.hr\/index.php?rest_route=\/wp\/v2\/users\/6"}],"replies":[{"embeddable":true,"href":"https:\/\/anglist.ffzg.unizg.hr\/index.php?rest_route=%2Fwp%2Fv2%2Fcomments&post=428"}],"version-history":[{"count":215,"href":"https:\/\/anglist.ffzg.unizg.hr\/index.php?rest_route=\/wp\/v2\/pages\/428\/revisions"}],"predecessor-version":[{"id":47720,"href":"https:\/\/anglist.ffzg.unizg.hr\/index.php?rest_route=\/wp\/v2\/pages\/428\/revisions\/47720"}],"up":[{"embeddable":true,"href":"https:\/\/anglist.ffzg.unizg.hr\/index.php?rest_route=\/wp\/v2\/pages\/426"}],"wp:attachment":[{"href":"https:\/\/anglist.ffzg.unizg.hr\/index.php?rest_route=%2Fwp%2Fv2%2Fmedia&parent=428"}],"curies":[{"name":"wp","href":"https:\/\/api.w.org\/{rel}","templated":true}]}}