{"id":4204,"date":"2012-09-10T15:05:41","date_gmt":"2012-09-10T14:05:41","guid":{"rendered":"http:\/\/www.ffzg.unizg.hr\/anglist\/test\/wp\/?page_id=4204"},"modified":"2015-02-10T13:26:47","modified_gmt":"2015-02-10T12:26:47","slug":"uvjeti-preddiplomski-studij-knjizevni-kolegiji","status":"publish","type":"page","link":"https:\/\/anglist.ffzg.unizg.hr\/?page_id=4204","title":{"rendered":"Uvjeti-preddiplomski studij-knji\u017eevni kolegiji"},"content":{"rendered":"<p style=\"text-align: center;\"><span style=\"font-size: medium;\"><span style=\"color: #003399; font-size: small;\"><strong> UVJETI I <\/strong><\/span><strong> <span style=\"color: #003399;\"><span style=\"font-size: small;\">PREGLED PROPISANIH KNJI\u017dEVNIH KOLEGIJA NA PREDDIPLOMSKOM STUDIJU ANGLISTIKE<\/span><br \/><\/span><\/strong><span style=\"color: #003399;\">_________________________________________________________________________<\/span><strong><span style=\"color: #003399;\"><br \/><\/span><\/strong><\/span><\/p>\n<p><span style=\"font-family: tahoma,arial,helvetica,sans-serif; font-size: small;\"><strong> UVJETI\u00a0 <\/strong><strong>za studente koji su prvu godinu bolonjskog studija upisali <span style=\"color: #3366ff;\">ak. god. 2006\/07. i kasnije:<\/span><\/strong><br \/>Studenti\/ce upisani u tre\u0107i i peti semestar biraju iz zajedni\u010dke ponude knji\u017eevnih kolegija, kao i studenti\/ce\u00a0 4. i 6. semestra:<br \/>1 kolegij iz starije engleske knji\u017eevnosti ili 1 kolegij iz britanskog 19. stolje\u0107a;<br \/>1 kolegij iz britanskog ili ameri\u010dkog 20. stolje\u0107a;<br \/>1 kolegij iz britanske knji\u017eevnosti;<br \/>1 kolegij iz ameri\u010dke knji\u017eevnosti. <br \/>Polo\u017een ispit iz kolegija <em>Uvod u studij engleske knji\u017eevnosti <\/em>je uvjet za sve izborne knji\u017eevne seminare.<\/span><\/p>\n<p><span style=\"font-family: tahoma,arial,helvetica,sans-serif; font-size: small;\">_____________________________________________________________________________<\/span><\/p>\n<p><span style=\"font-family: tahoma,arial,helvetica,sans-serif; font-size: small;\"><strong>UVJETI\u00a0 za studente koji su prvu godinu bolonjskog studija upisali <\/strong><span style=\"color: #3366ff;\"><strong>ak. god. 2005\/06.:<\/strong><strong><\/strong><\/span><br \/>Od knji\u017eevnih seminara u III. semestru student\/ica bira jedan. Student\/ica do kraja \u0161estog semestra mora odslu\u0161ati, osim<br \/><em>Uvoda u studij engleske knji\u017eevnosti <\/em>\u00a0i <em>\u00a0Shakespearea<\/em>,<br \/>jedan knji\u017eevni seminar u III. semestru,<br \/>jedan u IV. te jedan u VI. semestru.<br \/>Jedan od ta tri seminara mora biti iz britanske, a jedan iz ameri\u010dke knji\u017eevnosti.<br \/>Jedan od ta tri seminara, bez obzira je li rije\u010d o britanskoj, ameri\u010dkoj ili drugim anglofonim knji\u017eevnostima (irska, australska, kanadska knji\u017eevnost) mora biti iz 19. stolje\u0107a, a jedan iz 20. stolje\u0107a.<\/span><\/p>\n","protected":false},"excerpt":{"rendered":"<p>UVJETI I PREGLED PROPISANIH KNJI\u017dEVNIH KOLEGIJA NA PREDDIPLOMSKOM STUDIJU ANGLISTIKE_________________________________________________________________________ UVJETI\u00a0 za studente koji su prvu godinu bolonjskog studija upisali ak. god. 2006\/07. i kasnije:Studenti\/ce upisani u tre\u0107i i peti semestar biraju iz zajedni\u010dke ponude knji\u017eevnih kolegija, kao i studenti\/ce\u00a0 4. i 6. semestra:1 kolegij iz starije engleske knji\u017eevnosti ili 1 kolegij iz britanskog 19. [&hellip;]<\/p>\n","protected":false},"author":6,"featured_media":0,"parent":4202,"menu_order":0,"comment_status":"closed","ping_status":"closed","template":"","meta":{"ngg_post_thumbnail":0,"footnotes":""},"class_list":["post-4204","page","type-page","status-publish","hentry"],"_links":{"self":[{"href":"https:\/\/anglist.ffzg.unizg.hr\/index.php?rest_route=\/wp\/v2\/pages\/4204","targetHints":{"allow":["GET"]}}],"collection":[{"href":"https:\/\/anglist.ffzg.unizg.hr\/index.php?rest_route=\/wp\/v2\/pages"}],"about":[{"href":"https:\/\/anglist.ffzg.unizg.hr\/index.php?rest_route=\/wp\/v2\/types\/page"}],"author":[{"embeddable":true,"href":"https:\/\/anglist.ffzg.unizg.hr\/index.php?rest_route=\/wp\/v2\/users\/6"}],"replies":[{"embeddable":true,"href":"https:\/\/anglist.ffzg.unizg.hr\/index.php?rest_route=%2Fwp%2Fv2%2Fcomments&post=4204"}],"version-history":[{"count":7,"href":"https:\/\/anglist.ffzg.unizg.hr\/index.php?rest_route=\/wp\/v2\/pages\/4204\/revisions"}],"predecessor-version":[{"id":18861,"href":"https:\/\/anglist.ffzg.unizg.hr\/index.php?rest_route=\/wp\/v2\/pages\/4204\/revisions\/18861"}],"up":[{"embeddable":true,"href":"https:\/\/anglist.ffzg.unizg.hr\/index.php?rest_route=\/wp\/v2\/pages\/4202"}],"wp:attachment":[{"href":"https:\/\/anglist.ffzg.unizg.hr\/index.php?rest_route=%2Fwp%2Fv2%2Fmedia&parent=4204"}],"curies":[{"name":"wp","href":"https:\/\/api.w.org\/{rel}","templated":true}]}}