{"id":38804,"date":"2021-02-24T15:45:25","date_gmt":"2021-02-24T14:45:25","guid":{"rendered":"http:\/\/anglist.ffzg.unizg.hr\/?page_id=38804"},"modified":"2026-04-14T09:27:09","modified_gmt":"2026-04-14T08:27:09","slug":"odsjek-za-anglistiku-2021","status":"publish","type":"page","link":"https:\/\/anglist.ffzg.unizg.hr\/","title":{"rendered":"Naslovna"},"content":{"rendered":"<table style=\"width: 86.145%; height: 195px;\">\n<tbody>\n<tr style=\"height: 57px;\">\n<td style=\"padding-left: 14px; line-height: 1; text-decoration: none; background-color: #0086d8; width: 32.9496%; border: 4px solid #ffffff; text-align: left; vertical-align: middle; height: 57px;\"><span style=\"font-family: arial, helvetica, sans-serif; color: #ffffff; font-size: 11pt;\"><strong><br \/>\n<a style=\"text-decoration: none;\" href=\"https:\/\/anglist.ffzg.unizg.hr\/?cat=3\"><span style=\"color: #ffffff;\">OGLASNA PLO\u010cA<\/span><\/a><\/p>\n<p><\/strong><\/span><\/td>\n<td style=\"padding-left: 14px; line-height: 1; text-decoration: none; background-color: #76a2cf; height: 57px; width: 39.7664%; text-align: left; border: 4px solid #ffffff;\"><a style=\"text-decoration: none;\" href=\"https:\/\/anglist.ffzg.unizg.hr\/?page_id=38786\"><strong><span style=\"color: #ffffff;\"><span style=\"font-family: arial, helvetica, sans-serif;\"><span style=\"font-size: small;\"><span style=\"background-color: #6d9dcf;\"><span style=\"font-size: 11pt;\">Administrativne i nastavne obavijesti, <span style=\"font-size: 10pt;\">obrasci i molbe<\/span><\/span><\/span><\/span><\/span><\/span><\/strong><\/a><\/td>\n<td style=\"padding-left: 14px; line-height: 1; text-decoration: none; background-color: #dfedf6; width: 19.8412%; border: 4px solid #ffffff; text-align: left; height: 57px;\"><img loading=\"lazy\" decoding=\"async\" class=\"aligncenter size-full wp-image-40919\" src=\"http:\/\/anglist.ffzg.unizg.hr\/wp-content\/uploads\/2021\/11\/oglasna-nov-21.png\" alt=\"\" width=\"250\" height=\"113\"\/><\/td>\n<\/tr>\n<tr style=\"background-color: #ffffff; height: 18px;\">\n<td style=\"padding-left: 14px; line-height: 1; text-decoration: none; background-color: #dfedf6; vertical-align: middle; height: 18px; width: 32.9496%; text-align: left; border: 4px solid #ffffff;\"><img loading=\"lazy\" decoding=\"async\" class=\"aligncenter size-full wp-image-41840\" src=\"http:\/\/anglist.ffzg.unizg.hr\/wp-content\/uploads\/2022\/05\/knjiznica-22.png\" alt=\"\" width=\"240\" height=\"72\"\/><\/td>\n<td style=\"padding-left: 10px; line-height: 1; text-decoration: none; background-color: #9999bf; height: 18px; width: 39.7664%; text-align: left; border: 3px solid #ffffff;\"><a style=\"text-decoration: none;\" href=\"https:\/\/anglist.ffzg.unizg.hr\/?page_id=38794\"><span style=\"color: #ffffff;\"><strong><span style=\"color: #ffffff;\"><span style=\"font-family: arial, helvetica, sans-serif;\"><span style=\"font-size: small;\"><span style=\"background-color: #8f8fbd;\"><span style=\"font-size: 11pt;\"><span style=\"color: #beebe0;\"><span style=\"color: #ffffff;\">Znanstvene<\/span><\/span> i stru\u010dne obavijesti<\/span><\/span><\/span><\/span><\/span><\/strong><\/span><\/a><\/td>\n<td style=\"padding-left: 10px; line-height: 1; text-decoration: none; background-color: #dfedf6; height: 18px; width: 19.8412%; border: 2px solid #ffffff; text-align: left;\"><img loading=\"lazy\" decoding=\"async\" class=\"aligncenter size-full wp-image-40923\" src=\"http:\/\/anglist.ffzg.unizg.hr\/wp-content\/uploads\/2021\/11\/oglasna-2-nov-21.png\" alt=\"\" width=\"242\" height=\"115\"\/><\/td>\n<\/tr>\n<tr style=\"background-color: #ffffff; height: 18px;\" valign=\"middle\">\n<td style=\"font-size: small; padding-left: 10px; line-height: normal; background-color: #72b07e; border-color: #c8dabb #c8dabb #c8dabb #ffffff; border-style: solid; border-width: 1px 1px 1px 2pt; border-image: none 100% \/ 1 \/ 0 stretch; height: 10px; width: 32.9496%;\" valign=\"bottom\">\n<p><a style=\"text-decoration: none;\" href=\"https:\/\/anglist.ffzg.unizg.hr\/\"><span style=\"font-size: small;\"><strong><span style=\"line-height: normal; color: #ffffff;\"><span style=\"font-family: arial, helvetica, sans-serif;\"><span style=\"background-color: #65a872;\"><span style=\"background-color: #6aad77;\"><span style=\"font-size: 11pt;\"><span style=\"font-size: 12pt;\">Aktualno<\/span><\/span><br \/>\n<span style=\"color: #c1f7ea; font-size: 12pt;\"><span style=\"font-size: 9pt; color: #ffffff;\">izdvojene obavijesti <\/span>\u21d3<\/span><\/span><\/span><\/span><\/span><\/strong><\/span><\/a><\/p>\n<\/td>\n<td style=\"font-size: small; padding-left: 10px; line-height: normal; background-color: #ffffff; border-color: #ffffff; border-style: solid; border-width: 1px 1px 1px 2pt; border-image: none 100% \/ 1 \/ 0 stretch; width: 39.7664%; height: 10px;\">\n<p><span style=\"font-size: small;\"><span style=\"font-size: small;\"><span style=\"color: #265572;\"><strong>&nbsp;<\/strong><\/span><\/span><\/span><\/p>\n<\/td>\n<td style=\"font-size: small; padding-left: 10px; line-height: normal; background-color: #ffffff; border-color: #ffffff; border-style: solid; border-width: 1px 1px 1px 2pt; border-image: none 100% \/ 1 \/ 0 stretch; width: 19.8412%; height: 10px;\">\n<p><span style=\"font-size: small;\"><span style=\"font-size: small;\"><span style=\"color: #265572;\"><strong>&nbsp;<\/strong><\/span><\/span><\/span><\/p>\n<\/td>\n<\/tr>\n<tr style=\"background-color: #ffffff; height: 18px;\" valign=\"middle\">\n<td style=\"font-size: small; padding-left: 10px; line-height: normal; background-color: #ffffff; border-width: 1px 1px 1px 2pt; border-style: solid; border-color: #c8dabb #c8dabb #c8dabb #90c5fc; border-image: initial; height: 10px;\" colspan=\"3\" valign=\"bottom\">\n<p><a href=\"https:\/\/anglist.ffzg.unizg.hr\/?p=49266\"><span style=\"font-size: small;\"><span style=\"font-size: small;\"><span style=\"color: #265572;\"><strong>\u00b0 <\/strong>Povjerenstvo za kvalitetu Odsjeka za anglistiku&nbsp;<\/span><\/span><\/span><\/a><\/p>\n<\/td>\n<\/tr>\n<tr style=\"background-color: #ffffff; height: 18px;\" valign=\"middle\">\n<td style=\"font-size: small; padding-left: 10px; line-height: normal; background-color: #ffffff; border-width: 1px 1px 1px 2pt; border-style: solid; border-color: #c8dabb #c8dabb #c8dabb #90c5fc; border-image: initial; height: 10px;\" colspan=\"3\" valign=\"bottom\">\n<p><a href=\"https:\/\/anglist.ffzg.unizg.hr\/?p=48112\"><span style=\"font-size: small;\"><span style=\"font-size: small;\"><span style=\"color: #265572;\"><strong>\u00b0 VA\u017dNO! <\/strong>Obavijest studentima &#8211; primjena prijelazne i izlazne strategije<\/span><\/span><\/span><\/a><\/p>\n<\/td>\n<\/tr>\n<tr style=\"background-color: #ffffff; height: 18px;\" valign=\"middle\">\n<td style=\"font-size: small; padding-left: 10px; line-height: normal; background-color: #ffffff; border-width: 1px 1px 1px 2pt; border-style: solid; border-color: #c8dabb #c8dabb #c8dabb #90c5fc; border-image: initial; height: 10px;\" colspan=\"3\" valign=\"bottom\">\n<p><a href=\"https:\/\/anglist.ffzg.unizg.hr\/?p=42249\"><span style=\"font-size: small;\"><span style=\"font-size: small;\"><span style=\"color: #265572;\"><strong>\u00b0 <\/strong>Raspored za LJETNI semestar ak. god. 2025.\/26. &#8211; PRIJEDIPLOMSKI<\/span><\/span><\/span><\/a><\/p>\n<\/td>\n<\/tr>\n<tr style=\"background-color: #ffffff; height: 18px;\" valign=\"middle\">\n<td style=\"font-size: small; padding-left: 10px; line-height: normal; background-color: #ffffff; border-width: 1px 1px 1px 2pt; border-style: solid; border-color: #c8dabb #c8dabb #c8dabb #90c5fc; border-image: initial; height: 10px;\" colspan=\"3\" valign=\"bottom\">\n<p><a href=\"https:\/\/anglist.ffzg.unizg.hr\/?p=42254\"><span style=\"font-size: small;\"><span style=\"font-size: small;\"><span style=\"color: #265572;\"><strong>\u00b0 <\/strong>Raspored za LJETNI semestar ak. god. 2025.\/26. &#8211; DIPLOMSKI<\/span><\/span><\/span><\/a><\/p>\n<\/td>\n<\/tr>\n<tr style=\"background-color: #ffffff; height: 18px;\" valign=\"middle\">\n<td style=\"font-size: small; padding-left: 10px; line-height: normal; background-color: #ffffff; border-width: 1px 1px 1px 2pt; border-style: solid; border-color: #c8dabb #c8dabb #c8dabb #90c5fc; border-image: initial; height: 10px;\" colspan=\"3\" valign=\"bottom\">\n<p><a href=\"https:\/\/anglist.ffzg.unizg.hr\/?p=47332\"><span style=\"font-size: small;\"><span style=\"font-size: small;\"><span style=\"color: #265572;\"><strong>\u00b0 <\/strong>Obavijest za studente koji nisu polo\u017eili <em>Uvod u knji\u017eevnost 1<\/em> po starom sistemu<\/span><\/span><\/span><\/a><\/p>\n<\/td>\n<\/tr>\n<tr style=\"background-color: #ffffff; height: 18px;\" valign=\"middle\">\n<td style=\"font-size: small; padding-left: 10px; line-height: normal; background-color: #ffffff; border-width: 1px 1px 1px 2pt; border-style: solid; border-color: #c8dabb #c8dabb #c8dabb #90c5fc; border-image: initial; height: 10px;\" colspan=\"3\" valign=\"bottom\">\n<p><span style=\"font-size: small;\"><span style=\"font-size: small;\"><span style=\"color: #265572;\"><a href=\"https:\/\/anglist.ffzg.unizg.hr\/?p=44675\"><strong>\u00b0 <\/strong>Kori\u0161tenje softvera <em><strong>Turnitin<\/strong><\/em> za pomo\u0107 u provjeri autenti\u010dnosti radova (od sije\u010dnja 2024.)<\/a><br \/>\n<\/span><\/span><\/span><\/p>\n<\/td>\n<\/tr>\n<tr style=\"background-color: #ffffff; height: 18px;\" valign=\"middle\">\n<td style=\"font-size: small; padding-left: 10px; line-height: normal; background-color: #ffffff; border: 1px solid #c8dabb; height: 10px; width: 92.5572%; border-left: 2pt solid #90c5fc;\" colspan=\"3\" valign=\"bottom\">\n<p><span style=\"font-size: small;\"><span style=\"font-size: small;\"><span style=\"color: #265572;\"><a href=\"https:\/\/anglist.ffzg.unizg.hr\/?p=42119\"><strong>\u00b0 <\/strong>Va\u017eno! \u2013 naknadne prijave (i odjave) ispita u ISVU sustavu (od rujna 2022.)<\/a><br \/>\n<\/span><\/span><\/span><\/p>\n<\/td>\n<\/tr>\n<\/tbody>\n<\/table>\n<table style=\"width: 76.3868%; height: 129px; border: 0.1px solid #ffffff;\">\n<tbody>\n<tr style=\"background-color: #c1e3d6;\">\n<td style=\"padding-left: 10px; line-height: 1; text-decoration: none; background-color: #c1e3d6; text-align: left; border-color: #ffffff #ffffff #92d1b9; border-style: solid; border-width: 3px; width: 25.4739%; height: 17px;\"><span style=\"font-size: small;\"><strong><span style=\"line-height: normal; color: #3b6ea1;\">Konferencije<\/span><\/strong><\/span><\/td>\n<td style=\"padding-left: 10px; line-height: 1; text-decoration: none; background-color: #ffffff; text-align: left; border: 0.1px solid #ffffff; width: 57.2272%; height: 17px;\"><span style=\"color: #ffffff;\"> __________________&#8212;__ ___________________<\/span><\/td>\n<\/tr>\n<tr>\n<td style=\"padding-left: 10px; line-height: 1; text-decoration: none; border-radius: 5px; border: 2px solid #cce3da; width: 82.7011%; background-color: #ffffff; text-align: left;\" colspan=\"2\"><span style=\"font-size: 10pt; color: #265572;\"><em><strong><a href=\"https:\/\/tec.ffzg.unizg.hr\/\">The English Challenge: A Festival of the English Language<\/a><br \/>\n<\/strong>University of Zagreb, Faculty of Humanities and Social Sciences<\/em><br \/>\n<\/span><\/td>\n<\/tr>\n<tr style=\"background-color: #fafdfe;\">\n<td style=\"padding-left: 10px; line-height: 1; text-decoration: none; border-radius: 5px; border: 2px solid #cce3da; width: 82.7011%; height: 53px; background-color: #ffffff; text-align: left;\" colspan=\"2\"><span style=\"font-size: 10pt; color: #265572;\"><em><a href=\"http:\/\/uzrt.ffzg.unizg.hr\/\" target=\"_blank\" rel=\"noopener noreferrer\"><strong>UZRT 2026<\/strong><\/a><br \/>\nUniversity of Zagreb Roundtable: Empirical Studies in Applied Linguistics<br \/>\n<\/em>(Zagreb, Croatia, 12 June 2026) <\/span><\/td>\n<\/tr>\n<tr style=\"background-color: #fafdfe;\">\n<td style=\"padding-left: 10px; line-height: 1; text-decoration: none; border-radius: 5px; border: 2px solid #cce3da; height: 53px; background-color: #ffffff; text-align: left;\" colspan=\"2\"><span style=\"font-size: 10pt; color: #265572;\"><strong>CfP:<\/strong><em><a href=\"https:\/\/anglophonia.ffzg.unizg.hr\/news\/anglophonia-2026-call-for-papers\"><strong> ANGLOPHONIA: <\/strong><strong>FRAGILITY OF MEANING<\/strong><\/a>&nbsp;: International Anglophone Conference for Young Scholars<br \/>\nUniversity of Zagreb, Faculty of Humanities and Social Sciences<\/em><br \/>\n(Zagreb, Croatia, 27-29 May 2026)<br \/>\n<\/span><\/td>\n<\/tr>\n<tr style=\"background-color: #fafdfe;\">\n<td style=\"padding-left: 10px; line-height: 1; text-decoration: none; border-radius: 5px; border: 2px solid #cce3da; width: 82.7011%; height: 53px; background-color: #ffffff; text-align: left;\" colspan=\"2\"><span style=\"font-size: 10pt; color: #265572;\"><a href=\"https:\/\/angl-conf.ffzg.unizg.hr\/\" target=\"_blank\" rel=\"noopener\"><em><strong>Minds, networks, narratives<\/strong>: 9O Years of the Department of English, University of Zagreb<\/em><\/a><br \/>\n(Zagreb, Croatia, 8-9 November 2024)<br \/>\n<\/span><\/td>\n<\/tr>\n<\/tbody>\n<\/table>\n<table style=\"width: 73.718%; height: 130px; border: 0.1px solid #ffffff;\">\n<tbody>\n<tr style=\"background-color: #b2dbcc;\">\n<td style=\"width: 9.4405%; background-color: #b2dbcc; height: 24px;\">&nbsp;<\/td>\n<td style=\"padding-left: 10px; line-height: 1; text-decoration: none; background-color: #ccddff; border: 0.1px solid #ffffff; width: 63.5323%; height: 24px; text-align: center;\"><a style=\"text-decoration: none;\" href=\"https:\/\/anglist.ffzg.unizg.hr\/?page_id=8722\"><span style=\"font-size: small;\"><strong><span style=\"line-height: normal; color: #3b6ea1;\">Novija izdanja djelatnika Odsjeka za anglistiku<\/span><\/strong><\/span><\/a><\/td>\n<td style=\"width: 10.102%; background-color: #b2dbcc; height: 24px;\">&nbsp;<\/td>\n<\/tr>\n<tr style=\"height: 88px;\">\n<td style=\"width: 83.0748%; padding-left: 10px; background-color: #ccddff; height: 54px;\" colspan=\"3\"><a href=\"https:\/\/anglist.ffzg.unizg.hr\/?page_id=8722\"><span style=\"font-size: small;\"><strong><span style=\"line-height: normal; color: #ffffff;\"><img decoding=\"async\" class=\"aligncenter\" src=\"https:\/\/anglist.ffzg.unizg.hr\/wp-content\/uploads\/2024\/04\/knjige-naslovnica5.png\" alt=\"\"\/><\/span><\/strong><\/span><\/a><\/td>\n<\/tr>\n<\/tbody>\n<\/table>\n<p style=\"text-align: center;\"><img decoding=\"async\" title=\" \" src=\"https:\/\/anglist.ffzg.unizg.hr\/wp-content\/uploads\/2015\/03\/odsjek-logo3.png\" alt=\"odsjek-logo\"\/><span style=\"color: #a4b8bf;\"><a style=\"color: #a4b8bf; text-decoration: none;\" href=\"https:\/\/anglist.ffzg.unizg.hr\/?p=39665\">\u21d2<\/a><\/span><\/p>\n","protected":false},"excerpt":{"rendered":"<p>OGLASNA PLO\u010cA Administrativne i nastavne obavijesti, obrasci i molbe Znanstvene i stru\u010dne obavijesti Aktualno izdvojene obavijesti \u21d3 &nbsp; &nbsp; \u00b0 Povjerenstvo za kvalitetu Odsjeka za anglistiku&nbsp; \u00b0 VA\u017dNO! Obavijest studentima &#8211; primjena prijelazne i izlazne strategije \u00b0 Raspored za LJETNI semestar ak. god. 2025.\/26. &#8211; PRIJEDIPLOMSKI \u00b0 Raspored za LJETNI semestar ak. god. 2025.\/26. &#8211; [&hellip;]<\/p>\n","protected":false},"author":6,"featured_media":0,"parent":0,"menu_order":0,"comment_status":"closed","ping_status":"closed","template":"","meta":{"ngg_post_thumbnail":0,"footnotes":""},"class_list":["post-38804","page","type-page","status-publish","hentry"],"_links":{"self":[{"href":"https:\/\/anglist.ffzg.unizg.hr\/index.php?rest_route=\/wp\/v2\/pages\/38804","targetHints":{"allow":["GET"]}}],"collection":[{"href":"https:\/\/anglist.ffzg.unizg.hr\/index.php?rest_route=\/wp\/v2\/pages"}],"about":[{"href":"https:\/\/anglist.ffzg.unizg.hr\/index.php?rest_route=\/wp\/v2\/types\/page"}],"author":[{"embeddable":true,"href":"https:\/\/anglist.ffzg.unizg.hr\/index.php?rest_route=\/wp\/v2\/users\/6"}],"replies":[{"embeddable":true,"href":"https:\/\/anglist.ffzg.unizg.hr\/index.php?rest_route=%2Fwp%2Fv2%2Fcomments&post=38804"}],"version-history":[{"count":567,"href":"https:\/\/anglist.ffzg.unizg.hr\/index.php?rest_route=\/wp\/v2\/pages\/38804\/revisions"}],"predecessor-version":[{"id":49269,"href":"https:\/\/anglist.ffzg.unizg.hr\/index.php?rest_route=\/wp\/v2\/pages\/38804\/revisions\/49269"}],"wp:attachment":[{"href":"https:\/\/anglist.ffzg.unizg.hr\/index.php?rest_route=%2Fwp%2Fv2%2Fmedia&parent=38804"}],"curies":[{"name":"wp","href":"https:\/\/api.w.org\/{rel}","templated":true}]}}