{"id":38794,"date":"2021-02-24T15:20:31","date_gmt":"2021-02-24T14:20:31","guid":{"rendered":"http:\/\/anglist.ffzg.unizg.hr\/?page_id=38794"},"modified":"2026-03-20T16:20:33","modified_gmt":"2026-03-20T15:20:33","slug":"znanstvene-i-strucne-obavijesti","status":"publish","type":"page","link":"https:\/\/anglist.ffzg.unizg.hr\/?page_id=38794","title":{"rendered":"Znanstvene i stru\u010dne obavijesti"},"content":{"rendered":"<table style=\"width: 87.2884%; height: 658px; border: 0.1px solid #ffffff;\">\n<tbody>\n<tr style=\"background-color: #bbd5e8; height: 18px;\">\n<td style=\"padding-left: 10px; line-height: 1; text-decoration: none; background-color: #72b07e; border: 7px solid #ffffff; vertical-align: middle; height: 18px; width: 19.8077%; text-align: left;\"><strong><a style=\"text-decoration: none;\" href=\"https:\/\/anglist.ffzg.unizg.hr\/\"><span style=\"font-size: small;\"><span style=\"line-height: normal; color: #ffffff;\"><span style=\"font-family: arial, helvetica, sans-serif;\">Aktualno<\/span><\/span><\/span><\/a><\/strong><\/td>\n<td style=\"padding-left: 1px; line-height: normal; background-color: #d5d5f5; border-radius: 5px; border-color: #ffffff #ffffff #e2c2ff; border-style: solid; border-width: 2px; vertical-align: middle; height: 18px; width: 94.5656%; text-align: center;\"><strong><span style=\"font-size: 9;\"><span style=\"font-size: 9;\"><span style=\"color: #265572;\"><span style=\"color: #567c94;\"><span style=\"font-size: 10pt;\"><br \/>\nZNANSTVENE I STRU\u010cNE OBAVIJESTI<\/span><\/span><br \/>\n<\/span><\/span><\/span><\/strong><\/td>\n<td style=\"padding-left: 10px; line-height: 1; text-decoration: none; background-color: #76a2cf; border: 7px solid #ffffff; height: 18px; width: 30.5267%; text-align: left;\"><strong><a style=\"text-decoration: none;\" href=\"https:\/\/anglist.ffzg.unizg.hr\/?page_id=38786\"><span style=\"color: #ffffff;\"><span style=\"color: #ffffff;\"><span style=\"font-family: arial, helvetica, sans-serif;\"><span style=\"font-size: small;\">Administrativne i nastavne obavijesti, <\/span><\/span><\/span><span style=\"color: #ffffff;\"><span style=\"font-family: arial, helvetica, sans-serif;\"><span style=\"font-size: small;\">obrasci i molbe<\/span><\/span><\/span><\/span><\/a><\/strong><\/td>\n<\/tr>\n<tr style=\"height: 41px;\">\n<td style=\"font-size: small; padding-left: 10px; line-height: normal; background-color: #ffffff; border-width: 1px 1px 1px 2pt; border-style: solid; border-color: #c8dabb #c8dabb #c8dabb #90c5fc; border-image: initial; width: 144.9%; height: 41px;\" colspan=\"3\">\n<p><a href=\"https:\/\/web2020.ffzg.unizg.hr\/blog\/2026\/03\/20\/drugi-krug-natjecaja-za-sufinanciranje-studentskih-projekata-za-kalendarsku-godinu-2026\/\"><span style=\"font-size: small;\"><span style=\"color: #265572;\">\u00b0 Drugi krug natje\u010daja za sufinanciranje studentskih projekata za kalendarsku godinu 2026. (rok za prijave: 7. travnja 2026.)<\/span><\/span><\/a><\/p>\n<\/td>\n<\/tr>\n<tr style=\"background-color: #ffffff; height: 18px;\" valign=\"middle\">\n<td style=\"font-size: small; padding-left: 10px; line-height: normal; background-color: #ffffff; border-width: 1px 1px 1px 2pt; border-style: solid; border-color: #c8dabb #c8dabb #c8dabb #90c5fc; border-image: initial; height: 10px; width: 144.9%;\" colspan=\"3\" valign=\"bottom\">\n<p><a href=\"https:\/\/anglist.ffzg.unizg.hr\/?p=48036\"><span style=\"font-size: small;\"><span style=\"color: #265572;\"><strong>\u00b0<\/strong><\/span><\/span> Scottish Universities\u2019 International Summer School \u2013 scholarships application deadline 24th April 2026&nbsp;<\/a><\/p>\n<\/td>\n<\/tr>\n<tr style=\"height: 15px;\">\n<td style=\"font-size: small; padding-left: 10px; line-height: normal; background-color: #ffffff; border-width: 1px 1px 1px 1pt; border-style: solid; border-color: #c8dabb; border-image: initial; height: 10px; width: 144.9%;\" colspan=\"3\"><span style=\"color: #8d84b0;\">STARE OBAVIJESTI:<\/span><\/td>\n<\/tr>\n<tr>\n<td style=\"font-size: small; padding-left: 10px; line-height: normal; background-color: #ffffff; border-width: 1px 1px 1px 1pt; border-style: solid; border-color: #c8dabb; border-image: initial; width: 144.9%;\" colspan=\"3\">\n<p><span style=\"font-size: small; color: #808080;\"><span style=\"font-size: small;\"><span style=\"font-size: 8pt;\"><a style=\"color: #808080;\" href=\"https:\/\/anglist.ffzg.unizg.hr\/wp-content\/uploads\/2025\/12\/CfA_GSNAS_2025-26-Doctoral-Grants-Freie.pdf\" target=\"_blank\" rel=\"noopener\"><strong>\u00b0<\/strong> CfA-Doctoral Grants GSNAS Freie Universit\u00e4t Berlin (deadline 31 Jan 2026)<\/a><\/span><\/span><\/span><\/p>\n<\/td>\n<\/tr>\n<tr style=\"height: 41px;\">\n<td style=\"font-size: small; padding-left: 10px; line-height: normal; background-color: #ffffff; border-width: 1px 1px 1px 1pt; border-style: solid; border-color: #c8dabb; border-image: initial; height: 41px;\" colspan=\"3\">\n<p><span style=\"font-size: small; color: #808080;\"><span style=\"font-size: small;\"><span style=\"font-size: 8pt;\">\u00b0 <a style=\"color: #808080;\" href=\"https:\/\/web2020.ffzg.unizg.hr\/blog\/2026\/01\/30\/natjecaj-za-sufinanciranje-studentskih-projekata-za-2026-godinu\/\">Natje\u010daj za sufinanciranje studentskih projekata za kalendarsku godinu 2026. (rok za prijave: 24. velja\u010de 2026.)<\/a><\/span><\/span><\/span><\/p>\n<\/td>\n<\/tr>\n<tr style=\"height: 41px;\">\n<td style=\"font-size: small; padding-left: 10px; line-height: normal; background-color: #ffffff; border-width: 1px 1px 1px 1pt; border-style: solid; border-color: #c8dabb; border-image: initial; height: 41px;\" colspan=\"3\">\n<p><a href=\"https:\/\/anglist.ffzg.unizg.hr\/?p=46825\"><span style=\"font-size: small; color: #808080;\"><span style=\"font-size: small;\"><span style=\"font-size: 8pt;\">\u00b0 Scottish Universities\u2019 International Summer School \u2013 scholarships application deadline 25th April 2025<\/span><\/span><\/span><\/a><\/p>\n<\/td>\n<\/tr>\n<tr style=\"height: 41px;\">\n<td style=\"font-size: small; padding-left: 10px; line-height: normal; background-color: #ffffff; border-width: 1px 1px 1px 1pt; border-style: solid; border-color: #c8dabb; border-image: initial; height: 41px;\" colspan=\"3\">\n<p><a href=\"https:\/\/anglist.ffzg.unizg.hr\/?p=47373\"><span style=\"font-size: small; color: #808080;\"><span style=\"font-size: small;\"><span style=\"font-size: 8pt;\">\u00b0 Emerging Scholars\u2019 Forum at the BAA Conference 2025 on \u201cLabor, Unions, and the Future of Work\u201d | Amerikahaus Munich, July 10-12, 202 (PhD students, deadline April 30, 2025)<\/span><\/span><\/span><\/a><\/p>\n<\/td>\n<\/tr>\n<tr style=\"height: 41px;\">\n<td style=\"font-size: small; padding-left: 10px; line-height: normal; background-color: #ffffff; border-width: 1px 1px 1px 1pt; border-style: solid; border-color: #c8dabb; border-image: initial; height: 41px;\" colspan=\"3\">\n<p><span style=\"font-size: small; color: #808080;\"><span style=\"font-size: small;\"><span style=\"font-size: 8pt;\">\u00b0 University of Strasbourg undergraduate summer conference: European views of the American Revolution, 1776- 1804. (Strasbourg, June 9-20, 2025.; deadline: March 10)<\/span><\/span><\/span><\/p>\n<\/td>\n<\/tr>\n<tr style=\"height: 41px;\">\n<td style=\"font-size: small; padding-left: 10px; line-height: normal; background-color: #ffffff; border-width: 1px 1px 1px 1pt; border-style: solid; border-color: #c8dabb; border-image: initial; height: 41px;\" colspan=\"3\">\n<p><span style=\"font-size: small; color: #808080;\"><span style=\"font-size: small;\"><span style=\"font-size: 8pt;\">\u00b0 Natje\u010daj za stipendiju na Sveu\u010dili\u0161tu u Regensburgu u 2025.: doktorandi i poslijedoktorandi (Rok za prijave: 20. velja\u010de 2025.)<\/span><\/span><\/span><\/p>\n<\/td>\n<\/tr>\n<tr style=\"height: 41px;\">\n<td style=\"font-size: small; padding-left: 10px; line-height: normal; background-color: #ffffff; border-width: 1px 1px 1px 1pt; border-style: solid; border-color: #c8dabb; border-image: initial; height: 41px;\" colspan=\"3\">\n<p><a href=\"https:\/\/anglist.ffzg.unizg.hr\/?p=46983\"><span style=\"font-size: small; color: #808080;\"><span style=\"font-size: small;\"><span style=\"font-size: 8pt;\">\u00b0 Doctoral Grants GSNAS Freie Universit\u00e4t Berlin (deadline 31 Jan 2025)<\/span><\/span><\/span><\/a><\/p>\n<\/td>\n<\/tr>\n<tr style=\"height: 41px;\">\n<td style=\"font-size: small; padding-left: 10px; line-height: normal; background-color: #ffffff; border-width: 1px 1px 1px 1pt; border-style: solid; border-color: #c8dabb; border-image: initial; height: 41px;\" colspan=\"3\">\n<p><span style=\"font-size: small; color: #808080;\"><span style=\"font-size: small;\"><span style=\"font-size: 8pt;\"><a style=\"color: #808080;\" href=\"https:\/\/anglist.ffzg.unizg.hr\/?p=45658\"><strong>\u00b0 <\/strong>DAAD scholarship for the Graduate School Practices of Literature (PhD) (deadline May 31, 2024)<\/a><\/span><\/span><\/span><\/p>\n<\/td>\n<\/tr>\n<tr style=\"height: 41px;\">\n<td style=\"font-size: small; padding-left: 10px; line-height: normal; background-color: #ffffff; border-width: 1px 1px 1px 1pt; border-style: solid; border-color: #c8dabb; border-image: initial; width: 144.9%; height: 41px;\" colspan=\"3\">\n<p><span style=\"font-size: small; color: #808080;\"><span style=\"font-size: small;\"><span style=\"font-size: 8pt;\"><a style=\"color: #808080;\" href=\"https:\/\/anglist.ffzg.unizg.hr\/?p=44424\">\u00b0 Scottish Universities&#8217; International Summer School &#8211; scholarships application deadline March 28, 2024<\/a><\/span><\/span><\/span><\/p>\n<\/td>\n<\/tr>\n<tr style=\"height: 41px;\">\n<td style=\"font-size: small; padding-left: 10px; line-height: normal; background-color: #ffffff; border-width: 1px 1px 1px 1pt; border-style: solid; border-color: #c8dabb; border-image: initial; height: 41px; width: 144.9%;\" colspan=\"3\">\n<p><a href=\"https:\/\/anglist.ffzg.unizg.hr\/?p=43719\"><span style=\"font-size: small;\"><span style=\"font-size: small;\"><span style=\"color: #265572;\"><span style=\"color: #808080;\"><span style=\"color: #808080; font-size: 8pt;\">\u00b0 Call for Applications: Visiting PhD student program at SINAS, Fall 2023 (deadline 6 August 2023)<\/span><\/span><\/span><\/span><\/span><\/a><\/p>\n<\/td>\n<\/tr>\n<tr style=\"height: 41px;\">\n<td style=\"font-size: small; padding-left: 10px; line-height: normal; background-color: #ffffff; border-width: 1px 1px 1px 1pt; border-style: solid; border-color: #c8dabb; border-image: initial; height: 41px; width: 144.9%;\" colspan=\"3\">\n<p><a href=\"https:\/\/anglist.ffzg.unizg.hr\/?p=42856\"><span style=\"font-size: small;\"><span style=\"color: #265572;\"><span style=\"color: #808080;\"><span style=\"color: #808080; font-size: 8pt;\">\u00b0 British Scholarship Trust for masters and\/or postgraduate students \u2013 deadline March 3, 2023<\/span><\/span><\/span><\/span><\/a><\/p>\n<\/td>\n<\/tr>\n<tr style=\"height: 41px;\">\n<td style=\"font-size: small; padding-left: 10px; line-height: normal; background-color: #ffffff; border-width: 1px 1px 1px 1pt; border-style: solid; border-color: #c8dabb; border-image: initial; width: 144.9%; height: 41px;\" colspan=\"3\">\n<p><a href=\"https:\/\/anglist.ffzg.unizg.hr\/?p=42807\"><span style=\"font-size: small;\"><span style=\"color: #265572;\"><strong><span style=\"color: #808080; font-size: 8pt;\">\u00b0 <\/span><\/strong><span style=\"color: #808080; font-size: 8pt;\">Scottish Universities&#8217; International Summer School &#8211; scholarships application deadline March 27, 2023<\/span><\/span><\/span><\/a><\/p>\n<\/td>\n<\/tr>\n<tr style=\"background-color: #ffffff; height: 18px;\" valign=\"middle\">\n<td style=\"font-size: small; padding-left: 10px; line-height: normal; background-color: #ffffff; border-width: 1px 1px 1px 1pt; border-style: solid; border-color: #c8dabb; border-image: initial; height: 10px; width: 144.9%;\" colspan=\"3\" valign=\"bottom\">\n<p><span style=\"font-size: small;\"><span style=\"font-size: small;\"><span style=\"color: #265572;\"><span style=\"color: #808080; font-size: 8pt;\"><a style=\"color: #808080;\" href=\"https:\/\/anglist.ffzg.unizg.hr\/?p=42822\"><strong>\u00b0&nbsp;<\/strong>Doctoral Grants GSNAS Freie Universit\u00e4t Berlin (deadline 31 Jan 2023)<\/a><\/span><br \/>\n<\/span><\/span><\/span><\/p>\n<\/td>\n<\/tr>\n<tr style=\"background-color: #ffffff; height: 18px;\" valign=\"middle\">\n<td style=\"font-size: small; padding-left: 10px; line-height: normal; background-color: #ffffff; border-width: 1px 1px 1px 1pt; border-style: solid; border-color: #c8dabb; border-image: initial; height: 10px; width: 144.9%;\" colspan=\"3\" valign=\"bottom\">\n<p><span style=\"font-size: small;\"><span style=\"font-size: small;\"><span style=\"color: #265572;\"><a href=\"https:\/\/anglist.ffzg.unizg.hr\/?p=41915\"><strong><span style=\"color: #808080; font-size: 8pt;\">\u00b0 <\/span><\/strong><span style=\"color: #808080; font-size: 8pt;\">Poziv na izlo\u017ebu \u201ePovijest Irske u 10 rije\u010di\u201d (6. do 10. lipnja 2022.)<\/span><\/a><br \/>\n<\/span><\/span><\/span><\/p>\n<\/td>\n<\/tr>\n<tr style=\"background-color: #ffffff; height: 18px;\" valign=\"middle\">\n<td style=\"font-size: small; padding-left: 10px; line-height: normal; background-color: #ffffff; border-width: 1px 1px 1px 1pt; border-style: solid; border-color: #c8dabb; border-image: initial; height: 10px; width: 144.9%;\" colspan=\"3\" valign=\"bottom\">\n<p><span style=\"font-size: 8pt; color: #808080;\"><a style=\"color: #808080;\" href=\"https:\/\/anglist.ffzg.unizg.hr\/?p=41893\"><strong>\u00b0 <\/strong>PROGRAM me\u0111unarodne studentske konferencije kognitivne znanosti \u2013 MEiCogSci (23.-25. lipnja 2022.)<\/a><br \/>\n<\/span><\/p>\n<\/td>\n<\/tr>\n<tr style=\"background-color: #ffffff; height: 18px;\" valign=\"middle\">\n<td style=\"font-size: small; padding-left: 10px; line-height: normal; background-color: #ffffff; border-width: 1px 1px 1px 1pt; border-style: solid; border-color: #c8dabb; border-image: initial; height: 10px; width: 144.9%;\" colspan=\"3\" valign=\"bottom\">\n<p><span style=\"font-size: 8pt; color: #808080;\"><a style=\"color: #808080;\" href=\"https:\/\/anglist.ffzg.unizg.hr\/?p=41905\"><strong>\u00b0 <\/strong>Call for Applications: doctoral and postdoctoral positions (N\u00fcrnberg) (deadline 6 July 2022)<\/a><br \/>\n<\/span><\/p>\n<\/td>\n<\/tr>\n<tr style=\"background-color: #ffffff; height: 18px;\" valign=\"middle\">\n<td style=\"font-size: small; padding-left: 10px; line-height: normal; background-color: #ffffff; border-width: 1px 1px 1px 1pt; border-style: solid; border-color: #c8dabb; border-image: initial; height: 10px; width: 144.9%;\" colspan=\"3\" valign=\"bottom\">\n<p><span style=\"font-size: 8pt; color: #808080;\"><a style=\"color: #808080;\" href=\"https:\/\/anglist.ffzg.unizg.hr\/?p=41936\"><strong>\u00b0 <\/strong>The international conference \u201cMaking Imagined Objects\u201d dedicated to Alasdair Gray (online, June 16 and 17, 2022)<\/a><br \/>\n<\/span><\/p>\n<\/td>\n<\/tr>\n<tr style=\"background-color: #ffffff; height: 18px;\" valign=\"middle\">\n<td style=\"font-size: small; padding-left: 10px; line-height: normal; background-color: #ffffff; border-width: 1px 1px 1px 1pt; border-style: solid; border-color: #c8dabb; border-image: initial; height: 10px; width: 144.9%;\" colspan=\"3\" valign=\"bottom\">\n<p><span style=\"font-size: 8pt; color: #808080;\"><a style=\"color: #808080;\" href=\"https:\/\/anglist.ffzg.unizg.hr\/wp-content\/uploads\/2022\/05\/DG_TRAD_traineeship_HR-2022-staziranje-EU-parlament.pdf\" target=\"_blank\" rel=\"noopener\"><strong>\u00b0 <\/strong>Petomjese\u010dno sta\u017eiranje pri Europskom parlamentu u Luxembourgu ili Bruxellesu &#8211; rok 31. svibnja 2022.<\/a><br \/>\n<\/span><\/p>\n<\/td>\n<\/tr>\n<tr style=\"background-color: #ffffff; height: 18px;\" valign=\"middle\">\n<td style=\"font-size: small; padding-left: 10px; line-height: normal; background-color: #ffffff; border-width: 1px 1px 1px 1pt; border-style: solid; border-color: #c8dabb; border-image: initial; height: 10px; width: 144.9%;\" colspan=\"3\" valign=\"bottom\">\n<p><span style=\"font-size: 8pt; color: #808080;\"><a style=\"color: #808080;\" href=\"https:\/\/anglist.ffzg.unizg.hr\/?p=40780\"><strong> \u00b0 <\/strong>Scottish Universities&#8217; International Summer School &#8211; deadline for applying for a scholarship 25 March 2022<\/a><br \/>\n<\/span><\/p>\n<\/td>\n<\/tr>\n<tr style=\"background-color: #ffffff; height: 18px;\" valign=\"middle\">\n<td style=\"font-size: small; padding-left: 10px; line-height: normal; background-color: #ffffff; border-width: 1px 1px 1px 1pt; border-style: solid; border-color: #c8dabb; border-image: initial; height: 10px; width: 144.9%;\" colspan=\"3\" valign=\"bottom\">\n<p><span style=\"font-size: 8pt; color: #808080;\"><a style=\"color: #808080;\" href=\"https:\/\/anglist.ffzg.unizg.hr\/?p=33405\"><strong> \u00b0 <\/strong>Doctoral Grants GSNAS Freie Universit\u00e4t Berlin (deadline 30 Nov 2021)<\/a><br \/>\n<\/span><\/p>\n<\/td>\n<\/tr>\n<tr style=\"background-color: #ffffff; height: 18px;\" valign=\"middle\">\n<td style=\"font-size: small; padding-left: 10px; line-height: normal; background-color: #ffffff; border-width: 1px 1px 1px 1pt; border-style: solid; border-color: #c8dabb; border-image: initial; height: 10px; width: 144.9%;\" colspan=\"3\" valign=\"bottom\">\n<p><span style=\"font-size: 8pt; color: #808080;\"><a style=\"color: #808080;\" href=\"https:\/\/anglist.ffzg.unizg.hr\/?p=40743\"><strong> \u00b0 <\/strong>CFP: HCA SPRING ACADEMY 2022 (for Ph.D. students) (deadline 15 Nov 2021)<\/a><br \/>\n<\/span><\/p>\n<\/td>\n<\/tr>\n<tr style=\"background-color: #ffffff; height: 18px;\" valign=\"middle\">\n<td style=\"font-size: small; padding-left: 5px; line-height: normal; background-color: #ffffff; border: 1px solid #c8dabb; height: 10px; width: 144.9%;\" colspan=\"3\" valign=\"bottom\">\n<p><span style=\"font-size: 8pt; color: #808080;\"><a style=\"color: #808080;\" href=\"https:\/\/anglist.ffzg.unizg.hr\/?p=39822\"> \u00b0 Poziv na Ve\u010deri Klasi\u010dnog Hollywooda (5. \u2013 26. svibnja 2021.)<\/a><br \/>\n<\/span><\/p>\n<\/td>\n<\/tr>\n<tr style=\"background-color: #bbd5e8; height: 18px;\" valign=\"bottom\">\n<td style=\"font-size: small; padding-left: 9px; line-height: normal; background-color: #ffffff; border-radius: 5px; border: 1px solid #c8dabb; height: 18px; width: 144.9%;\" colspan=\"3\" valign=\"bottom\"><span style=\"font-size: 8pt; color: #808080;\"> \u00b0 Interview: <a style=\"color: #808080;\" href=\"https:\/\/erc.europa.eu\/news-events\/magazine\/erc-welcomes-first-croatian-member-scientific-council?fbclid=IwAR1dJ7RP2IqL6krKroshYnWWZv7UhLa98PCFKouwVf85jP6tCd2CuqVICNU\" target=\"_blank\" rel=\"noopener noreferrer\">New ERC Scientific Council Member, linguist Milena \u017dic Fuchs<\/a> (29 April 2020)<br \/>\n<\/span><\/td>\n<\/tr>\n<\/tbody>\n<\/table>\n","protected":false},"excerpt":{"rendered":"<p>Aktualno ZNANSTVENE I STRU\u010cNE OBAVIJESTI Administrativne i nastavne obavijesti, obrasci i molbe \u00b0 Drugi krug natje\u010daja za sufinanciranje studentskih projekata za kalendarsku godinu 2026. (rok za prijave: 7. travnja 2026.) \u00b0 Scottish Universities\u2019 International Summer School \u2013 scholarships application deadline 24th April 2026&nbsp; STARE OBAVIJESTI: \u00b0 CfA-Doctoral Grants GSNAS Freie Universit\u00e4t Berlin (deadline 31 Jan [&hellip;]<\/p>\n","protected":false},"author":6,"featured_media":0,"parent":0,"menu_order":0,"comment_status":"closed","ping_status":"closed","template":"","meta":{"ngg_post_thumbnail":0,"footnotes":""},"class_list":["post-38794","page","type-page","status-publish","hentry"],"_links":{"self":[{"href":"https:\/\/anglist.ffzg.unizg.hr\/index.php?rest_route=\/wp\/v2\/pages\/38794","targetHints":{"allow":["GET"]}}],"collection":[{"href":"https:\/\/anglist.ffzg.unizg.hr\/index.php?rest_route=\/wp\/v2\/pages"}],"about":[{"href":"https:\/\/anglist.ffzg.unizg.hr\/index.php?rest_route=\/wp\/v2\/types\/page"}],"author":[{"embeddable":true,"href":"https:\/\/anglist.ffzg.unizg.hr\/index.php?rest_route=\/wp\/v2\/users\/6"}],"replies":[{"embeddable":true,"href":"https:\/\/anglist.ffzg.unizg.hr\/index.php?rest_route=%2Fwp%2Fv2%2Fcomments&post=38794"}],"version-history":[{"count":88,"href":"https:\/\/anglist.ffzg.unizg.hr\/index.php?rest_route=\/wp\/v2\/pages\/38794\/revisions"}],"predecessor-version":[{"id":49230,"href":"https:\/\/anglist.ffzg.unizg.hr\/index.php?rest_route=\/wp\/v2\/pages\/38794\/revisions\/49230"}],"wp:attachment":[{"href":"https:\/\/anglist.ffzg.unizg.hr\/index.php?rest_route=%2Fwp%2Fv2%2Fmedia&parent=38794"}],"curies":[{"name":"wp","href":"https:\/\/api.w.org\/{rel}","templated":true}]}}