{"id":21839,"date":"2015-07-01T07:08:28","date_gmt":"2015-07-01T06:08:28","guid":{"rendered":"http:\/\/anglist.ffzg.unizg.hr\/?page_id=21839"},"modified":"2024-03-04T15:09:52","modified_gmt":"2024-03-04T14:09:52","slug":"casopis-patchwork","status":"publish","type":"page","link":"https:\/\/anglist.ffzg.unizg.hr\/?page_id=21839","title":{"rendered":"\u010casopis Patchwork"},"content":{"rendered":"<p style=\"line-height: normal; text-align: justify;\"><span style=\"font-size: small;\">Dragi studenti i profesori,<\/span><br \/>\n<span style=\"font-size: 10pt;\">\u010cast nam je predstaviti vam \u010dasopis studenata Odsjeka za anglistiku <strong><em>Patchwork<\/em><\/strong>. <\/span><br \/>\n<span style=\"font-size: 10pt;\">Zahvaljujemo svim studentima na ulo\u017eem trudu, vremenu i strpljenju <\/span><br \/>\n<span style=\"font-size: 10pt;\">U\u017eivajte u \u010ditanju! <\/span><br \/>\n<span style=\"font-size: 10pt;\">Uredni\u0161tvo<\/p>\n<p><\/span><\/p>\n<table style=\"border-color: #5991c2; width: 95.84%; height: 440px;\">\n<tbody>\n<tr style=\"height: 53px; background-color: #f5fcf5; border-color: #5991c2;\">\n<td style=\"height: 53px; border-color: #5991c2; width: 44.32%;\"><span style=\"font-size: 10pt;\"><strong>\u00ba Broj 7 (listopad 2021.)<\/strong><\/span><\/td>\n<td style=\"height: 53px; border-color: #5991c2; width: 55.52%;\"><span style=\"font-size: 10pt;\">Sedmi broj u PDF formatu:<br \/>\n<a href=\"https:\/\/patchwork.ffzg.unizg.hr\/patchwork-no-7\/\" target=\"_blank\" rel=\"noopener noreferrer\">https:\/\/patchwork.ffzg.unizg.hr\/patchwork-no-7\/<\/a><\/span><\/td>\n<\/tr>\n<tr style=\"height: 53px; background-color: #f5fcf5; border-color: #5991c2;\">\n<td style=\"height: 53px; border-color: #5991c2; width: 44.32%; background-color: #ffffff;\"><span style=\"font-size: 10pt;\"><strong>\u00ba Broj 6: Patchwork. <em>Horizons<\/em> (travanj 2021.)<\/strong><\/span><\/td>\n<td style=\"height: 53px; border-color: #5991c2; width: 55.52%; background-color: #ffffff;\"><span style=\"font-size: 10pt;\">\u0160esti broj u PDF formatu: Patchwork: <em>Horizons<\/em>: <br \/>\n<a href=\"https:\/\/patchwork.ffzg.unizg.hr\/patchwork-horizons\/\" target=\"_blank\" rel=\"noopener noreferrer\">https:\/\/patchwork.ffzg.unizg.hr\/patchwork-horizons\/<\/a><\/span><\/td>\n<\/tr>\n<tr style=\"height: 53px; background-color: #f5fcf5; border-color: #5991c2;\">\n<td style=\"height: 53px; border-color: #5991c2; width: 44.32%;\"><span style=\"font-size: 10pt;\"><strong> \u00ba Broj 5: Patchwork. <em>New Frontiers <\/em>(srpanj 2020.)<\/strong><\/span><\/td>\n<td style=\"height: 53px; border-color: #5991c2; width: 55.52%;\"><span style=\"font-size: 10pt;\">Peti broj u PDF formatu: Patchwork: <em>New Frontiers<\/em>:<br \/>\n<a href=\"https:\/\/patchwork.ffzg.unizg.hr\/patchwork-new-frontiers-2\/\" target=\"_blank\" rel=\"noopener noreferrer\">https:\/\/patchwork.ffzg.unizg.hr\/patchwork-new-frontiers-2\/<\/a><\/span><\/td>\n<\/tr>\n<tr style=\"height: 53px; background-color: #f5fcf5; border-color: #5991c2;\">\n<td style=\"height: 53px; border-color: #5991c2; width: 44.32%; background-color: #ffffff;\"><span style=\"font-size: 10pt;\"><strong> \u00ba Broj 4 (travanj 2020.)<\/strong><\/span><\/td>\n<td style=\"height: 53px; border-color: #5991c2; width: 55.52%; background-color: #ffffff;\"><span style=\"font-size: 10pt;\">\u010cetvrti broj u PDF formatu:<br \/>\n<a href=\"https:\/\/patchwork.ffzg.unizg.hr\/patchwork-no-4\/\" target=\"_blank\" rel=\"noopener noreferrer\">https:\/\/patchwork.ffzg.unizg.hr\/patchwork-no-4\/<\/a><\/span><\/td>\n<\/tr>\n<tr style=\"height: 53px; background-color: #f5fcf5; border-color: #5991c2;\">\n<td style=\"height: 53px; border-color: #5991c2; width: 44.32%;\"><span style=\"font-size: 10pt;\"><strong> \u00ba Broj 3 (studeni 2017.)<\/strong><\/span><\/td>\n<td style=\"height: 53px; border-color: #5991c2; width: 55.52%;\"><span style=\"font-size: 10pt;\">Tre\u0107i broj u PDF formatu:<br \/>\n<a href=\"https:\/\/patchwork.ffzg.unizg.hr\/patchwork-no-3\/\" target=\"_blank\" rel=\"noopener noreferrer\">https:\/\/patchwork.ffzg.unizg.hr\/patchwork-no-3\/<\/a><\/span><\/td>\n<\/tr>\n<tr style=\"height: 53px; background-color: #f5fcf5; border-color: #5991c2;\">\n<td style=\"height: 53px; border-color: #5991c2; width: 44.32%; background-color: #ffffff;\"><span style=\"font-size: 10pt;\"><strong>\u00ba Special issue: <em>Words to Works<\/em>: <br \/>\n&nbsp;&nbsp; conference proceedings <br \/>\n&nbsp;&nbsp; (listopad 2016.)<\/strong><span style=\"color: #336699;\"><br \/>\n<\/span><\/span><\/td>\n<td style=\"height: 53px; border-color: #5991c2; width: 55.52%; background-color: #ffffff;\"><span style=\"font-size: 10pt;\">Special issue u PDF formatu:<br \/>\n<a href=\"https:\/\/patchwork.ffzg.unizg.hr\/patchwork-words-to-works-2\/\" target=\"_blank\" rel=\"noopener noreferrer\">https:\/\/patchwork.ffzg.unizg.hr\/patchwork-words-to-works-2\/<\/a><br \/>\n<\/span><\/td>\n<\/tr>\n<tr style=\"height: 53px; background-color: #f5fcf5; border-color: #5991c2;\">\n<td style=\"height: 53px; border-color: #5991c2; width: 44.32%;\"><span style=\"font-size: 10pt;\"><strong>\u00ba Broj 2 (svibanj 2016.)<\/strong><span style=\"color: #336699;\"><br \/>\n<\/span><\/span><\/td>\n<td style=\"height: 53px; border-color: #5991c2; width: 55.52%;\"><span style=\"font-size: 10pt;\">Drugi broj u PDF formatu:<\/span><br \/>\n<a href=\"https:\/\/patchwork.ffzg.unizg.hr\/patchwork-no-2\/\" target=\"_blank\" rel=\"noopener noreferrer\"><span style=\"font-size: 10pt;\">https:\/\/patchwork.ffzg.unizg.hr\/patchwork-no-2\/<\/span><\/a><\/td>\n<\/tr>\n<tr style=\"height: 53.3333px; background-color: #f5fcf5; border-color: #5991c2;\">\n<td style=\"height: 53.3333px; border-color: #5991c2; width: 44.32%; background-color: #ffffff;\"><strong><span style=\"font-size: 10pt;\"><span style=\"color: #336699;\">\u00ba <\/span>Broj 1 (srpanj 2015.)<\/span><\/strong><\/td>\n<td style=\"height: 53.3333px; border-color: #5991c2; width: 55.52%; background-color: #ffffff;\"><span style=\"font-size: 10pt;\">Prvi broj u PDF formatu:<br \/>\n<\/span><a href=\"https:\/\/patchwork.ffzg.unizg.hr\/patchwork-1\/\" target=\"_blank\" rel=\"noopener noreferrer\"><span style=\"font-size: 10pt;\">https:\/\/patchwork.ffzg.unizg.hr\/patchwork-1\/<\/span><\/a><\/td>\n<\/tr>\n<\/tbody>\n<\/table>\n<p><span style=\"font-size: 10pt;\">\u010casopis se u <strong>online verziji<\/strong> nalazi na stranici:<\/span><br \/>\n<span style=\"font-size: 8pt;\">&nbsp;<span style=\"font-size: 10pt;\"> <a href=\"https:\/\/patchwork.ffzg.unizg.hr\/\" target=\"_blank\" rel=\"noopener noreferrer\">https:\/\/patchwork.ffzg.unizg.hr\/<\/a><\/span><\/span><\/p>\n<p><span style=\"font-size: 10pt;\">\u010casopis je dostupan i u bazi <strong><em>Hr\u010dak<\/em><\/strong>: <a href=\"https:\/\/hrcak.srce.hr\/patchwork\" target=\"_blank\" rel=\"noopener noreferrer\">https:\/\/hrcak.srce.hr\/patchwork<\/a><\/span><br \/>\n___________________________________________________________________________________________________<\/p>\n<p><em><strong>PATCHWORK<\/strong><\/em><\/p>\n<p><span style=\"font-size: 10pt;\">\u010casopis studenata anglistike<\/span><br \/>\n<span style=\"font-size: 10pt;\">ISSN 1849-7772 (Print)<\/span><br \/>\n<span style=\"font-size: 10pt;\">ISSN 1849-7780 (Online)<\/span><br \/>\n<span style=\"font-size: 10pt;\">E-mail:&nbsp;<a href=\"mailto:patchwork.anglistika@gmail.com\">patchwork.anglistika@gmail.com<\/a><\/span><br \/>\n<span style=\"font-size: 10pt;\">web stranica: <a href=\"https:\/\/patchwork.ffzg.unizg.hr\/\" target=\"_blank\" rel=\"noopener noreferrer\">https:\/\/patchwork.ffzg.unizg.hr\/<\/a><\/span><br \/>\n<span style=\"font-size: 10pt;\">FB: <a title=\"This external link will open in a new window\" href=\"https:\/\/www.facebook.com\/patchworkffzg\/\" target=\"_blank\" rel=\"noopener noreferrer\">https:\/\/www.facebook.com\/patchworkffzg\/<\/a>&nbsp;<\/span><br \/>\n<span style=\"font-size: 10pt;\">Instagram: <a title=\"This external link will open in a new window\" href=\"https:\/\/www.instagram.com\/patchwork_student_journal\/?fbclid=IwAR2nmFJx1Vu2EQUJQCjj52aM-aM3O4OLD7ajXPWpMOT7YvpGJDuxiZVIRU4\" target=\"_blank\" rel=\"noopener noreferrer\">@patchwork_student_journal<\/a><\/span><\/p>\n<div>&nbsp;<\/div>\n<p><span style=\"font-size: 10pt;\">Izdava\u010d: Odsjek za anglistiku,<\/span><br \/>\n<span style=\"font-size: 10pt;\">Filozofski fakultet Sveu\u010dili\u0161ta u Zagrebu, Ivana Lu\u010di\u0107a 3<\/span><br \/>\n<span style=\"font-size: 10pt;\">Uredni\u0161tvo: Rita Rumboldt, Marko Plantak, Leoni Flower Finocchiaro<\/span><\/p>\n<p>&nbsp;<\/p>\n<p><span style=\"font-size: 10pt;\">Izdavanje financijski potpoma\u017ee&nbsp;Filozofski fakultet Sveu\u010dili\u0161ta u Zagrebu.<\/span><br \/>\n<a href=\"http:\/\/anglist.ffzg.unizg.hr\/?attachment_id=38292\" rel=\"attachment wp-att-38292\"><img loading=\"lazy\" decoding=\"async\" class=\"aligncenter size-full wp-image-38292\" src=\"http:\/\/anglist.ffzg.unizg.hr\/wp-content\/uploads\/2020\/11\/patchwork-2020.png\" alt=\"\" width=\"407\" height=\"201\" srcset=\"https:\/\/anglist.ffzg.unizg.hr\/wp-content\/uploads\/2020\/11\/patchwork-2020.png 407w, https:\/\/anglist.ffzg.unizg.hr\/wp-content\/uploads\/2020\/11\/patchwork-2020-300x148.png 300w\" sizes=\"auto, (max-width: 407px) 100vw, 407px\" \/><\/a><\/p>\n<p><a href=\"https:\/\/anglist.ffzg.unizg.hr\/?attachment_id=21864\" rel=\"attachment wp-att-21864\"><img loading=\"lazy\" decoding=\"async\" class=\"aligncenter  wp-image-21864\" src=\"https:\/\/anglist.ffzg.unizg.hr\/wp-content\/uploads\/2015\/07\/patchwork.png\" alt=\"patchwork\" width=\"321\" height=\"115\" srcset=\"https:\/\/anglist.ffzg.unizg.hr\/wp-content\/uploads\/2015\/07\/patchwork.png 578w, https:\/\/anglist.ffzg.unizg.hr\/wp-content\/uploads\/2015\/07\/patchwork-300x107.png 300w\" sizes=\"auto, (max-width: 321px) 100vw, 321px\" \/><\/a><\/p>\n<div id=\"gtx-trans\" style=\"position: absolute; left: 69px; top: 1137.53px;\">\n<div class=\"gtx-trans-icon\">&nbsp;<\/div>\n<\/div>\n","protected":false},"excerpt":{"rendered":"<p>Dragi studenti i profesori, \u010cast nam je predstaviti vam \u010dasopis studenata Odsjeka za anglistiku Patchwork. Zahvaljujemo svim studentima na ulo\u017eem trudu, vremenu i strpljenju U\u017eivajte u \u010ditanju! Uredni\u0161tvo \u00ba Broj 7 (listopad 2021.) Sedmi broj u PDF formatu: https:\/\/patchwork.ffzg.unizg.hr\/patchwork-no-7\/ \u00ba Broj 6: Patchwork. Horizons (travanj 2021.) \u0160esti broj u PDF formatu: Patchwork: Horizons: https:\/\/patchwork.ffzg.unizg.hr\/patchwork-horizons\/ \u00ba [&hellip;]<\/p>\n","protected":false},"author":6,"featured_media":0,"parent":9436,"menu_order":0,"comment_status":"closed","ping_status":"closed","template":"","meta":{"ngg_post_thumbnail":0,"footnotes":""},"class_list":["post-21839","page","type-page","status-publish","hentry"],"_links":{"self":[{"href":"https:\/\/anglist.ffzg.unizg.hr\/index.php?rest_route=\/wp\/v2\/pages\/21839","targetHints":{"allow":["GET"]}}],"collection":[{"href":"https:\/\/anglist.ffzg.unizg.hr\/index.php?rest_route=\/wp\/v2\/pages"}],"about":[{"href":"https:\/\/anglist.ffzg.unizg.hr\/index.php?rest_route=\/wp\/v2\/types\/page"}],"author":[{"embeddable":true,"href":"https:\/\/anglist.ffzg.unizg.hr\/index.php?rest_route=\/wp\/v2\/users\/6"}],"replies":[{"embeddable":true,"href":"https:\/\/anglist.ffzg.unizg.hr\/index.php?rest_route=%2Fwp%2Fv2%2Fcomments&post=21839"}],"version-history":[{"count":67,"href":"https:\/\/anglist.ffzg.unizg.hr\/index.php?rest_route=\/wp\/v2\/pages\/21839\/revisions"}],"predecessor-version":[{"id":45053,"href":"https:\/\/anglist.ffzg.unizg.hr\/index.php?rest_route=\/wp\/v2\/pages\/21839\/revisions\/45053"}],"up":[{"embeddable":true,"href":"https:\/\/anglist.ffzg.unizg.hr\/index.php?rest_route=\/wp\/v2\/pages\/9436"}],"wp:attachment":[{"href":"https:\/\/anglist.ffzg.unizg.hr\/index.php?rest_route=%2Fwp%2Fv2%2Fmedia&parent=21839"}],"curies":[{"name":"wp","href":"https:\/\/api.w.org\/{rel}","templated":true}]}}