{"id":21573,"date":"2015-05-26T15:37:25","date_gmt":"2015-05-26T14:37:25","guid":{"rendered":"http:\/\/anglist.ffzg.unizg.hr\/?page_id=21573"},"modified":"2022-05-18T08:09:42","modified_gmt":"2022-05-18T07:09:42","slug":"znanstveni-projekti","status":"publish","type":"page","link":"https:\/\/anglist.ffzg.unizg.hr\/?page_id=21573","title":{"rendered":"Znanstveni projekti"},"content":{"rendered":"<p style=\"text-align: center;\"><strong><span style=\"color: #336699;\"><span style=\"font-size: 10pt;\">Odsjek za anglistiku<\/span><br \/>\nZnanstveno-istra\u017eiva\u010dki projekti<\/span><\/strong><\/p>\n<p><span style=\"font-size: 10pt; background-color: #fadee7;\"><em><strong>\u00b0 Transatlantska knji\u017eevnost u dugome 19. stolje\u0107u<\/strong><\/em><\/span><br \/>\n<span style=\"font-size: 10pt;\">Glavni istra\u017eiva\u010d: dr. sc. Tatjana Juki\u0107 Greguri\u0107, red. prof. <\/span><br \/>\n<a href=\"https:\/\/tall19.ffzg.unizg.hr\/\" target=\"_blank\" rel=\"noopener\"><span style=\"font-size: 10pt;\">web stranica projekta<\/span><\/a><br \/>\n<span style=\"font-size: 10pt;\"><br \/>\n<\/span><\/p>\n<p><span style=\"font-size: 10pt; background-color: #e3facd;\"><em><strong>\u00b0 Kulturna povijest kapitalizma: Britanija, Amerika, Hrvatska<\/strong><\/em><\/span><br \/>\n<span style=\"font-size: 10pt;\">Glavni istra\u017eiva\u010d: dr. sc. Tatjana Juki\u0107 Greguri\u0107, red. prof. <\/span><br \/>\n<span style=\"font-size: 10pt;\"><a href=\"http:\/\/ffzg.hr\/kulturnapovijestkapitalizma\" target=\"_blank\" rel=\"noopener\">web stranica projekta<\/a><\/span><br \/>\n<span style=\"font-size: 10pt;\">(<a href=\"http:\/\/www.hrzz.hr\/default.aspx?id=78&amp;pid=1543&amp;rok=2013-11\">HRZZ &#8211; Hrvatska zaklada za zannost<\/a>)<\/span><\/p>\n<p><span style=\"font-size: 10pt;\"><em><strong><span style=\"background-color: #def3fa;\">\u00b0 Kulturno mapiranje Amerike (SAD-a) iz perspektive hrvatskih i regionalnih ameri\u010dkih studija<\/span> <br \/>\n<\/strong><\/em><\/span><span style=\"font-size: 10pt;\">Glavni istra\u017eiva\u010d: prof. dr. sc. Stipe Grgas <\/span><span style=\"font-size: 10pt;\">(razvojni projekt Sveu\u010dili\u0161ta u Zagrebu)<\/p>\n<p><\/span> <span style=\"font-size: 10pt;\"><em><strong><span style=\"background-color: #f3defa;\">\u00b0 Prou\u010davanje i pou\u010davanje primjene novih tehnologija u prevo\u0111enju <\/span><br \/>\n<\/strong><\/em><\/span><span style=\"font-size: 10pt;\">Glavni istra\u017eiva\u010d: prof. dr. sc. Nata\u0161a Pavlovi\u0107 <\/span><span style=\"font-size: 10pt;\">(razvojni projekt Sveu\u010dili\u0161ta u Zagrebu)<br \/>\nweb stranica projekta:\u00a0 <a href=\"https:\/\/sites.google.com\/view\/meditran\/home\" target=\"_blank\" rel=\"noopener\">https:\/\/sites.google.com\/view\/meditran\/home<\/a><br \/>\n<\/span><\/p>\n<p>&nbsp;<\/p>\n<p>&nbsp;<\/p>\n","protected":false},"excerpt":{"rendered":"<p>Odsjek za anglistiku Znanstveno-istra\u017eiva\u010dki projekti \u00b0 Transatlantska knji\u017eevnost u dugome 19. stolje\u0107u Glavni istra\u017eiva\u010d: dr. sc. Tatjana Juki\u0107 Greguri\u0107, red. prof. web stranica projekta \u00b0 Kulturna povijest kapitalizma: Britanija, Amerika, Hrvatska Glavni istra\u017eiva\u010d: dr. sc. Tatjana Juki\u0107 Greguri\u0107, red. prof. web stranica projekta (HRZZ &#8211; Hrvatska zaklada za zannost) \u00b0 Kulturno mapiranje Amerike (SAD-a) iz [&hellip;]<\/p>\n","protected":false},"author":6,"featured_media":0,"parent":8661,"menu_order":0,"comment_status":"closed","ping_status":"closed","template":"","meta":{"ngg_post_thumbnail":0,"footnotes":""},"class_list":["post-21573","page","type-page","status-publish","hentry"],"_links":{"self":[{"href":"https:\/\/anglist.ffzg.unizg.hr\/index.php?rest_route=\/wp\/v2\/pages\/21573","targetHints":{"allow":["GET"]}}],"collection":[{"href":"https:\/\/anglist.ffzg.unizg.hr\/index.php?rest_route=\/wp\/v2\/pages"}],"about":[{"href":"https:\/\/anglist.ffzg.unizg.hr\/index.php?rest_route=\/wp\/v2\/types\/page"}],"author":[{"embeddable":true,"href":"https:\/\/anglist.ffzg.unizg.hr\/index.php?rest_route=\/wp\/v2\/users\/6"}],"replies":[{"embeddable":true,"href":"https:\/\/anglist.ffzg.unizg.hr\/index.php?rest_route=%2Fwp%2Fv2%2Fcomments&post=21573"}],"version-history":[{"count":12,"href":"https:\/\/anglist.ffzg.unizg.hr\/index.php?rest_route=\/wp\/v2\/pages\/21573\/revisions"}],"predecessor-version":[{"id":41850,"href":"https:\/\/anglist.ffzg.unizg.hr\/index.php?rest_route=\/wp\/v2\/pages\/21573\/revisions\/41850"}],"up":[{"embeddable":true,"href":"https:\/\/anglist.ffzg.unizg.hr\/index.php?rest_route=\/wp\/v2\/pages\/8661"}],"wp:attachment":[{"href":"https:\/\/anglist.ffzg.unizg.hr\/index.php?rest_route=%2Fwp%2Fv2%2Fmedia&parent=21573"}],"curies":[{"name":"wp","href":"https:\/\/api.w.org\/{rel}","templated":true}]}}