{"id":2147,"date":"2012-07-07T18:21:31","date_gmt":"2012-07-07T17:21:31","guid":{"rendered":"http:\/\/www.ffzg.unizg.hr\/anglist\/test\/wp\/?page_id=2147"},"modified":"2026-02-16T17:39:18","modified_gmt":"2026-02-16T16:39:18","slug":"diplomski-rad-prijava-i-formular","status":"publish","type":"page","link":"https:\/\/anglist.ffzg.unizg.hr\/?page_id=2147","title":{"rendered":"Diplomski rad (prijava, formular i upute) &#8211; nastavni\u010dki"},"content":{"rendered":"<p style=\"line-height: 1;\" align=\"center\"><span style=\"color: #336699;\"><strong>DIPLOMSKI RAD NA DIPLOMSKOME STUDIJU ANGLISTIKE:<br \/>\nNASTAVNI\u010cKI SMJER<\/strong><\/span><\/p>\n<table style=\"line-height: 1;\" border=\"0\">\n<tbody style=\"line-height: 1;\">\n<tr>\n<td style=\"line-height: 1; text-align: right;\"><span style=\"font-size: 10pt;\">Obveza upotrebe programa <span style=\"font-size: 10pt; font-family: georgia, palatino, serif;\"><em><strong>Turnitin<\/strong><\/em> za provjeru autenti\u010dnosti radova od sije\u010dnja 2024.<br \/>\n<a href=\"https:\/\/anglist.ffzg.unizg.hr\/?p=44675\">Upute za kori\u0161tenje<\/a><\/span><\/span><span style=\"font-size: small;\"><br \/>\n<\/span><\/td>\n<\/tr>\n<\/tbody>\n<\/table>\n<p style=\"line-height: normal; text-align: justify;\"><span style=\"font-size: small;\"><strong><span style=\"color: #003366;\"><strong>Dvopredmetni studij<\/strong><\/span><\/strong><\/span><\/p>\n<p style=\"line-height: normal;\"><span style=\"font-size: small;\"><strong>Izbor teme i mentora<\/strong>: Studenti se o temi dogovaraju s profesorom kod kojeg \u017eele pisati diplomski rad ili s predstojnicom Katedre. Molbu za pisanje diplomskog rada o odabranoj temi treba predati u tajni\u0161tvo Odsjeka <strong>do zadnjeg tjedna velja\u010de<\/strong> teku\u0107e ak. godine. Molbu potpisuju student i mentor. <a href=\"https:\/\/web2020.ffzg.unizg.hr\/obrazac-za-prijavu-diplomskog-rada\/\">Obrazac za prijavu diplomskog rada.<\/a><br \/>\nFormular za prijavu teme mogu\u0107e je poslati na elektroni\u010dku po\u0161tu tajni\u0161tva (<a href=\"mailto:anglistika@ffzg.hr\">anglistika@ffzg.hr<\/a>).<\/span><br \/>\n<span style=\"font-size: small;\"><strong>Teme<\/strong> su vezane za razli\u010dite aspekte usvajanja i pou\u010davanja engleskoga jezika, a obvezno uklju\u010duju provo\u0111enje empirijskog istra\u017eivanja.<\/span><\/p>\n<p style=\"line-height: normal; text-align: justify;\"><span style=\"font-size: small;\"><strong>Mentori<\/strong>:<\/span><br \/>\n<span style=\"font-size: small;\">Dr. sc. Renata Geld, prof.<br \/>\nDr. sc. Stela Letica Krevelj, izv. prof.<br \/>\nDr. sc. Bojan Prosenjak, vi\u0161i asist.<br \/>\n<\/span><\/p>\n<p style=\"line-height: normal; text-align: justify;\"><span style=\"font-size: small;\"><strong>Rad na diplomskom radu<\/strong>: Studenti izra\u0111uju diplomski rad tijekom 4. semestra. Na po\u010detku semestra sudjeluju u radionici o pisanju diplomskih radova. Tijekom semestra za studente se organiziraju redovite konzultacije s mentorom koji ih savjetuje i prati njihov rad.<\/span><\/p>\n<p><span style=\"color: #c7d9f9;\">_______________________________________________________________________________<\/span><\/p>\n<p style=\"line-height: normal; text-align: justify;\"><span style=\"font-size: 10pt;\"><span style=\"color: #003366;\"><strong>Jednopredmetni studij<br \/>\n<\/strong><\/span><strong><br \/>\nIzbor teme i mentora<\/strong>: Studenti se o temi dogovaraju s profesorom kod kojeg \u017eele pisati diplomski rad ili s predstojnicom Katedre. Molbu za pisanje diplomskog rada o odabranoj temi treba predati u tajni\u0161tvo Odsjeka <strong>do zadnjeg tjedna velja\u010de <\/strong>teku\u0107e ak. godine. Molbu potpisuju student i mentor.<\/span><br \/>\n<span style=\"font-size: 10pt;\"> <strong>Teme<\/strong> su vezane za razli\u010dite aspekte usvajanja i pou\u010davanja engleskoga jezika, a obvezno uklju\u010duju provo\u0111enje empirijskog istra\u017eivanja.<\/span><\/p>\n<p style=\"line-height: normal; text-align: justify;\"><span style=\"font-size: 10pt;\"><strong>Mentori<\/strong>:<\/span><br \/>\n<span style=\"font-size: 8pt;\"><span style=\"font-size: 10pt;\"> Dr. sc. Renata Geld, prof.<\/span><br \/>\n<span style=\"font-size: 10pt;\">Dr. sc. Stela Letica Krevelj, izv. prof.<\/span><br \/>\n<span style=\"font-size: 10pt;\">Dr. sc. Bojan Prosenjak, vi\u0161i asist.<\/span><br \/>\n<\/span><\/p>\n<p style=\"line-height: normal; text-align: justify;\"><span style=\"font-size: small;\"><span style=\"font-size: 10pt;\"><strong>Rad na diplomskom radu<\/strong>: Studenti izra\u0111uju diplomski rad tijekom 4. semestra. Na po\u010detku semestra sudjeluju u radionici o pisanju diplomskih radova. Tijekom semestra za studente se organiziraju redovite konzultacije s mentorom koji ih savjetuje i prati njihov rad.<\/span><br \/>\n<span style=\"color: #99ccff; font-size: 8pt;\">_________________________________________________________________________________________<\/span><br \/>\n<\/span><\/p>\n<p style=\"line-height: normal; text-align: left;\"><span style=\"font-size: small;\"><span style=\"color: #ff0000;\"><strong><span data-olk-copy-source=\"MessageBody\">UPUTE ZA IZRADU DIPLOMSKOG RADA<span style=\"color: #000000;\">*<\/span><\/span><br \/>\nPDF<span style=\"color: #000000;\">**<\/span>:<\/strong><\/span> <a href=\"http:\/\/anglist.ffzg.unizg.hr\/wp-content\/uploads\/2026\/02\/Diplomski-rad-Upute.pdf\">Diplomski rad &#8211; Upute<\/a><br \/>\n<strong><span style=\"color: #ff0000;\">Word<span style=\"color: #000000;\">**<\/span>:<\/span><\/strong> <a href=\"http:\/\/anglist.ffzg.unizg.hr\/wp-content\/uploads\/2026\/02\/Diplomski-rad-Uzorak.doc\">Diplomski rad &#8211; Uzorak<\/a><br \/>\n<\/span><\/p>\n<p style=\"line-height: normal; text-align: left;\"><span style=\"font-size: small;\"><strong>* najnovija ina\u010dica: 16. 2. 2026.<\/strong><br \/>\n<strong>** ako se dokumenti ne otvaraju, probajte u drugom pregledniku<\/strong><br \/>\n<\/span><\/p>\n<p style=\"line-height: normal; text-align: left;\"><span style=\"font-size: small;\">Za predaju dokumentacije prije postupka obrane, vidi <a href=\"https:\/\/anglist.ffzg.unizg.hr\/?page_id=1808\" target=\"_blank\" rel=\"noopener noreferrer\">poveznicu<\/a>.<\/span><br \/>\n<span style=\"font-size: small;\">Za pohranu rada u Repozitorij <em>ODRAZ<\/em> u .pdf formatu nakon postupka obrane, vidi <a href=\"https:\/\/anglist.ffzg.unizg.hr\/?page_id=10574\" target=\"_blank\" rel=\"noopener noreferrer\">poveznicu<\/a>.<\/span><\/p>\n<p>&nbsp;<\/p>\n<p>&nbsp;<\/p>\n","protected":false},"excerpt":{"rendered":"<p>DIPLOMSKI RAD NA DIPLOMSKOME STUDIJU ANGLISTIKE: NASTAVNI\u010cKI SMJER Obveza upotrebe programa Turnitin za provjeru autenti\u010dnosti radova od sije\u010dnja 2024. Upute za kori\u0161tenje Dvopredmetni studij Izbor teme i mentora: Studenti se o temi dogovaraju s profesorom kod kojeg \u017eele pisati diplomski rad ili s predstojnicom Katedre. Molbu za pisanje diplomskog rada o odabranoj temi treba predati [&hellip;]<\/p>\n","protected":false},"author":6,"featured_media":0,"parent":525,"menu_order":0,"comment_status":"closed","ping_status":"closed","template":"","meta":{"ngg_post_thumbnail":0,"footnotes":""},"class_list":["post-2147","page","type-page","status-publish","hentry"],"_links":{"self":[{"href":"https:\/\/anglist.ffzg.unizg.hr\/index.php?rest_route=\/wp\/v2\/pages\/2147","targetHints":{"allow":["GET"]}}],"collection":[{"href":"https:\/\/anglist.ffzg.unizg.hr\/index.php?rest_route=\/wp\/v2\/pages"}],"about":[{"href":"https:\/\/anglist.ffzg.unizg.hr\/index.php?rest_route=\/wp\/v2\/types\/page"}],"author":[{"embeddable":true,"href":"https:\/\/anglist.ffzg.unizg.hr\/index.php?rest_route=\/wp\/v2\/users\/6"}],"replies":[{"embeddable":true,"href":"https:\/\/anglist.ffzg.unizg.hr\/index.php?rest_route=%2Fwp%2Fv2%2Fcomments&post=2147"}],"version-history":[{"count":113,"href":"https:\/\/anglist.ffzg.unizg.hr\/index.php?rest_route=\/wp\/v2\/pages\/2147\/revisions"}],"predecessor-version":[{"id":49098,"href":"https:\/\/anglist.ffzg.unizg.hr\/index.php?rest_route=\/wp\/v2\/pages\/2147\/revisions\/49098"}],"up":[{"embeddable":true,"href":"https:\/\/anglist.ffzg.unizg.hr\/index.php?rest_route=\/wp\/v2\/pages\/525"}],"wp:attachment":[{"href":"https:\/\/anglist.ffzg.unizg.hr\/index.php?rest_route=%2Fwp%2Fv2%2Fmedia&parent=2147"}],"curies":[{"name":"wp","href":"https:\/\/api.w.org\/{rel}","templated":true}]}}