{"id":2128,"date":"2012-07-07T18:13:38","date_gmt":"2012-07-07T17:13:38","guid":{"rendered":"http:\/\/www.ffzg.unizg.hr\/anglist\/test\/wp\/?page_id=2128"},"modified":"2025-09-23T14:58:50","modified_gmt":"2025-09-23T13:58:50","slug":"nastavnicki-syllabus","status":"publish","type":"page","link":"https:\/\/anglist.ffzg.unizg.hr\/?page_id=2128","title":{"rendered":"Nastavni\u010dki : silabi"},"content":{"rendered":"<p style=\"line-height: normal; text-align: center;\"><span style=\"color: #72788b;\"><strong>DIPLOMSKI STUDIJ ANGLISTIKE &#8211;<\/strong><strong> NASTAVNI\u010cKI SMJER<br \/>\n<\/strong><strong>SILABI (opisi kolegija) ak. god. 2025.\/26.<br \/>\n<\/strong><span style=\"font-size: 10pt;\">Izvedbeni plan za ak. god. 2025.\/26.<\/span><br \/>\n<span style=\"font-size: 10pt;\"> 1. i 2. godina studija<\/span><br \/>\n<span style=\"color: #99ccff;\">________________________________________________________________________________________<\/span><\/span><\/p>\n<p style=\"text-align: left;\"><strong><span style=\"color: #7e8394;\">NASTAVNI\u010cKI SMJER<\/span> &#8211; DVO<\/strong><span style=\"color: #003366;\"><strong>PREDMETNI STUDIJ<\/strong><\/span><\/p>\n<p><span style=\"font-size: small; color: #000000;\"><strong><span style=\"text-decoration: underline;\">1. godina studija<\/span><br \/>\n1. semestar<br \/>\n<\/strong><\/span><span style=\"font-size: small;\"><em><a title=\"Proces ovladavanja jezikom\" href=\"https:\/\/anglist.ffzg.unizg.hr\/?p=191\"> Proces ovladavanja jezikom<\/a><\/em><\/span><span style=\"color: #000000;\">&nbsp; <\/span><span style=\"font-size: small;\">(Letica Krevelj) (3 ECTS)<br \/>\n<\/span><strong><span style=\"font-size: 10pt;\">2. semestar<\/span><br \/>\n<\/strong><a href=\"https:\/\/anglist.ffzg.unizg.hr\/?p=42885\"><span style=\"font-size: small;\"><em>Pou\u010davanje engleskoga kao stranoga jezika<\/em><\/span><\/a><span style=\"font-size: small; color: #000000;\"><span style=\"color: #000000;\">&nbsp;<\/span> (Geld, Prosenjak, Kova\u010di\u0107) (4 ECTS)<br \/>\n<\/span><\/p>\n<p><span style=\"text-decoration: underline;\"><span style=\"font-size: 10pt;\"><strong>2. godina studija<\/strong><\/span><\/span><br \/>\n<span style=\"font-size: 10pt;\"><strong>3. semestar<\/strong><\/span><br \/>\n<em><span style=\"font-size: small;\"><em><a title=\"Praksa 1 (9. sem.)\" href=\"https:\/\/anglist.ffzg.unizg.hr\/?p=196\"><em>Praksa 1<\/em><\/a><\/em><\/span><\/em><span style=\"color: #000000;\"><span style=\"font-size: small;\"> (Geld, <span style=\"font-size: small; color: #000000;\">Prosenjak, Kova\u010di\u0107<\/span>) (3 ECTS)<br \/>\n<span style=\"font-size: small; color: #000000;\"><a href=\"https:\/\/anglist.ffzg.unizg.hr\/?p=26034\"><em>Dvojezi\u010dnost<\/em><\/a> (Letica Krevelj) (izborni) (5 ECTS)<\/span> (izborni)<br \/>\n<a href=\"https:\/\/anglist.ffzg.unizg.hr\/?p=38076\"><em>Primjena kognitivne lingvistike u u\u010denju i pou\u010davanju drugoga jezika<\/em><\/a> (Stanojevi\u0107) (izborni) (5 ECTS)<br \/>\n<\/span><\/span><span style=\"font-size: 10pt;\"><strong>4. semestar<\/strong><\/span><span style=\"font-size: small;\"><br \/>\n<a title=\"Praksa 2\" href=\"https:\/\/anglist.ffzg.unizg.hr\/?p=198\"><em> Praksa 2<\/em><\/a>&nbsp; (Geld, Kova\u010di\u0107) (3 ECTS)<br \/>\n<span style=\"font-size: small; color: #000000;\"><em><a href=\"https:\/\/anglist.ffzg.unizg.hr\/?p=38222\">Istra\u017eivanje procesa usvajanja i pou\u010davanja drugoga jezika<\/a> <\/em>(Letica Krevelj) (3 ECTS)<em><br \/>\n<a href=\"https:\/\/anglist.ffzg.unizg.hr\/?p=26034\">Vrednovanje komunikacijske jezi\u010dne kompetencije u engleskom jeziku<\/a><\/em>&nbsp;(Letica Krevelj, Prosenjak) (3 ECTS)<\/span><br \/>\nDiplomski rad&nbsp; (10 ECTS)<\/span><\/p>\n<p><span style=\"color: #7682a3;\">_____________________________________________________________________________________________<\/span><br \/>\n<span style=\"font-size: 10pt;\"><strong>Napomena:<\/strong> Na sjednici Odsjeka od 1. lipnja 2016. odlu\u010deno je da se od ak. godine 2016.\/17. ne upisuje jednopredmetni diplomski nastavni\u010dki smjer.<\/span><br \/>\n<span style=\"color: #7682a3;\">______________________________________________________________________________________________<\/span><\/p>\n<p><span style=\"font-size: small; color: #000000;\">&nbsp;<strong>ARHIVA KOLEGIJA:<\/strong><\/span><\/p>\n<p><span style=\"font-size: small; color: #000000;\"><strong><a href=\"https:\/\/anglist.ffzg.unizg.hr\/?p=48073\">\u00b0Ak. god. 2024\/25<\/a><br \/>\n<a href=\"https:\/\/anglist.ffzg.unizg.hr\/?p=46463\">\u00b0Ak. god. 2023\/24<\/a><br \/>\n<a href=\"https:\/\/anglist.ffzg.unizg.hr\/?p=43877\" target=\"_blank\" rel=\"noopener\">\u00b0Ak. god. 2022\/23<\/a><br \/>\n<\/strong><\/span><span style=\"font-size: small; color: #000000;\"><strong><a href=\"https:\/\/anglist.ffzg.unizg.hr\/?p=42301\">\u00b0Ak. god. 2021\/22<\/a><br \/>\n<a href=\"https:\/\/anglist.ffzg.unizg.hr\/?p=40701\">\u00b0 Ak. god. 2020\/21<\/a><br \/>\n<a href=\"https:\/\/anglist.ffzg.unizg.hr\/?p=37712\">\u00b0 Ak. god. 2019\/20<\/a><br \/>\n<\/strong><\/span><a href=\"https:\/\/anglist.ffzg.unizg.hr\/?p=35549\"><strong><span style=\"font-size: 10pt;\">\u00b0 Ak. god. 2018\/19<\/span><\/strong><\/a><br \/>\n<span style=\"font-size: 10pt;\"><a href=\"https:\/\/anglist.ffzg.unizg.hr\/?p=33022\">&nbsp;<strong>\u00b0 Ak. god. 2017\/18<\/strong><\/a><\/span><br \/>\n<span style=\"font-size: 10pt;\">&nbsp;<a href=\"https:\/\/anglist.ffzg.unizg.hr\/?p=29271\"><strong>\u00b0 Ak. god. 2016\/17<\/strong><\/a><\/span><br \/>\n<span style=\"font-size: 10pt;\">&nbsp;<a href=\"https:\/\/anglist.ffzg.unizg.hr\/?p=25279\"><strong>\u00b0 Ak. god. 2015\/16<\/strong><\/a><\/span><br \/>\n<span style=\"font-size: 10pt;\">&nbsp;<a title=\"Arhiva kolegija: diplomski: nastavni\u010dki 2014\/15\" href=\"https:\/\/anglist.ffzg.unizg.hr\/?p=22178\"><strong>\u00b0 Ak. god. 2014\/15<\/strong><\/a><\/span><br \/>\n<span style=\"font-size: 10pt;\">&nbsp;<a title=\"Arhiva kolegija: diplomski: nastavni\u010dki 2013\/14\" href=\"https:\/\/anglist.ffzg.unizg.hr\/?p=17198\"><strong>\u00b0 Ak. god. 2013\/14<\/strong><\/a><\/span><br \/>\n<span style=\"font-size: 10pt;\"><strong>&nbsp;<a title=\"Arhiva kolegija: diplomski: nastavni\u010dki 2012\/13\" href=\"https:\/\/anglist.ffzg.unizg.hr\/?p=12315\"> \u00b0 Ak. god. 2012\/13<\/a><br \/>\n<a title=\"Arhiva kolegija \u2013 2011-12-naslovni-dipl-nastavnicki\" href=\"https:\/\/anglist.ffzg.unizg.hr\/?p=2109\">\u00b0 Ak. god. 2011\/12<\/a><\/strong><\/span><\/p>\n<p><span style=\"font-size: 10pt;\">* IZVEDBENI PLANOVI na stranicama FFZG: ANGLISTIKA:&nbsp; <\/span><br \/>\n<span style=\"font-size: 10pt;\">DVOPREDMETNI: <a href=\"http:\/\/theta.ffzg.hr\/ECTS\/Studij\/Index\/12427\" target=\"_blank\" rel=\"noopener\">http:\/\/theta.ffzg.hr\/ECTS\/Studij\/Index\/12427<\/a><\/span><\/p>\n<p><span style=\"font-size: 10pt;\"><span style=\"text-decoration: underline;\">Napomena:<\/span> u Arhivi kolegija: 1. i 2. godina studija su navedene kao 4. i 5. godina; 1., 2., 3. i 4. semestar su navedeni kao 7., 8., 9. i 10. semestar.<\/span><\/p>\n<p><span style=\"color: #000000;\">&nbsp;<\/span><\/p>\n<p><span style=\"color: #000000;\">&nbsp;<\/span><\/p>\n","protected":false},"excerpt":{"rendered":"<p>DIPLOMSKI STUDIJ ANGLISTIKE &#8211; NASTAVNI\u010cKI SMJER SILABI (opisi kolegija) ak. god. 2025.\/26. Izvedbeni plan za ak. god. 2025.\/26. 1. i 2. godina studija ________________________________________________________________________________________ NASTAVNI\u010cKI SMJER &#8211; DVOPREDMETNI STUDIJ 1. godina studija 1. semestar Proces ovladavanja jezikom&nbsp; (Letica Krevelj) (3 ECTS) 2. semestar Pou\u010davanje engleskoga kao stranoga jezika&nbsp; (Geld, Prosenjak, Kova\u010di\u0107) (4 ECTS) 2. godina [&hellip;]<\/p>\n","protected":false},"author":6,"featured_media":0,"parent":525,"menu_order":0,"comment_status":"closed","ping_status":"closed","template":"","meta":{"ngg_post_thumbnail":0,"footnotes":""},"class_list":["post-2128","page","type-page","status-publish","hentry"],"_links":{"self":[{"href":"https:\/\/anglist.ffzg.unizg.hr\/index.php?rest_route=\/wp\/v2\/pages\/2128","targetHints":{"allow":["GET"]}}],"collection":[{"href":"https:\/\/anglist.ffzg.unizg.hr\/index.php?rest_route=\/wp\/v2\/pages"}],"about":[{"href":"https:\/\/anglist.ffzg.unizg.hr\/index.php?rest_route=\/wp\/v2\/types\/page"}],"author":[{"embeddable":true,"href":"https:\/\/anglist.ffzg.unizg.hr\/index.php?rest_route=\/wp\/v2\/users\/6"}],"replies":[{"embeddable":true,"href":"https:\/\/anglist.ffzg.unizg.hr\/index.php?rest_route=%2Fwp%2Fv2%2Fcomments&post=2128"}],"version-history":[{"count":212,"href":"https:\/\/anglist.ffzg.unizg.hr\/index.php?rest_route=\/wp\/v2\/pages\/2128\/revisions"}],"predecessor-version":[{"id":48079,"href":"https:\/\/anglist.ffzg.unizg.hr\/index.php?rest_route=\/wp\/v2\/pages\/2128\/revisions\/48079"}],"up":[{"embeddable":true,"href":"https:\/\/anglist.ffzg.unizg.hr\/index.php?rest_route=\/wp\/v2\/pages\/525"}],"wp:attachment":[{"href":"https:\/\/anglist.ffzg.unizg.hr\/index.php?rest_route=%2Fwp%2Fv2%2Fmedia&parent=2128"}],"curies":[{"name":"wp","href":"https:\/\/api.w.org\/{rel}","templated":true}]}}