{"id":21067,"date":"2015-03-02T17:13:08","date_gmt":"2015-03-02T16:13:08","guid":{"rendered":"http:\/\/anglist.ffzg.unizg.hr\/?page_id=21067"},"modified":"2022-04-19T14:20:50","modified_gmt":"2022-04-19T13:20:50","slug":"dodatna-provjera-znanja-engleskog-jezika-za-upis-na-studij-anglistike","status":"publish","type":"page","link":"https:\/\/anglist.ffzg.unizg.hr\/?page_id=21067","title":{"rendered":"Dodatna provjera znanja engleskog jezika za upis na studij anglistike"},"content":{"rendered":"<table style=\"border-color: #a1b7d1;\">\n<tbody>\n<tr>\n<td style=\"border-color: #a1b7d1;\"><span style=\"font-size: 10pt;\">\u00a0 Ovdje preuzmite <a href=\"https:\/\/anglist.ffzg.unizg.hr\/wp-content\/uploads\/2015\/03\/ANG-Dodatna-provjera_2011-final-PRINT.doc\" target=\"_blank\" rel=\"noopener\">primjer testa<\/a> (word.doc) za dodatnu provjeru znanja engleskog jezika<\/span><\/td>\n<\/tr>\n<\/tbody>\n<\/table>\n<p style=\"text-align: justify;\"><span style=\"font-size: 10pt;\"><br \/>\n<em><strong>Priprema za dodatnu provjeru znanja<\/strong><br \/>\n<\/em>Za uspje\u0161nu pripremu za dodatnu provjeru znanja ne postoji zadana literatura. Me\u0111utim, kandidatima se preporu\u010duje da intenzivno \u010ditaju kvalitetne tekstove na suvremenom standardnom engleskom jeziku, prvenstveno tekstove u dnevnim novinama i \u010dasopisima, te da op\u0107enito aktivno rade na upoznavanju anglofonih knji\u017eevnosti i kultura.<\/span><\/p>\n<p><span style=\"text-decoration: underline;\"><strong><span style=\"font-size: 10pt;\"><em>Opis dodatne provjere znanja:<\/em><\/span><\/strong><\/span><\/p>\n<p style=\"text-align: justify;\"><strong><span style=\"font-size: 10pt;\">Dodatna provjera znanja sastoji se od \u010detiri dijela.<\/span><\/strong><br \/>\n<span style=\"font-size: 10pt;\"><span style=\"text-decoration: underline;\">Prvi dio <\/span>sastoji se od dvaju zadataka vi\u0161estrukog izbora. U oba zadatka kandidati \u010ditaju tekst iz kojeg su izdvojene pojedine rije\u010di ili fraze i ponu\u0111eni odgovori (A, B, C) za izdvojene dijelove, pri \u010demu kandidati trebaju odabrati to\u010dan odgovor. Ovim dvama zadacima provjerava se ovladanost upotrebom gramati\u010dkih struktura engleskoga jezika (primjerice glagolskim vremenima, prijedlozima, \u010dlanovima, mno\u017einom imenica i sl.), kao i pravopisom.<\/span><\/p>\n<p style=\"text-align: justify;\"><span style=\"font-size: 10pt;\"><span style=\"text-decoration: underline;\">U drugom se zadatku<\/span> provjerava snala\u017eenje u tekstu i ovladanost zakonitostima slaganja teksta. U tekstu su izdvojene pojedine rije\u010di na na\u010din da je zadano po\u010detno slovo ili slog, a praznim ku\u0107icama nazna\u010den je broj slova koja nedostaju. Kandidat treba uvidom u kontekst prepoznati koja rije\u010d nedostaje i upisati slova u ku\u0107ice. Ovim zadatkom prvenstveno se provjerava ovladanost idiomatskom uporabom engleskoga jezika (primjerice kolokacijama i frazemima), kao i ovladanost pravopisom.<\/span><\/p>\n<p style=\"text-align: justify;\"><span style=\"font-size: 10pt;\"><span style=\"text-decoration: underline;\">Tre\u0107i se zadatak<\/span> sastoji od teksta u kojem su potcrtane pojedina\u010dne rije\u010di . Od kandidata se o\u010dekuje da poka\u017ee da razumije tekst i zna\u010denje pojedina\u010dnih rije\u010di u specifi\u010dnom kontekstu na na\u010din da u zadatku vi\u0161estrukog izbora izme\u0111u triju ponu\u0111enih rije\u010di prona\u0111e sinonim rije\u010di potcrtane u tekstu.<\/span><\/p>\n<p style=\"text-align: justify;\"><span style=\"font-size: 10pt;\"><span style=\"text-decoration: underline;\">\u010cetvrtim se zadatkom<\/span> provjerava poznavanje anglofonih knji\u017eevnosti i kultura, pri \u010demu se ponovno radi o zadatku vi\u0161estrukog izbora. Kandidati trebaju dovr\u0161iti zapo\u010detu tvrdnju odabirom jednog od triju ponu\u0111enih odgovora.<\/span><\/p>\n<p style=\"text-align: justify;\"><span style=\"font-size: 10pt;\"><em><strong>Uputa za uspje\u0161no rje\u0161avanje dodatne provjere<\/strong><br \/>\n<\/em>Izuzetno je va\u017eno da kandidati u svakom zadatku najprije pa\u017eljivo pro\u010ditaju uputu zadatka i postupe po njoj. Tako\u0111er je bitno da kandidati u svakom zadatku pa\u017eljivo pro\u010ditaju cjelovit tekst kako bi shvatili sadr\u017eaj teksta i mogli po\u010deti rje\u0161avati zadatak. Treba raditi pa\u017eljivo, koncentrirano i izbjegavati brzopletost.<\/span><\/p>\n<p>&nbsp;<\/p>\n<p>&nbsp;<\/p>\n","protected":false},"excerpt":{"rendered":"<p>\u00a0 Ovdje preuzmite primjer testa (word.doc) za dodatnu provjeru znanja engleskog jezika Priprema za dodatnu provjeru znanja Za uspje\u0161nu pripremu za dodatnu provjeru znanja ne postoji zadana literatura. Me\u0111utim, kandidatima se preporu\u010duje da intenzivno \u010ditaju kvalitetne tekstove na suvremenom standardnom engleskom jeziku, prvenstveno tekstove u dnevnim novinama i \u010dasopisima, te da op\u0107enito aktivno rade na [&hellip;]<\/p>\n","protected":false},"author":6,"featured_media":0,"parent":549,"menu_order":0,"comment_status":"closed","ping_status":"closed","template":"","meta":{"ngg_post_thumbnail":0,"footnotes":""},"class_list":["post-21067","page","type-page","status-publish","hentry"],"_links":{"self":[{"href":"https:\/\/anglist.ffzg.unizg.hr\/index.php?rest_route=\/wp\/v2\/pages\/21067","targetHints":{"allow":["GET"]}}],"collection":[{"href":"https:\/\/anglist.ffzg.unizg.hr\/index.php?rest_route=\/wp\/v2\/pages"}],"about":[{"href":"https:\/\/anglist.ffzg.unizg.hr\/index.php?rest_route=\/wp\/v2\/types\/page"}],"author":[{"embeddable":true,"href":"https:\/\/anglist.ffzg.unizg.hr\/index.php?rest_route=\/wp\/v2\/users\/6"}],"replies":[{"embeddable":true,"href":"https:\/\/anglist.ffzg.unizg.hr\/index.php?rest_route=%2Fwp%2Fv2%2Fcomments&post=21067"}],"version-history":[{"count":9,"href":"https:\/\/anglist.ffzg.unizg.hr\/index.php?rest_route=\/wp\/v2\/pages\/21067\/revisions"}],"predecessor-version":[{"id":41776,"href":"https:\/\/anglist.ffzg.unizg.hr\/index.php?rest_route=\/wp\/v2\/pages\/21067\/revisions\/41776"}],"up":[{"embeddable":true,"href":"https:\/\/anglist.ffzg.unizg.hr\/index.php?rest_route=\/wp\/v2\/pages\/549"}],"wp:attachment":[{"href":"https:\/\/anglist.ffzg.unizg.hr\/index.php?rest_route=%2Fwp%2Fv2%2Fmedia&parent=21067"}],"curies":[{"name":"wp","href":"https:\/\/api.w.org\/{rel}","templated":true}]}}