{"id":2086,"date":"2012-07-07T17:04:02","date_gmt":"2012-07-07T16:04:02","guid":{"rendered":"http:\/\/www.ffzg.unizg.hr\/anglist\/test\/wp\/?page_id=2086"},"modified":"2024-07-03T17:19:05","modified_gmt":"2024-07-03T16:19:05","slug":"diplomski-rad-prijava-i-formular","status":"publish","type":"page","link":"https:\/\/anglist.ffzg.unizg.hr\/?page_id=2086","title":{"rendered":"Diplomski rad (prijava i formular): prevoditeljstvo"},"content":{"rendered":"<p style=\"line-height: normal; text-align: center;\"><span style=\"color: #003366;\"><strong><span style=\"color: #336699;\">DIPLOMSKI STUDIJ ANGLISTIKE, SMJER PREVODITELJSTVO<\/span><br \/>\n<\/strong><\/span><\/p>\n<table style=\"line-height: normal;\" border=\"0\">\n<tbody style=\"line-height: normal;\">\n<tr style=\"line-height: normal;\">\n<td style=\"line-height: normal; text-align: right;\"><span style=\"font-size: small;\"><a href=\"https:\/\/anglist.ffzg.unizg.hr\/wp-content\/uploads\/2022\/01\/Formular-za-prijavu-teme-2.doc\">Formular za prijavu teme<\/a> (word.doc)<\/span><\/td>\n<\/tr>\n<tr>\n<td style=\"line-height: normal; text-align: right;\"><span style=\"font-size: 10pt;\">Obaveza kori\u0161tenja programa <span style=\"font-size: 10pt; font-family: georgia, palatino, serif;\"><em><strong>Turnitin<\/strong><\/em> za provjeru autenti\u010dnosti radova od sije\u010dnja 2024.<br \/>\n<a href=\"https:\/\/anglist.ffzg.unizg.hr\/?p=44675\">Upute za kori\u0161tenje<\/a><\/span><\/span><span style=\"font-size: small;\"><br \/>\n<\/span><\/td>\n<\/tr>\n<\/tbody>\n<\/table>\n<p style=\"line-height: 1;\"><span style=\"font-size: small;\"><strong>Diplomski<\/strong><strong> radovi<\/strong><\/span><\/p>\n<p style=\"line-height: normal;\"><span style=\"font-size: small;\">Diplomski rad nosi 11 ECTS.<\/span><\/p>\n<p style=\"text-align: justify; line-height: normal;\"><span style=\"font-size: small;\">Rad se sastoji od izvje\u0161taja o vlastitom empirijskom istra\u017eivanju iz podru\u010dja znanosti o prevo\u0111enju.<\/span><\/p>\n<p style=\"text-align: justify; line-height: normal;\"><span style=\"font-size: small;\">Integrirani rad<\/span><\/p>\n<p style=\"text-align: justify; line-height: normal;\"><span style=\"font-size: small;\">Mogu\u0107e je prijaviti rad u sklopu kojega \u0107e se provesti istra\u017eivanje povezano s objema studijskim grupama studenta\/studentice. U tome slu\u010daju student\/studentica mora imati komentore s obaju odsjeka. Istra\u017eivanje koje se provodi za takav rad mora biti dvostruko opse\u017enije od obi\u010dnog rada. O\u010dekivana duljina integriranog rada je oko 50 autorskih kartica.<\/span><\/p>\n<p style=\"text-align: justify; line-height: normal;\"><span style=\"font-size: small;\">Prijava rada<\/span><\/p>\n<p style=\"text-align: justify; line-height: normal;\"><span style=\"font-size: small;\">Diplomski rad prijavljuje se pod radnim naslovom, u dogovoru s mentorom\/mentoricom i voditeljicom smjera na drugoj godini diplomskoga studija, i to do kraja velja\u010de teku\u0107e ak. godine. Naslov se mo\u017ee naknadno izmijeniti u dogovoru s mentorom\/mentoricom.<br \/>\nFormular za prijavu teme mogu\u0107e je poslati na elektroni\u010dku po\u0161tu tajni\u0161tva (<a href=\"mailto:anglistika@ffzg.hr\">anglistika@ffzg.hr<\/a>).<br \/>\n<\/span><\/p>\n<p style=\"text-align: justify; line-height: normal;\"><span style=\"font-size: small;\">Predaja rada<\/span><\/p>\n<p style=\"text-align: justify; line-height: normal;\"><span style=\"font-size: small;\">Kompletna, iako ne kona\u010dna, verzija rada predaje se mentoru\/mentorici najkasnije dva mjeseca prije o\u010dekivanog termina obrane, odnosno do 15.6. ako se o\u010dekuje obrana u rujnu. Nakon \u010ditanja te verzije mentor\/mentorica iznosi sugestije za doradu i pobolj\u0161anje rada, koje student provodi i predaje kona\u010dnu verziju rada najmanje tri tjedna prije o\u010dekivanog termina obrane.<\/span><\/p>\n<p style=\"text-align: justify; line-height: normal;\"><span style=\"font-size: small;\">Obrana rada<\/span><\/p>\n<p style=\"text-align: justify; line-height: normal;\"><span style=\"font-size: small;\">Rad se brani pred tro\u010dlanim povjerenstvom sastavljenim od mentora kao drugog \u010dlana te jo\u0161 dvaju \u010dlanova. U slu\u010daju integriranog rada, povjerenstvo je sastavljeno od komentora te jo\u0161 jednog \u010dlana jednog od odsjeka.<\/span><\/p>\n<p style=\"text-align: justify; line-height: normal;\"><span style=\"text-decoration: underline;\"><span style=\"font-size: small;\">Struktura, format i opseg rada<\/span><\/span><\/p>\n<p style=\"text-align: justify; line-height: normal;\"><span style=\"font-size: small;\">Diplomski rad mora imati sljede\u0107u strukturu:<\/span><\/p>\n<ul>\n<li><span style=\"font-size: 10pt;\">naslovna stranica<\/span><\/li>\n<li><span style=\"font-size: 10pt;\">stranica sa sadr\u017eajem<\/span><\/li>\n<li><span style=\"font-size: 10pt;\">sa\u017eetak od c. 200 rije\u010di<\/span><\/li>\n<li><span style=\"font-size: 10pt;\">klju\u010dne rije\u010di<\/span><\/li>\n<li><span style=\"font-size: 10pt;\">uvod<\/span><\/li>\n<li><span style=\"font-size: 10pt;\">prethodna istra\u017eivanja, pregled literature i\/ili klju\u010dni pojmovi<\/span><\/li>\n<li><span style=\"font-size: 10pt;\">ciljevi istra\u017eivanja i hipoteze<\/span><\/li>\n<li><span style=\"font-size: 10pt;\">metodologija<\/span><\/li>\n<li><span style=\"font-size: 10pt;\">rezultati<\/span><\/li>\n<li><span style=\"font-size: 10pt;\">zaklju\u010dak<\/span><\/li>\n<li><span style=\"font-size: 10pt;\">popis kori\u0161tene literature i izvora<\/span><\/li>\n<li><span style=\"font-size: 10pt;\">prilozi.<\/span><\/li>\n<\/ul>\n<p style=\"text-align: justify; line-height: normal;\"><span style=\"font-size: small;\">&nbsp;Format diplomskog rada:<\/span><\/p>\n<ul>\n<li><span style=\"font-size: 10pt;\">Rad se pi\u0161e na engleskom jeziku (izuzeci su mogu\u0107i u slu\u010daju integriranih radova).<\/span><\/li>\n<li><span style=\"font-size: 10pt;\">Rad treba biti napisan na ra\u010dunalu, vrsta slova Times New Roman, veli\u010dine 12 to\u010daka, prored 1,5.<\/span><\/li>\n<li><span style=\"font-size: 10pt;\">Stranice rada moraju biti paginirane.<\/span><\/li>\n<li><span style=\"font-size: 10pt;\">rad se predaje u elektroni\u010dkoj verziji.<\/span><\/li>\n<\/ul>\n<p style=\"text-align: justify; line-height: normal;\"><span style=\"font-size: small;\">&nbsp;Naslovna stranica diplomskog rada treba biti napisana engleskim jezikom te sadr\u017eavati:<\/span><\/p>\n<ul>\n<li><span style=\"font-size: 10pt;\">naziv Fakulteta i Odsjeka<\/span><\/li>\n<li><span style=\"font-size: 10pt;\">ime i prezime studenta<\/span><\/li>\n<li><span style=\"font-size: 10pt;\">naslov rada<\/span><\/li>\n<li><span style=\"font-size: 10pt;\">ime i prezime mentora<\/span><\/li>\n<li><span style=\"font-size: 10pt;\">mjesto te godinu nastanka rada.<\/span><\/li>\n<\/ul>\n<p style=\"text-align: justify; line-height: normal;\"><span style=\"font-size: small;\">&nbsp;Opseg rada:<\/span><\/p>\n<p style=\"text-align: justify; line-height: normal;\"><span style=\"font-size: small;\">Preporu\u010deni opseg rada (bez priloga) je izme\u0111u 25 i 30 autorskih kartica, a u slu\u010daju integriranoga rada oko 50 kartica.<\/span><\/p>\n<p style=\"text-align: justify; line-height: normal;\"><span style=\"font-size: small;\">Voditeljica smjera: dr. sc. Nata\u0161a Pavlovi\u0107 (npavlovi@ffzg.hr)<\/span><\/p>\n<p style=\"line-height: normal; text-align: left;\"><span style=\"color: #c7d9f9;\">______________________________________________________________________________<\/span><span style=\"font-size: small;\"><br \/>\n<\/span><\/p>\n<p style=\"line-height: normal; text-align: left;\"><span style=\"font-size: 10pt;\">Postupak prije i poslije obrane: <a href=\"https:\/\/web2020.ffzg.unizg.hr\/studentska-sluzba\/obrasci\/diplomski-studij\/hodogram\/\">poveznica<\/a>.<br \/>\n<\/span><span style=\"font-size: small;\">ili:<br \/>\nZa predaju papirologije prije postupka obrane, vidi <a href=\"https:\/\/anglist.ffzg.unizg.hr\/?page_id=1808\" target=\"_blank\" rel=\"noopener noreferrer\">poveznicu<\/a>.<\/span><br \/>\n<span style=\"font-size: small;\">Za pohranu rada u Repozitorij <em>ODRAZ<\/em> u .pdf formatu nakon postupka obrane, vidi <a href=\"https:\/\/anglist.ffzg.unizg.hr\/?page_id=10574\" target=\"_blank\" rel=\"noopener noreferrer\">poveznicu<\/a>.<\/span><\/p>\n<p style=\"text-align: justify; line-height: normal;\"><span style=\"font-size: small;\">&nbsp;<\/span><\/p>\n","protected":false},"excerpt":{"rendered":"<p>DIPLOMSKI STUDIJ ANGLISTIKE, SMJER PREVODITELJSTVO Formular za prijavu teme (word.doc) Obaveza kori\u0161tenja programa Turnitin za provjeru autenti\u010dnosti radova od sije\u010dnja 2024. Upute za kori\u0161tenje Diplomski radovi Diplomski rad nosi 11 ECTS. Rad se sastoji od izvje\u0161taja o vlastitom empirijskom istra\u017eivanju iz podru\u010dja znanosti o prevo\u0111enju. Integrirani rad Mogu\u0107e je prijaviti rad u sklopu kojega \u0107e [&hellip;]<\/p>\n","protected":false},"author":6,"featured_media":0,"parent":522,"menu_order":0,"comment_status":"closed","ping_status":"closed","template":"","meta":{"ngg_post_thumbnail":0,"footnotes":""},"class_list":["post-2086","page","type-page","status-publish","hentry"],"_links":{"self":[{"href":"https:\/\/anglist.ffzg.unizg.hr\/index.php?rest_route=\/wp\/v2\/pages\/2086","targetHints":{"allow":["GET"]}}],"collection":[{"href":"https:\/\/anglist.ffzg.unizg.hr\/index.php?rest_route=\/wp\/v2\/pages"}],"about":[{"href":"https:\/\/anglist.ffzg.unizg.hr\/index.php?rest_route=\/wp\/v2\/types\/page"}],"author":[{"embeddable":true,"href":"https:\/\/anglist.ffzg.unizg.hr\/index.php?rest_route=\/wp\/v2\/users\/6"}],"replies":[{"embeddable":true,"href":"https:\/\/anglist.ffzg.unizg.hr\/index.php?rest_route=%2Fwp%2Fv2%2Fcomments&post=2086"}],"version-history":[{"count":48,"href":"https:\/\/anglist.ffzg.unizg.hr\/index.php?rest_route=\/wp\/v2\/pages\/2086\/revisions"}],"predecessor-version":[{"id":45933,"href":"https:\/\/anglist.ffzg.unizg.hr\/index.php?rest_route=\/wp\/v2\/pages\/2086\/revisions\/45933"}],"up":[{"embeddable":true,"href":"https:\/\/anglist.ffzg.unizg.hr\/index.php?rest_route=\/wp\/v2\/pages\/522"}],"wp:attachment":[{"href":"https:\/\/anglist.ffzg.unizg.hr\/index.php?rest_route=%2Fwp%2Fv2%2Fmedia&parent=2086"}],"curies":[{"name":"wp","href":"https:\/\/api.w.org\/{rel}","templated":true}]}}