{"id":18873,"date":"2012-11-07T16:08:51","date_gmt":"2012-11-07T15:08:51","guid":{"rendered":"http:\/\/anglist.ffzg.unizg.hr\/?page_id=18873"},"modified":"2024-08-27T15:57:48","modified_gmt":"2024-08-27T14:57:48","slug":"english-student-club-x-a","status":"publish","type":"page","link":"https:\/\/anglist.ffzg.unizg.hr\/?page_id=18873&lang=en","title":{"rendered":"English Student Club X.a."},"content":{"rendered":"<div>\n<p><span style=\"font-size: small;\"><span style=\"font-size: 10pt;\">President: Marta Pocrn\u010di\u0107<br \/>\nVice President: Sofija S\u010dapec<br \/>\nSecretary: Fedra \u0160aki\u0107<br \/>\nTreasurer: Ruben Prstec<br \/>\nMonitoring Committee: Nika Keserovi\u0107, Lucia Ivan\u010dev, Meri \u017di\u017ei\u0107<\/p>\n<p><\/span><span style=\"font-size: small;\"><br \/>\ne-mail <a href=\"mailto:klubanglistike@gmail.com\">klubanglistike@gmail.com<br \/>\n<\/a><\/span><span style=\"font-size: 10pt;\">web page: <a href=\"http:\/\/xa.ffzg.unizg.hr\/en\/\">http:\/\/xa.ffzg.unizg.hr\/en\/ <\/a><br \/>\nFacebook page:&nbsp;<a href=\"http:\/\/www.facebook.com\/klubxa\">www.facebook.com\/klubxa<\/a><\/span><br \/>\n<span style=\"padding-left: 30px;\"><a href=\"http:\/\/www.facebook.com\/klubxa\"><img decoding=\"async\" src=\"https:\/\/anglist.ffzg.unizg.hr\/wp-content\/uploads\/2014\/04\/fb-logo.png\" alt=\"fb\"\/><\/a><\/span><\/span><\/p>\n<table style=\"border-color: #aeb2d1; width: 100%; height: 965px;\">\n<tbody>\n<tr style=\"height: 26.5px; background-color: #ffffff; border-color: #3878a6;\">\n<td style=\"border-color: #aeb2d1; height: 26px;\"><span style=\"color: #267351; font-size: small; background-color: #daf2e3;\"><strong>&nbsp;ACTIVITIES:<\/strong><\/span><\/td>\n<\/tr>\n<tr style=\"background-color: #f5ebf4; border-color: #bed3e6; height: 26px;\">\n<td style=\"padding-left: 16px; border-color: #aeb2d1; height: 26px; background-color: #d6e9f5;\">\n<p><img loading=\"lazy\" decoding=\"async\" class=\"wp-image-39228 alignleft\" src=\"http:\/\/anglist.ffzg.unizg.hr\/wp-content\/uploads\/2021\/03\/smiley.png\" alt=\"\" width=\"45\" height=\"27\"\/><\/p>\n<p><strong><br \/>\n<a title=\"Obavijest Kluba anglistike \u2013 Big Sibling projekt\" href=\"https:\/\/anglist.ffzg.unizg.hr\/?p=6059\"><span style=\"font-size: small; color: #265572;\">Big Sibling project<\/span><\/a> <br \/>\n<\/strong><\/p>\n<\/td>\n<\/tr>\n<tr>\n<td style=\"border-color: #aeb2d1; background-color: #ffffff;\">\n<p style=\"text-align: left;\"><span style=\"font-size: 10pt; color: #ff0000; background-color: #c2ddf0;\"><span style=\"font-size: 8pt; background-color: #c2ddf0;\"><span style=\"text-decoration: underline;\"><strong>CONFERENCE 7 &#8211; 202<em>3:<\/em><\/strong><\/span><\/span><\/span><\/p>\n<p style=\"text-align: center;\"><a href=\"https:\/\/anglophonia.ffzg.unizg.hr\/\"><strong><em>\u00b0<\/em><\/strong>&nbsp; <em><strong>ANGLOPHONIA: FORKING PATHS<\/strong><\/em><\/a><br \/>\nThe Faculty of Humanities and Social Sciences, Zagreb, Croatia<br \/>\n(16th to 18th May 2024)<br \/>\n<a href=\"https:\/\/anglophonia.ffzg.unizg.hr\/anglophonia-2024\"><strong>\u00b0&nbsp;<\/strong>Program Anglophonia 2024 (May 16-18, 2024)<\/a><\/p>\n<\/td>\n<\/tr>\n<tr style=\"background-color: #e6faeb; border-color: #bed3e6; height: 183px;\">\n<td style=\"border-color: #aeb2d1; height: 183px; background-color: #ffffff;\">\n<p style=\"text-align: left;\"><span style=\"font-size: 10pt; color: #ff0000; background-color: #c2ddf0;\"><span style=\"font-size: 8pt; background-color: #c2ddf0;\"><span style=\"text-decoration: underline;\"><strong>CONFERENCE 6 &#8211; 202<em>3:<\/em><\/strong><\/span><\/span><\/span><\/p>\n<p style=\"text-align: center;\"><a href=\"https:\/\/anglophonia.ffzg.unizg.hr\/\"><strong><em>\u00b0<\/em><\/strong>&nbsp; <em><strong>ANGLOPHONIA: ENDLESSNESS<\/strong><\/em> <\/a><br \/>\nThe Faculty of Humanities and Social Sciences, Zagreb, Croatia<br \/>\n(11th to 13th May 2023)<br \/>\n<a href=\"https:\/\/anglist.ffzg.unizg.hr\/?p=43583\"><strong>\u00b0&nbsp;<\/strong>Program Anglophonia 2023 (May 11-13, 2023)<\/a><\/p>\n<\/td>\n<\/tr>\n<tr style=\"background-color: #e6faeb; border-color: #bed3e6; height: 183px;\">\n<td style=\"border-color: #aeb2d1; height: 183px; background-color: #ffffff;\">\n<p style=\"text-align: left;\"><span style=\"font-size: 10pt; color: #ff0000; background-color: #c2ddf0;\"><span style=\"font-size: 8pt; background-color: #c2ddf0;\"><span style=\"text-decoration: underline;\"><strong>CONFERENCE 5 &#8211; 2020<em>:<\/em><\/strong><\/span><\/span><\/span><\/p>\n<p style=\"text-align: center;\"><span style=\"font-size: 10pt;\"><strong><a href=\"http:\/\/anglophonia.ffzg.unizg.hr\/\" target=\"_blank\" rel=\"noopener noreferrer\"><em>ANGLOPHONIA: HORIZONS<\/em><\/a><br \/>\nInternational Student Conference in English Studies<br \/>\n<em>Anglophonia<\/em> <\/strong>is the fifth international student conference in English studies organized by the English Student Club X.a. The conference will be held at the Faculty of Humanities and Social Sciences<strong><br \/>\nin Zagreb, May <em>7<\/em>-9, 2020<br \/>\n(<a href=\"http:\/\/xa.ffzg.unizg.hr\/en\/ostalo\/anglophonia-horizons-odgodena\"><span style=\"color: #ff0000;\">cancelled<\/span><\/a>)<br \/>\n<\/strong><\/span><a href=\"http:\/\/anglophonia.ffzg.unizg.hr\/\" target=\"_blank\" rel=\"noopener noreferrer\"><strong>http:\/\/anglophonia.ffzg.unizg.hr\/<\/strong><\/a><br \/>\n<a href=\"http:\/\/xa.ffzg.unizg.hr\/en\/\" target=\"_blank\" rel=\"noopener noreferrer\"><strong>http:\/\/xa.ffzg.unizg.hr\/en\/<\/strong><\/a><\/p>\n<\/td>\n<\/tr>\n<tr style=\"background-color: #e6faeb; border-color: #bed3e6; height: 183px;\">\n<td style=\"border-color: #aeb2d1; height: 183px; background-color: #ffffff;\">\n<p style=\"text-align: left;\"><span style=\"font-size: 10pt; color: #ff0000; background-color: #c2ddf0;\"><span style=\"font-size: 8pt; background-color: #c2ddf0;\"><span style=\"text-decoration: underline;\"><strong>CONFERENCE&nbsp; 4 &#8211; 2019<em>:<\/em><\/strong><\/span><\/span><\/span><\/p>\n<p style=\"text-align: center;\"><span style=\"font-size: 10pt;\"><strong><a href=\"http:\/\/anglophonia.ffzg.unizg.hr\/\" target=\"_blank\" rel=\"noopener noreferrer\"><em>ANGLOPHONIA: NEW FRONTIERS<\/em><\/a><br \/>\nInternational Student Conference in English Studies<br \/>\n<em>Anglophonia<\/em> <\/strong>is the fourth international student conference in English studies <br \/>\norganized by the English Student Club X.a. <br \/>\nThe conference will be held at the Faculty of Humanities and Social Sciences<strong><br \/>\nin Zagreb, May <em>9<\/em>-11, 2019<br \/>\n<\/strong><\/span><a href=\"http:\/\/anglophonia.ffzg.unizg.hr\/\" target=\"_blank\" rel=\"noopener noreferrer\"><strong>http:\/\/anglophonia.ffzg.unizg.hr\/<\/strong><\/a><br \/>\n<a href=\"http:\/\/xa.ffzg.unizg.hr\/en\/\" target=\"_blank\" rel=\"noopener noreferrer\"><strong>http:\/\/xa.ffzg.unizg.hr\/en\/<\/strong><\/a><\/p>\n<\/td>\n<\/tr>\n<tr style=\"background-color: #e6faeb; border-color: #bed3e6; height: 183px;\">\n<td style=\"border-color: #aeb2d1; height: 183px; background-color: #ffffff;\">\n<p style=\"text-align: left;\"><span style=\"font-size: 10pt; color: #ff0000; background-color: #c2ddf0;\"><span style=\"font-size: 8pt; background-color: #c2ddf0;\"><span style=\"text-decoration: underline;\"><strong>CONFERENCE 3 &#8211; 2018<em>:<\/em><\/strong><\/span><\/span><\/span><\/p>\n<p style=\"text-align: center;\"><span style=\"font-size: 10pt;\"><strong><em><span style=\"color: #ff0000;\">ANGLOPHONIA: VOICES AND PERSPECTIVES<\/span><\/em><br \/>\nInternational Student Conference<br \/>\nin English Studies<br \/>\n<em>Anglophonia<\/em> <\/strong>is the third international student conference in English studies organized by the English Student Club X.a. The conference will be held at the Faculty of Humanities and Social Sciences<strong><br \/>\nin Zagreb, May 3-5, 2018<br \/>\n<\/strong><\/span><strong><a href=\"http:\/\/anglophonia.ffzg.unizg.hr\/\" target=\"_blank\" rel=\"noopener noreferrer\">http:\/\/anglophonia.ffzg.unizg.hr\/<\/a><\/strong><br \/>\n<a href=\"http:\/\/xa.ffzg.unizg.hr\/en\/\" target=\"_blank\" rel=\"noopener noreferrer\"><strong>http:\/\/xa.ffzg.unizg.hr\/en\/<\/strong><\/a><\/p>\n<\/td>\n<\/tr>\n<tr style=\"background-color: #f2faf9; border-color: #bed3e6; height: 183px;\">\n<td style=\"border-color: #aeb2d1; height: 183px; background-color: #ffffff;\">\n<p style=\"text-align: left;\"><span style=\"font-size: 10pt; color: #ff0000; background-color: #c2ddf0;\"><span style=\"font-size: 8pt; background-color: #c2ddf0;\"> <span style=\"text-decoration: underline;\"><strong>CONFERENCE 2 &#8211; 2017<em>:<\/em><\/strong><\/span><\/span><\/span><\/p>\n<p style=\"text-align: center;\"><span style=\"font-size: 10pt;\"><strong><em><span style=\"color: #ff0000;\">ANGLOPHILIA<\/span><\/em><br \/>\nInternational Student Conference<br \/>\non English Studies<br \/>\n<em>Anglophilia<\/em> <\/strong>is an international student conference on English studies organized by the English Student Club X.a. The conference was held at the Faculty of Humanities and Social Sciences<strong><br \/>\nin Zagreb, May 4-6, 2017<br \/>\n<\/strong><\/span><strong><a href=\"http:\/\/anglophilia.ffzg.unizg.hr\/\" target=\"_blank\" rel=\"noopener noreferrer\">http:\/\/anglophilia.ffzg.unizg.hr\/<\/a><\/strong><\/p>\n<\/td>\n<\/tr>\n<tr style=\"background-color: #fafaf2; border-color: #bed3e6;\">\n<td style=\"border-color: #aeb2d1; background-color: #ffffff; height: 181px;\">\n<p><span style=\"background-color: #c2ddf0;\">&nbsp;&nbsp;<span style=\"text-decoration: underline; color: #ff0000;\"> <strong><span style=\"font-size: 8pt; background-color: #c2ddf0;\">CONFERENCE 1 &#8211; 2016:<\/span><\/strong><\/span><\/span><\/p>\n<p style=\"text-align: center;\"><span style=\"font-size: 10pt;\"><strong>Words to Works \u2013 International Student Conference on English Studies 2016<\/strong><\/span><br \/>\n<span style=\"font-size: 10pt;\"><strong>6 May \u2013 7 May 2016<\/strong><\/span><br \/>\n<span style=\"font-size: 10pt;\"><a href=\"http:\/\/anglophilia.ffzg.unizg.hr\/2016-w2w\" target=\"_blank\" rel=\"noopener noreferrer\">http:\/\/anglophilia.ffzg.unizg.hr\/2016-w2w<\/a><\/span><\/p>\n<p>&nbsp;<\/p>\n<\/td>\n<\/tr>\n<\/tbody>\n<\/table>\n<table style=\"height: 726px;\">\n<tbody>\n<tr style=\"height: 24px;\">\n<td style=\"height: 24px; width: 613px;\">ARCHIVE<\/td>\n<\/tr>\n<tr>\n<td style=\"width: 613px;\"><span style=\"font-size: 8pt;\"><span style=\"font-size: 8pt;\"><span style=\"text-decoration: underline; color: #546db3; font-size: 8pt;\">In ac. year 2023\/24<\/span><br \/>\nPresident: Nika Keserovi\u0107<\/span><br \/>\n<span style=\"font-size: 8pt;\">Vice President: Meri \u017di\u017ei\u0107<\/span><br \/>\n<span style=\"font-size: 8pt;\">Secretary: Lucia Ivan\u010dev<\/span><br \/>\n<span style=\"font-size: 8pt;\">Monitoring Committee: Mateja Martinjak, Ivona Jurajec, Sofija \u0160\u010dapec<\/span><\/span><\/td>\n<\/tr>\n<tr style=\"height: 144px;\">\n<td style=\"height: 144px; width: 613px;\"><span style=\"text-decoration: underline; color: #546db3; font-size: 8pt;\">untill May 2023<\/span><br \/>\n<span style=\"font-size: 8pt;\">President: Mihael \u017deljko Crn\u010dec<\/span><br \/>\n<span style=\"font-size: 8pt;\">Vice President: Ivona Jurajec<\/span><br \/>\n<span style=\"font-size: 8pt;\">Secretary: Mislav Franc<\/span><br \/>\n<span style=\"font-size: 8pt;\">Treasurer: Tina Pola\u0161ek<\/span><br \/>\n<span style=\"font-size: 8pt;\">Monitoring Committee: Brigita Ga\u0161pari\u0107, Mateja Martinjak, Nina Telarovi\u0107<\/span><\/td>\n<\/tr>\n<tr style=\"height: 144px;\">\n<td style=\"height: 144px; width: 613px;\"><span style=\"text-decoration: underline; color: #546db3; font-size: 8pt;\">In ac. year 2019\/20<\/span><br \/>\n<span style=\"font-size: 8pt;\">President: Marijana \u0160incek<\/span><br \/>\n<span style=\"font-size: 8pt;\">Vice President: David Gra\u010danin<\/span><br \/>\n<span style=\"font-size: 8pt;\">Secretary: Luka Juri\u0107<\/span><br \/>\n<span style=\"font-size: 8pt;\">Treasurer: Elvira Podi\u0107<\/span><br \/>\n<span style=\"font-size: 8pt;\">Monitoring Committee:&nbsp; Dominik Abramovi\u0107, Brigita Ga\u0161pari\u0107, Mia Uremovi\u0107<\/span><\/td>\n<\/tr>\n<tr style=\"height: 144px;\">\n<td style=\"height: 144px; width: 613px;\"><span style=\"text-decoration: underline; color: #546db3; font-size: 8pt;\">In ac. year 2018\/19<\/span><br \/>\n<span style=\"font-size: 8pt;\">President: Marta Jurkovi\u0107<\/span><br \/>\n<span style=\"font-size: 8pt;\">Vice President: Neven Brlek<\/span><br \/>\n<span style=\"font-size: 8pt;\">Secretary: Iva Gavran<\/span><br \/>\n<span style=\"font-size: 8pt;\">Treasurer: Luce Drobac<\/span><br \/>\n<span style=\"font-size: 8pt;\">Monitoring Committee: Leonarda Bla\u0161kovi\u0107, Luka Karaturovi\u0107, Mia Uremovi\u0107<\/span><\/td>\n<\/tr>\n<tr style=\"height: 147px;\">\n<td style=\"height: 147px; width: 613px;\">\n<p><span style=\"text-decoration: underline; font-size: 8pt;\"><span style=\"color: #6080a8; text-decoration: underline;\">In ac. year 2017\/18<\/span><\/span><br \/>\n<span style=\"font-size: 8pt;\">President:&nbsp;Marko Babi\u0107<\/span><br \/>\n<span style=\"font-size: 8pt;\">Vice President: Alen Obrazovi\u0107<\/span><br \/>\n<span style=\"font-size: 8pt;\">Secretary: Tena Filetin<\/span><br \/>\n<span style=\"font-size: 8pt;\">Treasurer: Anamarija Tkalec<\/span><br \/>\n<span style=\"font-size: 8pt;\">Monitoring Board: Lina Krnic, Dunja Pelin, Bla\u017e Ivankovi\u0107<\/span><\/p>\n<\/td>\n<\/tr>\n<tr style=\"height: 167px;\">\n<td style=\"height: 167px; width: 613px;\">\n<p><span style=\"font-size: 8pt;\"><span style=\"text-decoration: underline; color: #336699;\">In ac. year 2016\/17<br \/>\n<\/span>President: Ivica Je\u0111ud<\/span><br \/>\n<span style=\"font-size: 8pt;\">Co-president: Ivan Puh<\/span><br \/>\n<span style=\"font-size: 8pt;\">Secretary: Dajana Novak<\/span><br \/>\n<span style=\"font-size: 8pt;\">Treasurer: Marko Babi\u0107<\/span><br \/>\n<span style=\"font-size: 8pt;\">Presidium: Petar Hokman, Karla Kurtoi\u0107, Sun\u010dana Sinkovi\u0107<\/span><br \/>\n<span style=\"font-size: 8pt;\">Monitoring Board: Andro Babi\u0107 (president), \u017deljka Boduljak, Martina \u017dugaj<\/span><\/p>\n<\/td>\n<\/tr>\n<tr style=\"height: 122px;\">\n<td style=\"height: 122px; width: 613px;\"><span style=\"font-size: 8pt;\"><span style=\"text-decoration: underline; color: #336699;\">In ac. year 2015\/16<\/span><br \/>\nPresident: Ivica Je\u0111ud<br \/>\nDeputy: Ivan Puh <\/span><br \/>\n<span style=\"font-size: 8pt;\"> Secretary: Andro Babi\u0107 <\/span><br \/>\n<span style=\"font-size: small;\"><span style=\"font-size: 8pt;\">Monitoring Committee: Martina \u017dugaj, Petar Hokman, Katarina Puljko<\/span> <\/span><\/td>\n<\/tr>\n<tr style=\"height: 122px;\">\n<td style=\"height: 122px; width: 613px;\"><span style=\"font-size: 8pt;\"><span style=\"text-decoration: underline; color: #336699;\">In ac. year 2014\/15<\/span><br \/>\nPresident: Julija Savi\u0107<br \/>\n<\/span><span style=\"font-size: 8pt;\">Deputy: Ivan Puh <\/span><br \/>\n<span style=\"font-size: 8pt;\"> Secretary: Marija Kozjak <\/span><br \/>\n<span style=\"font-size: small;\"><span style=\"font-size: 8pt;\"> Monitoring Committee: Roberta Kon\u010dar, Maja Lisac and Borna Mesi\u0107<\/span><\/span><\/td>\n<\/tr>\n<\/tbody>\n<\/table>\n<p><span style=\"font-size: small; color: #336699;\">&nbsp;<\/span><\/p>\n<p><span style=\"font-size: small;\">&nbsp;<\/span><\/p>\n<p style=\"text-align: left;\"><span style=\"color: #006699; font-size: small;\"><strong>&nbsp;<\/strong><\/span><\/p>\n<\/div>\n","protected":false},"excerpt":{"rendered":"<p>President: Marta Pocrn\u010di\u0107 Vice President: Sofija S\u010dapec Secretary: Fedra \u0160aki\u0107 Treasurer: Ruben Prstec Monitoring Committee: Nika Keserovi\u0107, Lucia Ivan\u010dev, Meri \u017di\u017ei\u0107 e-mail klubanglistike@gmail.com web page: http:\/\/xa.ffzg.unizg.hr\/en\/ Facebook page:&nbsp;www.facebook.com\/klubxa &nbsp;ACTIVITIES: Big Sibling project CONFERENCE 7 &#8211; 2023: \u00b0&nbsp; ANGLOPHONIA: FORKING PATHS The Faculty of Humanities and Social Sciences, Zagreb, Croatia (16th to 18th May 2024) \u00b0&nbsp;Program [&hellip;]<\/p>\n","protected":false},"author":6,"featured_media":0,"parent":18871,"menu_order":0,"comment_status":"closed","ping_status":"closed","template":"","meta":{"ngg_post_thumbnail":0,"footnotes":""},"class_list":["post-18873","page","type-page","status-publish","hentry"],"_links":{"self":[{"href":"https:\/\/anglist.ffzg.unizg.hr\/index.php?rest_route=\/wp\/v2\/pages\/18873","targetHints":{"allow":["GET"]}}],"collection":[{"href":"https:\/\/anglist.ffzg.unizg.hr\/index.php?rest_route=\/wp\/v2\/pages"}],"about":[{"href":"https:\/\/anglist.ffzg.unizg.hr\/index.php?rest_route=\/wp\/v2\/types\/page"}],"author":[{"embeddable":true,"href":"https:\/\/anglist.ffzg.unizg.hr\/index.php?rest_route=\/wp\/v2\/users\/6"}],"replies":[{"embeddable":true,"href":"https:\/\/anglist.ffzg.unizg.hr\/index.php?rest_route=%2Fwp%2Fv2%2Fcomments&post=18873"}],"version-history":[{"count":54,"href":"https:\/\/anglist.ffzg.unizg.hr\/index.php?rest_route=\/wp\/v2\/pages\/18873\/revisions"}],"predecessor-version":[{"id":46182,"href":"https:\/\/anglist.ffzg.unizg.hr\/index.php?rest_route=\/wp\/v2\/pages\/18873\/revisions\/46182"}],"up":[{"embeddable":true,"href":"https:\/\/anglist.ffzg.unizg.hr\/index.php?rest_route=\/wp\/v2\/pages\/18871"}],"wp:attachment":[{"href":"https:\/\/anglist.ffzg.unizg.hr\/index.php?rest_route=%2Fwp%2Fv2%2Fmedia&parent=18873"}],"curies":[{"name":"wp","href":"https:\/\/api.w.org\/{rel}","templated":true}]}}