{"id":18847,"date":"2012-07-07T18:13:38","date_gmt":"2012-07-07T17:13:38","guid":{"rendered":"http:\/\/anglist.ffzg.unizg.hr\/?page_id=18847"},"modified":"2025-09-23T14:59:36","modified_gmt":"2025-09-23T13:59:36","slug":"tefl-syllabi","status":"publish","type":"page","link":"https:\/\/anglist.ffzg.unizg.hr\/?page_id=18847&lang=en","title":{"rendered":"TEFL: syllabi"},"content":{"rendered":"<p style=\"text-align: center;\">&nbsp;<span style=\"color: #336699;\"><span style=\"font-size: small;\"><strong>Graduate programme \u2013 Master of Education in English Language and Literature<br \/>\nCourse Description 2025\/26<\/strong><\/span><\/span><span style=\"font-size: small; color: #000000;\"><strong><br \/>\n<span style=\"color: #336699;\">Year 1 and 2<\/span><br \/>\n<\/strong><span style=\"color: #99ccff;\">___________________________________________________________________________________<strong><br \/>\n<\/strong><\/span><\/span><\/p>\n<p><span style=\"font-size: small; color: #000000;\"><strong><span style=\"text-decoration: underline; font-size: 11pt; color: #30634a;\"><span style=\"color: #296347; text-decoration: underline;\">Double-major programme<\/span> <\/span><br \/>\n1st year<br \/>\n1st semester<br \/>\n<\/strong><\/span><span style=\"font-size: small;\"><em><a href=\"https:\/\/anglist.ffzg.unizg.hr\/?p=19070&amp;lang=en\"> Process of Language Acquisition<\/a><\/em><\/span><span style=\"font-size: small; color: #000000;\"> (Letica Krevelj) (3 ECTS)<br \/>\n<\/span><\/p>\n<p><strong><span style=\"font-size: small;\">2nd semester<\/span><br \/>\n<\/strong><a href=\"https:\/\/anglist.ffzg.unizg.hr\/?p=42890&amp;lang=en\"><span style=\"font-size: small;\"><em>Teaching English as a Foreign Language<\/em><\/span><\/a><span style=\"font-size: small; color: #000000;\"> (Geld, Prosenjak, Kova\u010di\u0107) (4 ECTS)<strong><br \/>\n<\/strong><\/span><\/p>\n<p><span style=\"font-size: 10pt;\"><strong>2nd year<\/strong><\/span><br \/>\n<span style=\"font-size: 10pt;\"><strong>3rd semester<\/strong><\/span><br \/>\n<em><span style=\"font-size: small;\"><em><a href=\"https:\/\/anglist.ffzg.unizg.hr\/?p=19087&amp;lang=en\"><em>Practicum 1<\/em><\/a><\/em><\/span><\/em><span style=\"color: #000000;\"><span style=\"font-size: small;\"> (Geld, <span style=\"font-size: small; color: #000000;\">Prosenjak, Kova\u010di\u0107<\/span>) (2 ECTS)<br \/>\n<span style=\"font-size: small; color: #000000;\"><a href=\"https:\/\/anglist.ffzg.unizg.hr\/?p=26045&amp;lang=en\"><em>Bilingualism<\/em><\/a> (Letica Krevelj) (5 ECTS)<\/span><br \/>\n<a href=\"https:\/\/anglist.ffzg.unizg.hr\/?p=38084&amp;lang=en\"><em>Application of cognitive linguistics in learning and teaching L2 <\/em><\/a>(Stanojevi\u0107) (elective) (5 ECTS)<br \/>\n<\/span>&nbsp;<\/span><strong><br \/>\n<span style=\"font-size: 10pt;\">4th semester<\/span><\/strong><span style=\"font-size: small;\"><br \/>\n<a href=\"https:\/\/anglist.ffzg.unizg.hr\/?p=19091&amp;lang=en\"><em>Practicum 2<\/em><\/a> (Geld, <span style=\"color: #000000;\"><span style=\"font-size: small; color: #000000;\">Kova\u010di\u0107<\/span><\/span>) (3 ECTS)<br \/>\n<em><a href=\"https:\/\/anglist.ffzg.unizg.hr\/?p=38745&amp;lang=en\">Doing research in second language acquisition and language teaching <\/a><\/em>(Letica Krevelj) (3 ECTS)<em><br \/>\n<a href=\"https:\/\/theta.ffzg.hr\/ECTS\/Predmet\/Index\/34819\">Assessing communicative language competence in English<\/a><\/em> (Prosenjak) (3 ECTS)<br \/>\nGraduation Thesis&nbsp; (10 ECTS)<\/span><span style=\"color: #99ccff;\"><span style=\"font-size: small;\"><span style=\"color: #000000;\"><br \/>\n<\/span><\/span><\/span><span style=\"color: #003366; font-size: small;\"><span style=\"color: #849db5;\">_____________________________________________________________________________________________________<\/span><br \/>\n<\/span><\/p>\n<p><span style=\"font-size: 10pt;\"><strong>Note:<\/strong> Beginning with the academic year 2016\/2017, single-major TEFL Program will not be carried out. This change was approved by the Department on 1 June 2016.<\/span><\/p>\n<p><span style=\"color: #849db5;\">______________________________________________________________________________________________<\/span><\/p>\n<p><span style=\"color: #003366; font-size: small;\"><strong>COURSES ARCHIVES<\/strong>:<\/span><\/p>\n<p><span style=\"color: #003366; font-size: small;\"><a href=\"https:\/\/anglist.ffzg.unizg.hr\/?p=48076&amp;lang=en\">\u00b0 Ac. year 2024\/25<\/a><br \/>\n<a href=\"https:\/\/anglist.ffzg.unizg.hr\/?p=46466&amp;lang=en\">\u00b0 Ac. year 2023\/24<\/a><br \/>\n<\/span><span style=\"color: #003366; font-size: small;\"><a href=\"https:\/\/anglist.ffzg.unizg.hr\/?p=44029&amp;lang=en\" target=\"_blank\" rel=\"noopener\">\u00b0 Ac. year 2022\/23<\/a><br \/>\n<a href=\"https:\/\/anglist.ffzg.unizg.hr\/?p=42305&amp;lang=en\">\u00b0 Ac. year 2021\/22<\/a><br \/>\n<a href=\"https:\/\/anglist.ffzg.unizg.hr\/?p=40706&amp;lang=en\">\u00b0 Ac. year 2020\/21<\/a><br \/>\n<a href=\"https:\/\/anglist.ffzg.unizg.hr\/?p=37715&amp;lang=en\">\u00b0 Ac. year 2019\/20<\/a><br \/>\n<\/span><a href=\"https:\/\/anglist.ffzg.unizg.hr\/?p=35552&amp;lang=en\"><span style=\"font-size: 10pt;\">\u00b0 Ac. year 2018\/19<\/span><\/a><br \/>\n<span style=\"font-size: 10pt;\"><a href=\"https:\/\/anglist.ffzg.unizg.hr\/?p=33024&amp;lang=en\">\u00b0 Ac. year 2017\/18<\/a><\/span><br \/>\n<span style=\"font-size: 10pt;\"><a href=\"https:\/\/anglist.ffzg.unizg.hr\/?p=29273&amp;lang=en\">\u00b0 Ac. year 2016\/17<\/a><\/span><br \/>\n<span style=\"font-size: 10pt;\"><a href=\"https:\/\/anglist.ffzg.unizg.hr\/?p=25281&amp;lang=en\">\u00b0 Ac. year 2015\/16<\/a><\/span><br \/>\n<span style=\"font-size: 10pt;\"><a title=\"TEFL: syllabi 2014\/15 (archive)\" href=\"https:\/\/anglist.ffzg.unizg.hr\/?p=22180&amp;lang=en\">\u00b0 Ac. year 2014\/15<\/a><\/span><br \/>\n<span style=\"font-size: 10pt;\"><a href=\"https:\/\/anglist.ffzg.unizg.hr\/?p=17198&amp;lang=en\">\u00b0 Ac. year 2013\/14<\/a><\/span><br \/>\n<span style=\"font-size: 10pt;\"><a href=\"https:\/\/anglist.ffzg.unizg.hr\/?p=12315&amp;lang=en\">\u00b0 Ac. year 2012\/13<\/a><\/span><br \/>\n<span style=\"color: #003366; font-size: 10pt;\"><a href=\"https:\/\/anglist.ffzg.unizg.hr\/?p=2109\">\u00b0 Ac. year 2011\/12<\/a><\/span><\/p>\n<p><span style=\"color: #003366; font-size: small;\">&nbsp;<\/span><\/p>\n<p><span style=\"font-size: 10pt;\"><span style=\"text-decoration: underline;\"><br \/>\nNote:<\/span> In Courses archives: Year 1 and 2 are listed as 4 and 5; Semesters 1, 2, 3, and 4 are listed as 7, 8, 9 and 10.<\/span><\/p>\n<p><span style=\"font-size: 10pt;\"><strong>*<\/strong> Please visit the page: Faculty of Humanities and Social Sciences, University of Zagreb<\/span><br \/>\n<span style=\"font-size: 10pt;\"><strong>STUDIES AND COURSES: <\/strong><a href=\"http:\/\/theta.ffzg.hr\/ECTS\/\" target=\"_blank\" rel=\"noopener\">ECTS Information package<\/a><\/span><\/p>\n<p>&nbsp;<\/p>\n","protected":false},"excerpt":{"rendered":"<p>&nbsp;Graduate programme \u2013 Master of Education in English Language and Literature Course Description 2025\/26 Year 1 and 2 ___________________________________________________________________________________ Double-major programme 1st year 1st semester Process of Language Acquisition (Letica Krevelj) (3 ECTS) 2nd semester Teaching English as a Foreign Language (Geld, Prosenjak, Kova\u010di\u0107) (4 ECTS) 2nd year 3rd semester Practicum 1 (Geld, Prosenjak, Kova\u010di\u0107) [&hellip;]<\/p>\n","protected":false},"author":6,"featured_media":0,"parent":18794,"menu_order":0,"comment_status":"closed","ping_status":"closed","template":"","meta":{"ngg_post_thumbnail":0,"footnotes":""},"class_list":["post-18847","page","type-page","status-publish","hentry"],"_links":{"self":[{"href":"https:\/\/anglist.ffzg.unizg.hr\/index.php?rest_route=\/wp\/v2\/pages\/18847","targetHints":{"allow":["GET"]}}],"collection":[{"href":"https:\/\/anglist.ffzg.unizg.hr\/index.php?rest_route=\/wp\/v2\/pages"}],"about":[{"href":"https:\/\/anglist.ffzg.unizg.hr\/index.php?rest_route=\/wp\/v2\/types\/page"}],"author":[{"embeddable":true,"href":"https:\/\/anglist.ffzg.unizg.hr\/index.php?rest_route=\/wp\/v2\/users\/6"}],"replies":[{"embeddable":true,"href":"https:\/\/anglist.ffzg.unizg.hr\/index.php?rest_route=%2Fwp%2Fv2%2Fcomments&post=18847"}],"version-history":[{"count":69,"href":"https:\/\/anglist.ffzg.unizg.hr\/index.php?rest_route=\/wp\/v2\/pages\/18847\/revisions"}],"predecessor-version":[{"id":48080,"href":"https:\/\/anglist.ffzg.unizg.hr\/index.php?rest_route=\/wp\/v2\/pages\/18847\/revisions\/48080"}],"up":[{"embeddable":true,"href":"https:\/\/anglist.ffzg.unizg.hr\/index.php?rest_route=\/wp\/v2\/pages\/18794"}],"wp:attachment":[{"href":"https:\/\/anglist.ffzg.unizg.hr\/index.php?rest_route=%2Fwp%2Fv2%2Fmedia&parent=18847"}],"curies":[{"name":"wp","href":"https:\/\/api.w.org\/{rel}","templated":true}]}}