{"id":18841,"date":"2012-07-06T18:09:49","date_gmt":"2012-07-06T17:09:49","guid":{"rendered":"http:\/\/anglist.ffzg.unizg.hr\/?page_id=18841"},"modified":"2024-10-22T12:28:21","modified_gmt":"2024-10-22T11:28:21","slug":"masters-thesis-registration-procedures-linguistics","status":"publish","type":"page","link":"https:\/\/anglist.ffzg.unizg.hr\/?page_id=18841&lang=en","title":{"rendered":"Master&#8217;s Thesis (registration procedures) \u2013 Linguistics"},"content":{"rendered":"<p style=\"line-height: 1; text-align: center;\" align=\"center\"><span style=\"font-size: small; color: #336699;\"><strong>Master&#8217;s thesis \u2013 Graduate Programme in English Language and Literature, Linguistics Track<\/strong><\/span><strong> <br \/>\n<\/strong><\/p>\n<table border=\"0\">\n<tbody>\n<tr>\n<td style=\"text-align: right;\"><a href=\"https:\/\/anglist.ffzg.unizg.hr\/wp-content\/uploads\/2022\/01\/Topic-registration-form-2.doc\"><span style=\"font-size: small;\">Application form <\/span><\/a><span style=\"font-size: small;\">(word.doc)<\/span><\/td>\n<\/tr>\n<\/tbody>\n<\/table>\n<p style=\"line-height: normal; text-align: justify;\"><span style=\"font-size: small;\">During the fourth semester, graduate students of English enrolled in the linguistics track are required to write a master&#8217;s thesis, for which they earn 15 ECTS credits.<\/span><\/p>\n<p style=\"line-height: normal; text-align: justify;\"><strong><span style=\"font-size: small;\">Aim of the thesis<\/span><\/strong><br \/>\n<span style=\"font-size: small;\">The purpose of writing a master&#8217;s thesis is to show the following: that the student is able to use the relevant literature independently and critically, to present it systematically and clearly, and to employ conventional linguistic methodology and terminology.<\/span><\/p>\n<p style=\"line-height: normal; text-align: justify;\"><span style=\"font-size: small;\">The thesis should focus on a linguistic problem (which may or may not be contrastive in nature) concerning the English language and must include some form of research.&nbsp; In certain cases, with the permission of the student&#8217;s adviser, the master&#8217;s thesis can be an expanded version of a term paper previously submitted for a course.&nbsp; It must be written in Standard English, according to accepted norms of research paper writing.<\/span><\/p>\n<p style=\"line-height: normal; text-align: justify;\"><strong><span style=\"font-size: small;\">Linguistics Graduate Programme thesis advisors:<\/span><\/strong><br \/>\n<span style=\"font-size: 10pt;\">Senior Lector Ivana Ba\u0161i\u0107, PhD<br \/>\nLector Anda Bukvi\u0107 Pa\u017ein, PhD<br \/>\nTeaching Assistant Janja \u010culig Suknai\u0107, PhD<br \/>\nSenior Lector Alexander D. Hoyt, PhD<br \/>\nMarko Majerovi\u0107<\/span><br \/>\n<span style=\"font-size: small;\">Senior Lector Tea Ra\u0161e, PhD<\/span><br \/>\n<span style=\"font-size: small;\">Associate Professor Mateusz-Milan Stanojevi\u0107, PhD<\/span><span style=\"font-size: small;\"><br \/>\nAssistant Professor An\u0111el Star\u010devi\u0107, PhD<br \/>\nVinko Zgaga<br \/>\nProfessor Irena Zovko Dinkovi\u0107, PhD<br \/>\nMarina Zubak Pivarski<\/p>\n<p><\/span><\/p>\n<p style=\"line-height: normal; text-align: justify; font-size: small;\"><strong><br \/>\nSubmission of master&#8217;s thesis<\/strong><br \/>\n<span style=\"font-size: small;\">The student must submit a proposal for his or her master&#8217;s thesis by <strong>mid-February<\/strong> of the academic year when he or she will be writing it. The student must therefore consult with their thesis advisor during the previous semester, with whom he or she will choose a topic. In the current academic year, student must submit a thesis proposal in writing to the thesis advisor by <strong>the last week of February<\/strong>.<br \/>\n<a href=\"https:\/\/anglist.ffzg.unizg.hr\/wp-content\/uploads\/2022\/01\/Topic-registration-form-2.doc\">Topic application form<\/a> can be sent via email to <a href=\"mailto:anglistika@ffzg.hr\">anglistika@ffzg.hr<\/a> .<br \/>\n<\/span><\/p>\n<p style=\"line-height: normal; text-align: justify; font-size: small;\"><strong>Submission of the master&#8217;s thesis<\/strong><br \/>\n<span style=\"font-size: small;\">The master&#8217;s thesis shall be submitted in electronic form.<\/span><\/p>\n<p style=\"line-height: normal; text-align: justify;\"><strong><span style=\"font-size: small;\">Oral defense<\/span><\/strong><br \/>\n<span style=\"font-size: small;\">The official procedure of the master&#8217;s thesis oral defense shall be determined at a later date by the Department of English.<\/span><\/p>\n<p style=\"line-height: normal; text-align: justify;\"><strong><span style=\"font-size: small;\">Formal requirements<\/span><\/strong><br \/>\n<span style=\"font-size: small;\">The Master&#8217;s Thesis shall have the following parts:<\/span><br \/>\n<span style=\"font-size: small;\">\u00b7 title page<\/span><br \/>\n<span style=\"font-size: small;\">\u00b7 table of contents<\/span><br \/>\n<span style=\"font-size: small;\">\u00b7 main text of the thesis (introduction, elaboration of thesis, conclusion, abstract of 300-500 words,&nbsp;&nbsp; <br \/>\n&nbsp; and list of key words)<\/span><br \/>\n<span style=\"font-size: small;\">\u00b7 appendices (if there are any)<\/span><br \/>\n<span style=\"font-size: small;\">\u00b7 list of sources cited in the text<\/span><\/p>\n<p style=\"line-height: normal; text-align: justify;\"><strong><span style=\"font-size: small;\">Technical requirements:<\/span><\/strong><br \/>\n<span style=\"font-size: small;\">\u00b7 The master&#8217;s thesis must be typed in a word-processing program, using only one font.<\/span><br \/>\n<span style=\"font-size: small;\">\u00b7 Font size: 12<\/span><br \/>\n<span style=\"font-size: small;\">\u00b7 Line spacing: 1.5<\/span><br \/>\n<span style=\"font-size: small;\">\u00b7 The pages of the thesis must be numbered<\/span><br \/>\n<span style=\"font-size: small;\">\u00b7 The thesis must be not be bound; rather, it should be fastened with a <b>spiral<\/b> <b>binding<\/b>.<\/span><\/p>\n<p style=\"line-height: normal; text-align: justify;\"><span style=\"font-size: small;\">The title page of the master&#8217;s thesis should be written in English and should include the following:<\/span><br \/>\n<span style=\"font-size: small;\">\u00b7 The name of the Faculty and of the Department, as well as the academic year in which it is <br \/>\n&nbsp;&nbsp; defended.<\/span><br \/>\n<span style=\"font-size: small;\">\u00b7 Name and surname of the student<\/span><br \/>\n<span style=\"font-size: small;\">\u00b7 The title of the thesis<\/span><br \/>\n<span style=\"font-size: small;\">\u00b7 The type of work (master&#8217;s thesis)<\/span><br \/>\n<span style=\"font-size: small;\">\u00b7 The name and surname of the thesis advisor<\/span><br \/>\n<span style=\"font-size: small;\">\u00b7 The year in which the thesis was written<\/span><\/p>\n<p style=\"text-align: justify;\"><strong><span style=\"font-size: small;\">Length<\/span><\/strong><br \/>\n<span style=\"font-size: small;\">The recommended length of the main text of the thesis (not including appendices) is 15\u201325 pages.<br \/>\n<\/span><\/p>\n<div class=\"elementToProof\"><strong><span style=\"font-family: arial, helvetica, sans-serif; font-size: 10pt;\">In accordance with the Regulations on studying at the Faculty of Humanities and Social Sciences (Art. 61, Paragraph 15), for defenses in July, a complete final version of the thesis (that is, the one corrected according to the advisor&#8217;s instructions and formatted according to the instructions) must be sent to the advisor(s) no later than May 20 of that year. For defenses scheduled in September the complete versions of the theses must be sent to the advisor(s) no later than 45 working days before the scheduled date of the defense.<\/span><\/strong><br \/>\n<strong><span style=\"font-family: arial, helvetica, sans-serif; font-size: 10pt;\">During summer break, advisors are not obliged to receive and read theses.<\/span><\/strong><\/div>\n<div id=\"appendonsend\">&nbsp;<\/div>\n<hr tabindex=\"-1\"\/>\n<p style=\"text-align: justify;\"><span style=\"font-size: small;\"><br \/>\n<\/span><span style=\"color: #b5bfd9; font-size: small;\"><span style=\"color: #d1ddef;\">__________________________________________________________________________________<\/span><br \/>\n<\/span><span style=\"font-size: small;\">For pre-viva paperwork, visit <a href=\"https:\/\/anglist.ffzg.unizg.hr\/?page_id=18830&amp;lang=en\" target=\"_blank\" rel=\"noopener noreferrer\">link<\/a>.<\/span><br \/>\n<span style=\"font-size: small;\">For post-viva paperwork, visit <a href=\"https:\/\/anglist.ffzg.unizg.hr\/?page_id=18875&amp;lang=en\" target=\"_blank\" rel=\"noopener noreferrer\">link<\/a>.<\/span><\/p>\n","protected":false},"excerpt":{"rendered":"<p>Master&#8217;s thesis \u2013 Graduate Programme in English Language and Literature, Linguistics Track Application form (word.doc) During the fourth semester, graduate students of English enrolled in the linguistics track are required to write a master&#8217;s thesis, for which they earn 15 ECTS credits. Aim of the thesis The purpose of writing a master&#8217;s thesis is to [&hellip;]<\/p>\n","protected":false},"author":6,"featured_media":0,"parent":18790,"menu_order":0,"comment_status":"closed","ping_status":"closed","template":"","meta":{"ngg_post_thumbnail":0,"footnotes":""},"class_list":["post-18841","page","type-page","status-publish","hentry"],"_links":{"self":[{"href":"https:\/\/anglist.ffzg.unizg.hr\/index.php?rest_route=\/wp\/v2\/pages\/18841","targetHints":{"allow":["GET"]}}],"collection":[{"href":"https:\/\/anglist.ffzg.unizg.hr\/index.php?rest_route=\/wp\/v2\/pages"}],"about":[{"href":"https:\/\/anglist.ffzg.unizg.hr\/index.php?rest_route=\/wp\/v2\/types\/page"}],"author":[{"embeddable":true,"href":"https:\/\/anglist.ffzg.unizg.hr\/index.php?rest_route=\/wp\/v2\/users\/6"}],"replies":[{"embeddable":true,"href":"https:\/\/anglist.ffzg.unizg.hr\/index.php?rest_route=%2Fwp%2Fv2%2Fcomments&post=18841"}],"version-history":[{"count":28,"href":"https:\/\/anglist.ffzg.unizg.hr\/index.php?rest_route=\/wp\/v2\/pages\/18841\/revisions"}],"predecessor-version":[{"id":46802,"href":"https:\/\/anglist.ffzg.unizg.hr\/index.php?rest_route=\/wp\/v2\/pages\/18841\/revisions\/46802"}],"up":[{"embeddable":true,"href":"https:\/\/anglist.ffzg.unizg.hr\/index.php?rest_route=\/wp\/v2\/pages\/18790"}],"wp:attachment":[{"href":"https:\/\/anglist.ffzg.unizg.hr\/index.php?rest_route=%2Fwp%2Fv2%2Fmedia&parent=18841"}],"curies":[{"name":"wp","href":"https:\/\/api.w.org\/{rel}","templated":true}]}}