{"id":18822,"date":"2012-05-02T16:16:54","date_gmt":"2012-05-02T15:16:54","guid":{"rendered":"http:\/\/anglist.ffzg.unizg.hr\/?page_id=18822"},"modified":"2021-10-07T14:25:16","modified_gmt":"2021-10-07T13:25:16","slug":"translation-course-schedule","status":"publish","type":"page","link":"https:\/\/anglist.ffzg.unizg.hr\/?page_id=18822&lang=en","title":{"rendered":"Translation: course schedule &#8211; winter semester"},"content":{"rendered":"<div>\n<p style=\"line-height: normal; color: #336699;\" align=\"center\"><span style=\"font-size: small;\"><span style=\"color: #336699;\"><strong>GRADUATE PROGRAMME IN TRANSLATION<br \/>\nSEMESTER 1 and 3 COURSE SCHEDULE<br \/>\n2021\/22<br \/>\n<\/strong>(version from 09-22-2021 &#8211; check for updates)<strong><br \/>\n<\/strong><span style=\"color: #99ccff;\">__________________________________________________________________________________________<\/span><strong><br \/>\n<\/strong><\/span><\/span><\/p>\n<\/div>\n<p><span style=\"font-size: small; color: #336699;\"><strong><span style=\"text-decoration: underline;\"><strong>SEMESTER 1<br \/>\n<\/strong><\/span><\/strong><\/span><strong><span style=\"font-size: 10pt;\">Idiomatic and Stylistic Features of the Croatian Language<\/span><\/strong><br \/>\n<span style=\"font-size: 10pt;\">lecture (Dr. Anita Peti-Stanti\u0107)<\/span><br \/>\n<strong><span style=\"font-size: 10pt;\">Thur. 8:00 \u2013 9:30, D7<\/span><\/strong><br \/>\n<span style=\"font-size: 10pt;\"><br \/>\nseminar (Dr. Ivana Ba\u0161i\u0107)<\/span><br \/>\n<span style=\"font-size: 10pt;\">Fri. 15:30 \u2013 17:00, D2<\/p>\n<p><\/span><span style=\"font-size: 10pt;\"><strong>Translation Theory<\/strong> <\/span><br \/>\n<span style=\"font-size: 10pt;\">(Dr. <\/span><span style=\"font-size: 10pt;\">Snje\u017eana Veselica Majhut)<br \/>\nTue. 14:45 \u2013 16:15, A-105<br \/>\nThur. 12:30 \u2013 14:00, A-123<\/span><\/p>\n<p><strong><span style=\"font-size: 10pt;\">Translation of Scientific and Academic Texts<\/span><\/strong><br \/>\n<span style=\"font-size: 10pt;\">(Dr. Ivana Ba\u0161i\u0107 and Dr. Anda Bukvi\u0107 Pa\u017ein)<\/span><br \/>\n<span style=\"font-size: 10pt;\">(Instructors in both groups are\u00a0 Ba\u0161i\u0107 and Bukvi\u0107)<\/span><\/p>\n<p><span style=\"font-size: 10pt;\">Group A:<\/span><br \/>\n<span style=\"font-size: 10pt;\">Tue. 10:15 \u2013 11:45, A 314<\/span><br \/>\n<span style=\"font-size: 10pt;\">Thur. 15:30 \u2013 17:00, A104<\/span><\/p>\n<p><span style=\"font-size: 10pt;\">Group B:<\/span><br \/>\n<span style=\"font-size: 10pt;\">Tue. 13:15 \u2013 14:45, A 216<\/span><br \/>\n<span style=\"font-size: 10pt;\">Thur. 14:00 \u2013 15:30, A 104<\/span><\/p>\n<p>\n<span style=\"text-decoration: underline;\"><span style=\"color: #336699; font-size: 10pt; text-decoration: underline;\"><strong>SEMESTER 3<\/strong><\/span><\/span><br \/>\n<span style=\"font-size: 10pt;\"><strong>Cognitive Linguistics and Translation<\/strong> <\/span><br \/>\n<span style=\"font-size: 10pt;\">(Dr. Milena \u017dic Fuchs and Dr. Janja \u010culig Suknai\u0107)<\/span><br \/>\n<span style=\"font-size: 10pt;\">Tue. 8:45 \u2013 9:30, A 105<br \/>\nThur. 16:15 \u2013 17:45, A 105<\/span><\/p>\n<p><span style=\"font-size: 10pt;\"><strong>Pragmatics\u00a0<\/strong> <\/span><br \/>\n<span style=\"font-size: 10pt;\">(Dr. Marina Grubi\u0161i\u0107)<\/span><br \/>\n<span style=\"font-size: 10pt;\">Tue. 13:15 \u2013 14:45, D2<br \/>\nThur. 11:00 \u2013 11:45, D6<\/span><\/p>\n<p><span style=\"font-size: 10pt;\"><strong>Areas of the Translation Profession<\/strong> <\/span><br \/>\n<span style=\"font-size: 10pt;\">Group 1 (Dr. Kristijan Nikoli\u0107)<br \/>\nTue. 14:45 \u2013 16:15, A 219<\/span><br \/>\n<span style=\"font-size: 10pt;\">Wed. 11:00 \u2013 12:30, A 104<\/span><\/p>\n<p><span style=\"font-size: 10pt;\">Group 2 (Vinko Zgaga)<\/span><br \/>\n<span style=\"font-size: 10pt;\">Mon. 15.30 \u2013 17.00, A-104<\/span><br \/>\n<span style=\"font-size: 10pt;\">Wed. 16:15 \u2013 17:45, A-123<\/span><\/p>\n<p><span style=\"font-size: 10pt;\">Group 3 (Vinko Zgaga)<\/span><br \/>\n<span style=\"font-size: 10pt;\">Mon. 17.00 \u2013 18.30, A-104<\/span><br \/>\n<span style=\"font-size: 10pt;\">Wed. 17:45 \u2013 19:15, A-123<\/span><\/p>\n<p><span style=\"font-size: 10pt;\"><strong><br \/>\n<\/strong><strong>Lexicology and Lexicography<\/strong><strong><br \/>\n<\/strong>(Dr. Janja \u010culig Suknai\u0107)<br \/>\nThur 10:15-11:45, D5 <br \/>\nFri 11:45-13:15, D5<br \/>\n<\/span><\/p>\n<p>&nbsp;<\/p>\n","protected":false},"excerpt":{"rendered":"<p>GRADUATE PROGRAMME IN TRANSLATION SEMESTER 1 and 3 COURSE SCHEDULE 2021\/22 (version from 09-22-2021 &#8211; check for updates) __________________________________________________________________________________________ SEMESTER 1 Idiomatic and Stylistic Features of the Croatian Language lecture (Dr. Anita Peti-Stanti\u0107) Thur. 8:00 \u2013 9:30, D7 seminar (Dr. Ivana Ba\u0161i\u0107) Fri. 15:30 \u2013 17:00, D2 Translation Theory (Dr. Snje\u017eana Veselica Majhut) Tue. 14:45 [&hellip;]<\/p>\n","protected":false},"author":6,"featured_media":0,"parent":18792,"menu_order":0,"comment_status":"closed","ping_status":"closed","template":"","meta":{"ngg_post_thumbnail":0,"footnotes":""},"class_list":["post-18822","page","type-page","status-publish","hentry"],"_links":{"self":[{"href":"https:\/\/anglist.ffzg.unizg.hr\/index.php?rest_route=\/wp\/v2\/pages\/18822","targetHints":{"allow":["GET"]}}],"collection":[{"href":"https:\/\/anglist.ffzg.unizg.hr\/index.php?rest_route=\/wp\/v2\/pages"}],"about":[{"href":"https:\/\/anglist.ffzg.unizg.hr\/index.php?rest_route=\/wp\/v2\/types\/page"}],"author":[{"embeddable":true,"href":"https:\/\/anglist.ffzg.unizg.hr\/index.php?rest_route=\/wp\/v2\/users\/6"}],"replies":[{"embeddable":true,"href":"https:\/\/anglist.ffzg.unizg.hr\/index.php?rest_route=%2Fwp%2Fv2%2Fcomments&post=18822"}],"version-history":[{"count":28,"href":"https:\/\/anglist.ffzg.unizg.hr\/index.php?rest_route=\/wp\/v2\/pages\/18822\/revisions"}],"predecessor-version":[{"id":40671,"href":"https:\/\/anglist.ffzg.unizg.hr\/index.php?rest_route=\/wp\/v2\/pages\/18822\/revisions\/40671"}],"up":[{"embeddable":true,"href":"https:\/\/anglist.ffzg.unizg.hr\/index.php?rest_route=\/wp\/v2\/pages\/18792"}],"wp:attachment":[{"href":"https:\/\/anglist.ffzg.unizg.hr\/index.php?rest_route=%2Fwp%2Fv2%2Fmedia&parent=18822"}],"curies":[{"name":"wp","href":"https:\/\/api.w.org\/{rel}","templated":true}]}}