{"id":18816,"date":"2012-05-02T15:41:54","date_gmt":"2012-05-02T14:41:54","guid":{"rendered":"http:\/\/anglist.ffzg.unizg.hr\/?page_id=18816"},"modified":"2021-09-24T15:08:31","modified_gmt":"2021-09-24T14:08:31","slug":"linguistics-course-schedule","status":"publish","type":"page","link":"https:\/\/anglist.ffzg.unizg.hr\/?page_id=18816&lang=en","title":{"rendered":"Linguistics: course schedule &#8211; winter semester"},"content":{"rendered":"<div>\n<p style=\"line-height: normal; color: #336699;\" align=\"center\"><span style=\"font-size: small;\"><span style=\"color: #336699;\"><strong>GRADUATE PROGRAMME IN LINGUISTICS<br \/>\nSEMESTER 1 and 3 COURSE SCHEDULE<br \/>\n2021\/22<br \/>\n<\/strong>(version from 09-22-2021 &#8211; check for updates)<strong><br \/>\n<\/strong><span style=\"color: #99ccff;\">__________________________________________________________________________________________<\/span><strong><br \/>\n<\/strong><\/span><\/span><\/p>\n<p style=\"line-height: normal; text-align: justify;\"><span style=\"font-size: small; color: #336699;\"><strong><span style=\"text-decoration: underline;\"><strong>SEMESTER 1<\/p>\n<p><\/strong><\/span><\/strong><\/span><span style=\"font-size: 10pt;\"><strong>Lexicology and Lexicography<br \/>\n<\/strong><\/span><span style=\"font-size: 10pt;\">(Dr. Janja \u010culig Suknai\u0107)<\/span><br \/>\n<span style=\"font-size: 10pt;\">Thur. 10:15 \u2013 11:45, D-5<\/span><br \/>\n<span style=\"font-size: 10pt;\">Fri. 11:45 \u2013 13:15, D-5<\/span><\/p>\n<p><span style=\"font-size: 10pt;\"><strong>Academic Writing 1\u00a0 <\/strong><\/span><br \/>\n<span style=\"font-size: 10pt;\">(Dr. Alexander D. Hoyt)<\/span><br \/>\n<span style=\"font-size: 10pt;\">Mon. 15:30 \u2013 17:00, A 123<\/span><br \/>\n<span style=\"font-size: 10pt;\">Wed. 16:15 \u2013 17:45, A 105<strong><br \/>\n<\/strong><\/span><\/p>\n<p><span style=\"font-size: 10pt;\"><strong>Syntactic Theories<br \/>\n<\/strong>(Dr. Irena Zovko Dinkovi\u0107)<\/span><br \/>\n<span style=\"font-size: 10pt;\">Wed. 12:30 \u2013 14:00, D4<br \/>\nThur. 12:30 \u2013 13:15, D5<\/span><\/p>\n<p><span style=\"font-size: 10pt;\"><strong><span style=\"text-decoration: underline; color: #336699;\">SEMESTER 3<\/span><\/strong><\/span><\/p>\n<\/div>\n<p><span style=\"font-size: 10pt;\"><strong>English Across the World<\/strong><\/span><br \/>\n<span style=\"font-size: 10pt;\">(Dr. Vi\u0161nja Josipovi\u0107 Smojver)<\/span><br \/>\n<span style=\"font-size: 10pt;\">Mon. 17.45 \u2013 19.15, A-105<\/span><br \/>\n<span style=\"font-size: 10pt;\">Thur. 17.00 \u2013 18.30, D-5<\/span><\/p>\n<p><span style=\"font-size: 10pt;\"><strong>Pragmatics <\/strong> <\/span><br \/>\n<span style=\"font-size: 10pt;\">(Dr. Marina Grubi\u0161i\u0107)<\/span><br \/>\n<span style=\"font-size: 10pt;\">Tue. 13:15 \u2013 14:45, D2<\/span><br \/>\n<span style=\"font-size: 10pt;\">Thur. 11:00 \u2013 11:45, D6<\/span><\/p>\n<p><span style=\"font-size: 10pt;\"><strong>Psycholinguistics<\/strong><\/span><br \/>\n<span style=\"font-size: 10pt;\">(Dr. Irena Zovko Dinkovi\u0107)<\/span><br \/>\n<span style=\"font-size: 10pt;\">Wed. 9:30 \u2013 11:00, D1 <\/span><br \/>\n<span style=\"font-size: 10pt;\">Thur. 13:15 \u2013 14:45, D5 <\/span><br \/>\n<span style=\"font-size: 10pt;\"><strong><br \/>\nSyntactic Theories<br \/>\n<\/strong>(Dr. Irena Zovko Dinkovi\u0107)<\/span><br \/>\n<span style=\"font-size: 10pt;\">Wed. 12:30 \u2013 14:00, D4<\/span><br \/>\n<span style=\"font-size: 10pt;\">Thur. 12:30 \u2013 13:15, D 5<\/span><\/p>\n<p><span style=\"font-size: 10pt;\"><strong>Sociolinguistics<\/strong> <\/span><br \/>\n<span style=\"font-size: 10pt;\">(Dr. An\u0111el Star\u010devi\u0107)<\/span><br \/>\n<span style=\"font-size: 10pt;\">Fri. 11:00 \u2013 12:30,\u00a0 D3<\/span><br \/>\n<span style=\"font-size: 10pt;\">Fri. 13:15 \u2013 14:45, A 123<\/span><\/p>\n","protected":false},"excerpt":{"rendered":"<p>GRADUATE PROGRAMME IN LINGUISTICS SEMESTER 1 and 3 COURSE SCHEDULE 2021\/22 (version from 09-22-2021 &#8211; check for updates) __________________________________________________________________________________________ SEMESTER 1 Lexicology and Lexicography (Dr. Janja \u010culig Suknai\u0107) Thur. 10:15 \u2013 11:45, D-5 Fri. 11:45 \u2013 13:15, D-5 Academic Writing 1\u00a0 (Dr. Alexander D. Hoyt) Mon. 15:30 \u2013 17:00, A 123 Wed. 16:15 \u2013 17:45, [&hellip;]<\/p>\n","protected":false},"author":6,"featured_media":0,"parent":18790,"menu_order":0,"comment_status":"closed","ping_status":"closed","template":"","meta":{"ngg_post_thumbnail":0,"footnotes":""},"class_list":["post-18816","page","type-page","status-publish","hentry"],"_links":{"self":[{"href":"https:\/\/anglist.ffzg.unizg.hr\/index.php?rest_route=\/wp\/v2\/pages\/18816","targetHints":{"allow":["GET"]}}],"collection":[{"href":"https:\/\/anglist.ffzg.unizg.hr\/index.php?rest_route=\/wp\/v2\/pages"}],"about":[{"href":"https:\/\/anglist.ffzg.unizg.hr\/index.php?rest_route=\/wp\/v2\/types\/page"}],"author":[{"embeddable":true,"href":"https:\/\/anglist.ffzg.unizg.hr\/index.php?rest_route=\/wp\/v2\/users\/6"}],"replies":[{"embeddable":true,"href":"https:\/\/anglist.ffzg.unizg.hr\/index.php?rest_route=%2Fwp%2Fv2%2Fcomments&post=18816"}],"version-history":[{"count":26,"href":"https:\/\/anglist.ffzg.unizg.hr\/index.php?rest_route=\/wp\/v2\/pages\/18816\/revisions"}],"predecessor-version":[{"id":40459,"href":"https:\/\/anglist.ffzg.unizg.hr\/index.php?rest_route=\/wp\/v2\/pages\/18816\/revisions\/40459"}],"up":[{"embeddable":true,"href":"https:\/\/anglist.ffzg.unizg.hr\/index.php?rest_route=\/wp\/v2\/pages\/18790"}],"wp:attachment":[{"href":"https:\/\/anglist.ffzg.unizg.hr\/index.php?rest_route=%2Fwp%2Fv2%2Fmedia&parent=18816"}],"curies":[{"name":"wp","href":"https:\/\/api.w.org\/{rel}","templated":true}]}}