{"id":18804,"date":"2012-05-01T17:19:10","date_gmt":"2012-05-01T16:19:10","guid":{"rendered":"http:\/\/anglist.ffzg.unizg.hr\/?page_id=18804"},"modified":"2026-03-18T12:46:26","modified_gmt":"2026-03-18T11:46:26","slug":"contacts","status":"publish","type":"page","link":"https:\/\/anglist.ffzg.unizg.hr\/?page_id=18804&lang=en","title":{"rendered":"Contacts"},"content":{"rendered":"<table style=\"line-height: 1; width: 78.6204%; height: 615px;\" border=\"1\">\n<tbody style=\"line-height: 1;\">\n<tr style=\"line-height: 1;\">\n<td style=\"line-height: 1; width: 51.6917%;\"><span style=\"font-size: small;\"><strong>Head of the Department:<br \/>\n<span style=\"font-size: small; color: #262c32;\">Prof. Mateusz-Milan Stanojevi\u0107<\/span><br \/>\n<\/strong><span style=\"font-size: small; color: #262c32;\">Office: B-011<\/span><br \/>\nOffice hours: Tuesday 9:30-11:00 and by appointment.<br \/>\nPhone: 01\/4092-054<br \/>\ne-mail: <a href=\"mailto:mmstanoje@ffzg.unizg.hr\">mmstanoje@ffzg.unizg.hr<\/a><a title=\"mstanojevic\"><br \/>\n<\/a><a href=\"https:\/\/anglist.ffzg.unizg.hr\/?p=18947&amp;lang=en\">web page<\/a><\/span><\/td>\n<td style=\"line-height: 1; width: 56.3847%;\"><span style=\"font-size: small;\"><strong>Deputy:<br \/>\n<\/strong><span style=\"font-size: small; color: #262c32;\"><strong>Assoc. Prof. Stela Letica Krevelj<\/strong><br \/>\nOffice: B-009<br \/>\nOffice hours: Thursday 09:15 &#8211; 10:15 and by appointment. Contact professor by e-mail.<br \/>\nPhone: 01\/4092-052<br \/>\ne-mail: <a href=\"mailto:sletica2@ffzg.unizg.hr\">sletica2@ffzg.unizg.hr<\/a><br \/>\n<a href=\"https:\/\/anglist.ffzg.unizg.hr\/?p=19108&amp;lang=en\">web page<\/a><\/span><br \/>\n<\/span><\/td>\n<\/tr>\n<tr style=\"line-height: 1;\">\n<td style=\"line-height: normal; text-align: left; width: 51.6917%;\"><span style=\"font-size: small; line-height: normal;\"><strong>Secretary \/ <\/strong><br \/>\n<strong> Exam Scheduling Coordinator \/<\/strong><br \/>\n<strong> ISVU Coordinator (undergraduate and graduate programmes):<\/strong> <\/span><br \/>\n<strong><span style=\"font-size: small;\"><span data-olk-copy-source=\"MessageBody\">Luka Canjek<\/span><\/span><\/strong><br \/>\n<span style=\"font-size: small;\"><span style=\"font-size: small;\">Office: B-010<br \/>\ne-mail:&nbsp;<br \/>\n<a href=\"mailto:anglistika@ffzg.hr\">anglistika@ffzg.hr<\/a><a href=\"mailto:skrsnik@ffzg.unizg.hr\"><br \/>\n<\/a>(for communication with students + e-mail address for forms: completion of undergraduate study, before defense of Master&#8217;s thesis and completion of graduate study)<\/span><\/span><\/p>\n<p style=\"line-height: normal; text-align: top;\"><span style=\"font-size: small;\">Phone: 01\/4092-053<\/span><br \/>\n<span style=\"font-size: small;\">Office hours:<br \/>\nMon-Fri 08:00-16:00 (break from 12:00 to 12:30)<\/span><\/p>\n<\/td>\n<td style=\"line-height: 1; width: 56.3847%;\"><span style=\"font-size: small;\"><img decoding=\"async\" title=\" envel \" src=\"https:\/\/anglist.ffzg.unizg.hr\/wp-content\/uploads\/2012\/07\/envel.jpg\" alt=\"\"\/><strong> Address:<\/strong><\/span><br \/>\n<span style=\"font-size: small;\"> Department of English<\/span><br \/>\n<span style=\"font-size: small;\">Faculty of Humanities and Social Sciences <\/span><br \/>\n<span style=\"font-size: small;\">University of Zagreb<\/span><br \/>\n<span style=\"font-size: small;\">Ivana Lu\u010di\u0107a 3<\/span><br \/>\n<span style=\"font-size: small;\">10000 Zagreb<br \/>\nCroatia<br \/>\n<\/span><\/td>\n<\/tr>\n<tr style=\"line-height: 1;\">\n<td style=\"line-height: 1; width: 51.6917%;\"><span style=\"font-size: small;\"><strong>CEEPUS Coordinator <\/strong><br \/>\nAssoc. Prof. Sven Cvek <br \/>\nOffice: B-018<br \/>\nOffice hours: <br \/>\nWinter semester: <br \/>\nWednesday 14:00-15:00<br \/>\nSummer semester: <br \/>\nWednesday 13:00-14:00<br \/>\nand online by prior arrangement.<br \/>\nPhone: 01\/4092-060<br \/>\ne-mail: <a title=\"scvek\" href=\"mailto:scvek@ffzg.unizg.hr\">scvek@ffzg.unizg.hr<br \/>\n<\/a><a href=\"https:\/\/anglist.ffzg.unizg.hr\/?p=18961&amp;lang=en\">web page<\/a><br \/>\n<\/span><\/td>\n<td style=\"line-height: normal; width: 56.3847%;\"><span style=\"font-size: small;\"><strong>ECTS and Erasmus Coordinator<\/strong><strong>:<\/strong> <br \/>\nDr. Bojan Prosenjak, Senior Research and Teaching Assistant<br \/>\nOffice: B-016<br \/>\nOffice hours: by appointment. Contact professor by e-mail.<br \/>\nPhone : 01\/4092-058<br \/>\ne-mail:&nbsp;<a href=\"mailto:bprosenj@m.ffzg.hr\">bprosenj@m.ffzg.hr<\/a><br \/>\n<a href=\"mailto:mobilnost-angl@ffzg.hr\" target=\"_blank\" rel=\"noopener noreferrer\">mobilnost-angl@ffzg.hr<\/a><br \/>\n<a href=\"https:\/\/anglist.ffzg.unizg.hr\/?p=26978&amp;lang=en\">web page<\/a><a href=\"https:\/\/anglist.ffzg.unizg.hr\/?page_id=18877&amp;lang=en\"><br \/>\nErasmus Agreement<\/a> for Incoming Students<a href=\"https:\/\/anglist.ffzg.unizg.hr\/?p=157&amp;lang=en\"><br \/>\n<\/a><\/span><\/td>\n<\/tr>\n<tr style=\"line-height: 1;\">\n<td style=\"line-height: normal; width: 51.6917%;\"><span style=\"font-size: small;\"><strong>Support for students <br \/>\nwith disabilities: <br \/>\n<\/strong>Prof. Nata\u0161a Pavlovi\u0107<br \/>\nOffice: B-013<br \/>\nOffice hours: Thursday 17:00-18:00 and by appointment.<br \/>\nPhone: 01\/4092-056<br \/>\ne-mail: <a href=\"mailto:npavlovi@ffzg.unizg.hr\">npavlovi@ffzg.unizg.hr<\/a><a href=\"https:\/\/anglist.ffzg.unizg.hr\/?p=170\"><span style=\"font-size: small;\"><br \/>\n<\/span><\/a><a href=\"https:\/\/anglist.ffzg.unizg.hr\/?p=18981&amp;lang=en\"><span style=\"font-size: small;\">web page<\/span><\/a><br \/>\n<a href=\"http:\/\/www.ffzg.unizg.hr\/ssi\/\" target=\"_blank\" rel=\"noopener noreferrer\"><span style=\"font-size: small;\">Students with disabilities<\/span><\/a><strong><br \/>\n<\/strong><\/span><\/td>\n<td style=\"line-height: 1; width: 56.3847%;\">\n<div><span style=\"font-size: small;\"><strong>Course Scheduling Coordinator:<\/strong><\/span><br \/>\n<span style=\"font-size: small;\">Asst. Prof. An\u0111el Star\u010devi\u0107<br \/>\nOffice: B-016<br \/>\nOffice hours: Wednesday from 15:30<br \/>\nPhone: 01\/4092-058<br \/>\ne-mail: <a title=\"astarcev\" href=\"mailto:astarcevic@ffzg.unizg.hr\">astarcevic@ffzg.unizg.hr<\/a><br \/>\n<a href=\"https:\/\/anglist.ffzg.unizg.hr\/?p=26815&amp;lang=en\">web page<\/a><br \/>\n<\/span><\/div>\n<\/td>\n<\/tr>\n<tr style=\"line-height: 1;\">\n<td style=\"line-height: 1; width: 53.6101%;\">\n<div><span style=\"font-size: small;\"><strong>Web Administrator:<br \/>\n<\/strong>Nives Kova\u010di\u0107, assistant<br \/>\nOffice: B-009<br \/>\nOffice hours: Thursday 10:15-11:15<br \/>\nPhone: 01\/4092-052<br \/>\ne-mail: <a href=\"mailto:nikovaci@m.ffzg.hr\">nikovaci@m.ffzg.hr<\/a><\/span><\/div>\n<\/td>\n<td style=\"line-height: 1; width: 53.8972%;\"><span style=\"font-size: small;\"><strong>Librarian: <br \/>\n<\/strong>Mila Mar\u0161i\u0107<br \/>\nOffice<\/span><span style=\"font-size: small;\">: Library, 5<sup>th<\/sup> floor, Room 5.8.<\/span><br \/>\n<span style=\"font-size: small;\">Phone: 01\/4092-033<\/span><br \/>\n<span style=\"font-size: small;\">e-mail: <a href=\"mailto:mmarsic@ffzg.unizg.hr\">mmarsic@ffzg.unizg.hr<\/a><\/span><\/td>\n<\/tr>\n<tr>\n<td style=\"line-height: 1; width: 53.6101%;\" colspan=\"2\">\n<div><span style=\"font-size: 10pt;\"><strong>Research Ethics Committee:<\/strong><\/span><\/div>\n<div><span style=\"font-size: 10pt;\">Prof. Nata\u0161a Pavlovi\u0107<\/span><br \/>\n<span style=\"font-size: 10pt;\">Prof. Renata Geld<\/span><br \/>\n<span style=\"font-size: 10pt;\">Asst. Prof. An\u0111el Star\u010devi\u0107<\/span><br \/>\n<span style=\"font-size: 10pt;\">Asst. Prof. Janja \u010culig<\/span><br \/>\n<span style=\"font-size: 10pt;\">Ante Petrovi\u0107, Senior Research and Teaching Assistant<\/span><\/div>\n<div><span style=\"font-size: small;\"><strong>&nbsp;<\/strong><\/span><\/div>\n<div><span style=\"font-size: 10pt;\">e-mail: <span style=\"font-size: small;\"><a href=\"npavlovi@m.ffzg.hr\">npavlovi@m.ffzg.hr; <\/a><\/span><span style=\"font-size: small;\"><a href=\"rgeld@m.ffzg.hr\">rgeld@m.ffzg.hr;<\/a>&nbsp;<a href=\"astarcevic@m.ffzg.hr\">astarcevic@m.ffzg.hr; <\/a><a href=\"jaculig@m.ffzg.hr\">jaculig@m.ffzg.hr; <\/a><a href=\"anpetrov@m.ffzg.hr\">anpetrov@m.ffzg.hr<\/a><\/span><\/span><\/div>\n<p><span style=\"font-size: small;\"><strong><br \/>\n<\/strong><\/span><\/td>\n<\/tr>\n<\/tbody>\n<\/table>\n<p style=\"line-height: 1;\" align=\"center\">&nbsp;<\/p>\n<p align=\"center\">&nbsp;<\/p>\n<p style=\"line-height: 1;\" align=\"center\"><span style=\"font-size: small;\">&nbsp;<\/span><\/p>\n<p><img loading=\"lazy\" decoding=\"async\" class=\"size-full wp-image-46630 alignleft\" src=\"http:\/\/anglist.ffzg.unizg.hr\/wp-content\/uploads\/2024\/09\/knjiznica-2-by-Ivana-Kukic.png\" alt=\"\" width=\"465\" height=\"490\" srcset=\"https:\/\/anglist.ffzg.unizg.hr\/wp-content\/uploads\/2024\/09\/knjiznica-2-by-Ivana-Kukic.png 465w, https:\/\/anglist.ffzg.unizg.hr\/wp-content\/uploads\/2024\/09\/knjiznica-2-by-Ivana-Kukic-285x300.png 285w\" sizes=\"auto, (max-width: 465px) 100vw, 465px\" \/><\/p>\n<p style=\"line-height: 1;\" align=\"center\"><span style=\"font-family: verdana,geneva; color: #000000; font-size: small;\">&nbsp;<\/span><\/p>\n<p>&nbsp;<\/p>\n","protected":false},"excerpt":{"rendered":"<p>Head of the Department: Prof. Mateusz-Milan Stanojevi\u0107 Office: B-011 Office hours: Tuesday 9:30-11:00 and by appointment. Phone: 01\/4092-054 e-mail: mmstanoje@ffzg.unizg.hr web page Deputy: Assoc. Prof. Stela Letica Krevelj Office: B-009 Office hours: Thursday 09:15 &#8211; 10:15 and by appointment. Contact professor by e-mail. Phone: 01\/4092-052 e-mail: sletica2@ffzg.unizg.hr web page Secretary \/ Exam Scheduling Coordinator \/ [&hellip;]<\/p>\n","protected":false},"author":6,"featured_media":0,"parent":18857,"menu_order":0,"comment_status":"closed","ping_status":"closed","template":"","meta":{"ngg_post_thumbnail":0,"footnotes":""},"class_list":["post-18804","page","type-page","status-publish","hentry"],"_links":{"self":[{"href":"https:\/\/anglist.ffzg.unizg.hr\/index.php?rest_route=\/wp\/v2\/pages\/18804","targetHints":{"allow":["GET"]}}],"collection":[{"href":"https:\/\/anglist.ffzg.unizg.hr\/index.php?rest_route=\/wp\/v2\/pages"}],"about":[{"href":"https:\/\/anglist.ffzg.unizg.hr\/index.php?rest_route=\/wp\/v2\/types\/page"}],"author":[{"embeddable":true,"href":"https:\/\/anglist.ffzg.unizg.hr\/index.php?rest_route=\/wp\/v2\/users\/6"}],"replies":[{"embeddable":true,"href":"https:\/\/anglist.ffzg.unizg.hr\/index.php?rest_route=%2Fwp%2Fv2%2Fcomments&post=18804"}],"version-history":[{"count":202,"href":"https:\/\/anglist.ffzg.unizg.hr\/index.php?rest_route=\/wp\/v2\/pages\/18804\/revisions"}],"predecessor-version":[{"id":49218,"href":"https:\/\/anglist.ffzg.unizg.hr\/index.php?rest_route=\/wp\/v2\/pages\/18804\/revisions\/49218"}],"up":[{"embeddable":true,"href":"https:\/\/anglist.ffzg.unizg.hr\/index.php?rest_route=\/wp\/v2\/pages\/18857"}],"wp:attachment":[{"href":"https:\/\/anglist.ffzg.unizg.hr\/index.php?rest_route=%2Fwp%2Fv2%2Fmedia&parent=18804"}],"curies":[{"name":"wp","href":"https:\/\/api.w.org\/{rel}","templated":true}]}}