{"id":15692,"date":"2014-04-13T12:31:52","date_gmt":"2014-04-13T11:31:52","guid":{"rendered":"http:\/\/www.ffzg.unizg.hr\/anglist\/?page_id=15692"},"modified":"2024-03-05T12:20:33","modified_gmt":"2024-03-05T11:20:33","slug":"obavezni-dijelovi-zavrsnog-rada","status":"publish","type":"page","link":"https:\/\/anglist.ffzg.unizg.hr\/?page_id=15692","title":{"rendered":"Obavezni dijelovi zavr\u0161nog rada"},"content":{"rendered":"<p><span style=\"font-size: small;\"><br \/>\n&#8211; Naslovnica na hrvatskom (sadr\u017ei naslov zavr\u0161nog rada na engleskom i hrvatskom jeziku)<br \/>\n<\/span><span style=\"font-size: small;\">&#8211; Contents<\/span><br \/>\n<span style=\"font-size: small;\">&#8211; Introduction<\/span> <span style=\"font-size: small;\">(sadr\u017ei glavnu tezu rada)<\/span><br \/>\n<span style=\"font-size: small;\">&#8211; (Glavni dio rada: naslove utvr\u0111uje kandidat)<\/span><br \/>\n<span style=\"font-size: small;\">&#8211; Conclusion<\/span> <span style=\"font-size: small;\">(ne uvode se nove ideje)<\/span><br \/>\n<span style=\"font-size: small;\">&#8211; Works Cited<br \/>\n&#8211; Abstract (c. 300-500 rije\u010di)<br \/>\n&#8211; Key words (do pet rije\u010di)<br \/>\n<\/span><\/p>\n<p>&nbsp;<\/p>\n","protected":false},"excerpt":{"rendered":"<p>&#8211; Naslovnica na hrvatskom (sadr\u017ei naslov zavr\u0161nog rada na engleskom i hrvatskom jeziku) &#8211; Contents &#8211; Introduction (sadr\u017ei glavnu tezu rada) &#8211; (Glavni dio rada: naslove utvr\u0111uje kandidat) &#8211; Conclusion (ne uvode se nove ideje) &#8211; Works Cited &#8211; Abstract (c. 300-500 rije\u010di) &#8211; Key words (do pet rije\u010di) &nbsp;<\/p>\n","protected":false},"author":5,"featured_media":0,"parent":454,"menu_order":0,"comment_status":"closed","ping_status":"closed","template":"","meta":{"ngg_post_thumbnail":0,"footnotes":""},"class_list":["post-15692","page","type-page","status-publish","hentry"],"_links":{"self":[{"href":"https:\/\/anglist.ffzg.unizg.hr\/index.php?rest_route=\/wp\/v2\/pages\/15692","targetHints":{"allow":["GET"]}}],"collection":[{"href":"https:\/\/anglist.ffzg.unizg.hr\/index.php?rest_route=\/wp\/v2\/pages"}],"about":[{"href":"https:\/\/anglist.ffzg.unizg.hr\/index.php?rest_route=\/wp\/v2\/types\/page"}],"author":[{"embeddable":true,"href":"https:\/\/anglist.ffzg.unizg.hr\/index.php?rest_route=\/wp\/v2\/users\/5"}],"replies":[{"embeddable":true,"href":"https:\/\/anglist.ffzg.unizg.hr\/index.php?rest_route=%2Fwp%2Fv2%2Fcomments&post=15692"}],"version-history":[{"count":12,"href":"https:\/\/anglist.ffzg.unizg.hr\/index.php?rest_route=\/wp\/v2\/pages\/15692\/revisions"}],"predecessor-version":[{"id":45060,"href":"https:\/\/anglist.ffzg.unizg.hr\/index.php?rest_route=\/wp\/v2\/pages\/15692\/revisions\/45060"}],"up":[{"embeddable":true,"href":"https:\/\/anglist.ffzg.unizg.hr\/index.php?rest_route=\/wp\/v2\/pages\/454"}],"wp:attachment":[{"href":"https:\/\/anglist.ffzg.unizg.hr\/index.php?rest_route=%2Fwp%2Fv2%2Fmedia&parent=15692"}],"curies":[{"name":"wp","href":"https:\/\/api.w.org\/{rel}","templated":true}]}}