{"id":1456,"date":"2012-06-24T16:09:27","date_gmt":"2012-06-24T15:09:27","guid":{"rendered":"http:\/\/www.ffzg.unizg.hr\/anglist\/test\/wp\/?page_id=1456"},"modified":"2026-02-13T09:28:13","modified_gmt":"2026-02-13T08:28:13","slug":"knjizevni-kolegiji-3-i-5","status":"publish","type":"page","link":"https:\/\/anglist.ffzg.unizg.hr\/?page_id=1456","title":{"rendered":"Knji\u017eevni kolegiji (3. i 5., 4. i 6. semestar preddiplomskog studija)"},"content":{"rendered":"<p style=\"text-align: center;\"><span style=\"font-size: small;\">&nbsp;<span style=\"font-family: arial,helvetica,sans-serif;\"><strong>Knji\u017eevni seminari: izbor iz ponude &#8211; 3. ili 5. (zimski) semestar 2025\/26.<br \/>\n<\/strong><\/span>(A=ameri\u010dka knji\u017eevnost, B=britanska knji\u017eevnost)<\/p>\n<p><\/span><\/p>\n<p><span style=\"font-size: small;\"><em><span style=\"color: #000000;\"><br \/>\n<\/span><\/em><\/span><span style=\"font-size: 10pt;\"><em><a title=\"Alternativni svjetovi u suvremenoj britanskoj prozi\" href=\"https:\/\/anglist.ffzg.unizg.hr\/?p=3970\">Alternativni svjetovi u suvremenoj britanskoj prozi<\/a> <\/em>(Polak) (B) (20. st.)<em><br \/>\n<\/em><a title=\"Ameri\u010dki postmodernizam i popularna kultura\" href=\"https:\/\/anglist.ffzg.unizg.hr\/?p=17834\"><em>Ameri\u010dki postmodernizam i popularna kultura<\/em><\/a> (Cvek) (A) (20. st.)<br \/>\n<a href=\"https:\/\/anglist.ffzg.unizg.hr\/?p=47785&amp;lang=en\" target=\"_blank\" rel=\"noopener\"><em>Aspekti ameri\u010dkog romantizma<\/em><\/a>&nbsp;(\u0160esni\u0107)<em>&nbsp;(A) (19. st.)<br \/>\n<a href=\"https:\/\/anglist.ffzg.unizg.hr\/?p=30103\">Britanski romantizam: poezija<\/a><\/em>(Domines Veliki) (B) (19. st.)<\/span><br \/>\n<span style=\"font-size: small;\"><a title=\"Pretvaranje prostora u mjesto: rana australska knji\u017eevnost\" href=\"https:\/\/anglist.ffzg.unizg.hr\/?p=12362\"><em>Pretvaranje prostora u mjesto: rana australska knji\u017eevnost<\/em><\/a> (Klepa\u010d) (B) (19. st.)<br \/>\n<a href=\"https:\/\/anglist.ffzg.unizg.hr\/?p=42632\"><em>Suvremeni ameri\u010dki roman<\/em><\/a>&nbsp; (Tutek) (A) (20. st.)<br \/>\n<\/span><span style=\"font-size: small;\"><span style=\"font-family: georgia, palatino, serif;\"><a href=\"https:\/\/anglist.ffzg.unizg.hr\/?p=38167\"><em>Viktorijanska knji\u017eevnost: \u017eanrovi i teme<\/em><\/a>&nbsp; (Kne\u017eevi\u0107) (B) (19. st.)<\/span><br \/>\n<a title=\"Viktorijanski roman \u2013 poetika i kulturna politika\" href=\"https:\/\/anglist.ffzg.unizg.hr\/?p=22848\"><em>Viktorijanski roman. Poetika i politika<\/em><\/a> (Juki\u0107) (B) (19. st.)<br \/>\n<\/span><span style=\"font-family: arial,helvetica,sans-serif; color: #006699; font-size: small;\">_____________________________________________________________________________________<\/span><\/p>\n<p style=\"text-align: center;\"><span style=\"font-size: small;\"> <strong>Knji\u017eevni seminari: izbor iz ponude &#8211; 4. ili 6. (ljetni) semestar 2025\/26.<span style=\"color: #000000;\"><br \/>\n<\/span><\/strong><\/span><span style=\"color: #000000; font-family: georgia, palatino, serif; font-size: small;\">(A=ameri\u010dka knji\u017eevnost, B=britanska knji\u017eevnost)<\/span><\/p>\n<p style=\"text-align: justify; line-height: normal;\"><span style=\"font-size: small;\"><span style=\"font-family: georgia, palatino, serif;\"><a href=\"https:\/\/anglist.ffzg.unizg.hr\/?p=33632\"><span style=\"font-size: small;\"><em>Ameri\u010dka kratka pri\u010da <\/em><\/span><\/a><span style=\"font-size: small;\">(Cvek) (A) (19.\/20. st.)<\/span><span style=\"color: #006699; font-size: small;\"><span style=\"color: #000000;\"><em><br \/>\n<a title=\"Ameri\u010dki modernizam\" href=\"https:\/\/anglist.ffzg.unizg.hr\/?p=22829\">Ameri\u010dki modernizam&nbsp;<\/a><\/em> (Cvek, Tutek) (A) (20.st.)<br \/>\n<a href=\"https:\/\/anglist.ffzg.unizg.hr\/?p=33446\"><em>Antropocen u britanskoj i australskoj knji\u017eevosti i filmu <\/em><\/a>(Polak) (B) (20. st.)<br \/>\n<em><a href=\"https:\/\/anglist.ffzg.unizg.hr\/?p=30263\">Britanski romantizam: proza<\/a><\/em>&nbsp;(Domines Veliki) (B) (19. st.) 6 ECTS<em><br \/>\n<\/em><\/span><em><a title=\"Cool Britannia? Britanska drama u razdoblju od 1956. do 2008.\" href=\"https:\/\/anglist.ffzg.unizg.hr\/?p=12367\"><em>Cool Britannia? Britanska drama u razdoblju od 1956. do 2008. <\/em><\/a><\/em><span style=\"color: #000000;\">(Klepa\u010d) (B) (20. st.)<br \/>\n<a href=\"https:\/\/anglist.ffzg.unizg.hr\/?p=33544\"><em>Engleski roman 19. stolje\u0107a <\/em><\/a>(Kne\u017eevi\u0107) (B) (19. st.)<\/span><\/span><span style=\"color: #006699; font-size: small;\"><em><br \/>\n<a title=\"Po\u010deci modernog romana u Engleskoj ranog 18. stolje\u0107a\" href=\"https:\/\/anglist.ffzg.unizg.hr\/?p=76\">Po\u010deci modernog romana u Engleskoj ranog 18. stolje\u0107a<\/a><\/em><\/span><span style=\"font-size: small;\"> (Poli\u0107) (B) (starija)<\/span><span style=\"color: #006699; font-size: small;\"><em><br \/>\n<a href=\"https:\/\/anglist.ffzg.unizg.hr\/?p=27949\">Shakespeare<\/a><\/em><\/span><span style=\"font-size: small;\"> (Brlek) (B) (starija)<\/span><span style=\"color: #006699; font-size: small;\"><em><br \/>\n<a href=\"https:\/\/anglist.ffzg.unizg.hr\/?p=14567\">Suvremena kanadska knji\u017eevnost na engleskom jeziku<\/a><\/em><\/span><span style=\"font-size: small;\"><em> (Poli\u0107) (B) (20. st.)<\/em><\/span><\/span><span style=\"color: #006699; font-family: tahoma,arial,helvetica,sans-serif; font-size: small;\"><span style=\"color: #000000;\"><em><br \/>\n<span style=\"font-family: georgia, palatino, serif;\"><a href=\"https:\/\/anglist.ffzg.unizg.hr\/?p=33371\">Viktorijanska knji\u017eevnost i transformacija svijeta u 19. stolje\u0107u <\/a><\/span><\/em><span style=\"font-family: georgia, palatino, serif;\">(Juki\u0107) (B) (19. st.)<\/span><em><br \/>\n<\/em><span style=\"font-family: georgia, palatino, serif;\"><i><a href=\"https:\/\/anglist.ffzg.unizg.hr\/?p=49031\">Ameri\u010dki roman 19. stolje\u0107a<\/a> <\/i>(\u0160esni\u0107) (A) (19. st.)&nbsp;<br \/>\n<i><a href=\"http:\/\/anglist.ffzg.unizg.hr\/wp-content\/uploads\/2026\/02\/2026-Narrating-Race-Syllabus.pdf\">Ameri\u010dka knji\u017eevnost i kultura 2: naracije o rasi u ameri\u010dkoj knji\u017eevnosti i filmu<\/a>&nbsp; <\/i>(Swain) (A)<\/span><\/span><\/span><\/span><\/p>\n<p style=\"text-align: justify; line-height: normal;\"><span style=\"font-size: small;\"><span style=\"color: #006699; font-family: tahoma,arial,helvetica,sans-serif; font-size: small;\">_______________________________________________________________________________________<\/span><\/span><\/p>\n<p><span style=\"font-size: 10pt;\"><strong><span style=\"color: #339966;\">\u00ba<\/span>&nbsp; Napomena za studente koji su prvu godinu bolonjskog studija upisali ak. god.<\/strong> <strong>2015.\/16. i kasnije:<\/strong> Studenti\/ce upisani u tre\u0107i i peti semestar biraju iz zajedni\u010dke ponude knji\u017eevnih kolegija, kao i studenti\/ce 4. i 6. semestra: 1 kolegij iz starije engleske knji\u017eevnosti ili 1 kolegij iz britanskog 19. stolje\u0107a; 1 kolegij iz britanskog ili ameri\u010dkog 20. stolje\u0107a; 1 kolegij iz britanske knji\u017eevnosti; 1 kolegij iz ameri\u010dke knji\u017eevnosti. Jedan kolegij ispunjava dva razli\u010dita uvjeta (stolje\u0107e i nacionalnu knji\u017eevnost). Polo\u017eeni <em>Uvod u studij engleske knji\u017eevnosti 1 <\/em>i <em>Uvod u studij engleske knji\u017eevnosti 2 <\/em><strong>uvjeti su za upis<\/strong> svih naknadnih izbornih knji\u017eevnih seminara.<\/p>\n<p><\/span><span style=\"font-size: small;\"><strong><span style=\"color: #339966;\">\u00ba&nbsp;&nbsp;<\/span>Napomena za studente koji su prvu godinu bolonjskog studija upisali ak. god. 2006\/07. i kasnije:<br \/>\n<\/strong>Studenti\/ce upisani u tre\u0107i i peti semestar biraju iz zajedni\u010dke ponude knji\u017eevnih kolegija, kao i studenti\/ce 4. i 6. semestra: 1 kolegij iz starije engleske knji\u017eevnosti ili 1 kolegij iz britanskog 19. stolje\u0107a; 1 kolegij iz britanskog ili ameri\u010dkog 20. stolje\u0107a; 1 kolegij iz britanske knji\u017eevnosti; 1 kolegij iz ameri\u010dke knji\u017eevnosti. Jedan kolegij ispunjava dva razli\u010dita uvjeta (stolje\u0107e i nacionalnu knji\u017eevnost). Polo\u017een ispit iz kolegija <em>Uvod u studij engleske knji\u017eevnosti <\/em>je uvjet za sve izborne knji\u017eevne seminare.<\/span><\/p>\n<p style=\"text-align: justify;\"><span style=\"font-size: small;\"><strong><span style=\"color: #339966;\">\u00ba<\/span>&nbsp;&nbsp;Napomena za studente koji su prvu godinu bolonjskog studija upisali ak. god. 2005\/06.:<br \/>\n<\/strong>Od knji\u017eevnih seminara u III. semestru student\/ica bira jedan. Student\/ica do kraja \u0161estog semestra mora odslu\u0161ati, osim <em>Uvoda u studij engleske knji\u017eevnosti <\/em> i <em> Shakespearea<\/em>, jedan knji\u017eevni seminar u III. semestru, jedan u IV. te jedan u VI. semestru. Jedan od ta tri seminara mora biti iz britanske, a jedan iz ameri\u010dke knji\u017eevnosti. Jedan od ta tri seminara, bez obzira je li rije\u010d o britanskoj, ameri\u010dkoj ili drugim anglofonim knji\u017eevnostima (irska, australska, kanadska knji\u017eevnost) mora biti iz 19. stolje\u0107a, a jedan iz 20. stolje\u0107a.<\/span><\/p>\n","protected":false},"excerpt":{"rendered":"<p>&nbsp;Knji\u017eevni seminari: izbor iz ponude &#8211; 3. ili 5. (zimski) semestar 2025\/26. (A=ameri\u010dka knji\u017eevnost, B=britanska knji\u017eevnost) Alternativni svjetovi u suvremenoj britanskoj prozi (Polak) (B) (20. st.) Ameri\u010dki postmodernizam i popularna kultura (Cvek) (A) (20. st.) Aspekti ameri\u010dkog romantizma&nbsp;(\u0160esni\u0107)&nbsp;(A) (19. st.) Britanski romantizam: poezija(Domines Veliki) (B) (19. st.) Pretvaranje prostora u mjesto: rana australska knji\u017eevnost (Klepa\u010d) [&hellip;]<\/p>\n","protected":false},"author":6,"featured_media":0,"parent":428,"menu_order":0,"comment_status":"closed","ping_status":"closed","template":"","meta":{"ngg_post_thumbnail":0,"footnotes":""},"class_list":["post-1456","page","type-page","status-publish","hentry"],"_links":{"self":[{"href":"https:\/\/anglist.ffzg.unizg.hr\/index.php?rest_route=\/wp\/v2\/pages\/1456","targetHints":{"allow":["GET"]}}],"collection":[{"href":"https:\/\/anglist.ffzg.unizg.hr\/index.php?rest_route=\/wp\/v2\/pages"}],"about":[{"href":"https:\/\/anglist.ffzg.unizg.hr\/index.php?rest_route=\/wp\/v2\/types\/page"}],"author":[{"embeddable":true,"href":"https:\/\/anglist.ffzg.unizg.hr\/index.php?rest_route=\/wp\/v2\/users\/6"}],"replies":[{"embeddable":true,"href":"https:\/\/anglist.ffzg.unizg.hr\/index.php?rest_route=%2Fwp%2Fv2%2Fcomments&post=1456"}],"version-history":[{"count":244,"href":"https:\/\/anglist.ffzg.unizg.hr\/index.php?rest_route=\/wp\/v2\/pages\/1456\/revisions"}],"predecessor-version":[{"id":49075,"href":"https:\/\/anglist.ffzg.unizg.hr\/index.php?rest_route=\/wp\/v2\/pages\/1456\/revisions\/49075"}],"up":[{"embeddable":true,"href":"https:\/\/anglist.ffzg.unizg.hr\/index.php?rest_route=\/wp\/v2\/pages\/428"}],"wp:attachment":[{"href":"https:\/\/anglist.ffzg.unizg.hr\/index.php?rest_route=%2Fwp%2Fv2%2Fmedia&parent=1456"}],"curies":[{"name":"wp","href":"https:\/\/api.w.org\/{rel}","templated":true}]}}