{"id":11712,"date":"2013-06-06T16:18:08","date_gmt":"2013-06-06T15:18:08","guid":{"rendered":"http:\/\/www.ffzg.unizg.hr\/anglist\/?page_id=11712"},"modified":"2024-09-26T11:21:33","modified_gmt":"2024-09-26T10:21:33","slug":"ceepus-stipendije","status":"publish","type":"page","link":"https:\/\/anglist.ffzg.unizg.hr\/?page_id=11712","title":{"rendered":"CEEPUS (studenti)"},"content":{"rendered":"<h3>CEEPUS stipendije<\/h3>\n<hr \/>\n<p>Odsjek za anglistiku u CEEPUS programu sudjeluje kroz mre\u017eu Inter-American Studies, koju <a href=\"https:\/\/international.uni-graz.at\/en\/stays-abroad\/ceepus\/\">koordinira Sveu\u010dili\u0161te u Grazu<\/a>.<\/p>\n<p><a href=\"http:\/\/www.ceepus.info\">http:\/\/www.ceepus.info<\/a> \u2013 op\u0107e informacije o stipendijama kao i iznos stipendije za pojedine dr\u017eave. (Potrebno je otvoriti korisni\u010dki ra\u010dun.)<\/p>\n<p>Agencija za mobilnost i programe Europske unije (AMPEU) <a href=\"http:\/\/mobilnost.hr\/index.php?id=584\" target=\"_blank\" rel=\"noopener noreferrer\">http:\/\/mobilnost.hr\/index.php?id=584 <\/a><\/p>\n<p>Graz International Summer School <a href=\"https:\/\/international.uni-graz.at\/en\/incoming-students-and-staff\/incoming-students\/gusegg\/\" target=\"_blank\" rel=\"noopener noreferrer\">https:\/\/international.uni-graz.at\/en\/incoming-students-and-staff\/incoming-students\/gusegg\/<\/a><\/p>\n<p>scvek at ffzg.hr \u2013 Sven Cvek, koordinator CEEPUS Inter-American Studies programa (B-018).<\/p>\n","protected":false},"excerpt":{"rendered":"<p>CEEPUS stipendije Odsjek za anglistiku u CEEPUS programu sudjeluje kroz mre\u017eu Inter-American Studies, koju koordinira Sveu\u010dili\u0161te u Grazu. http:\/\/www.ceepus.info \u2013 op\u0107e informacije o stipendijama kao i iznos stipendije za pojedine dr\u017eave. (Potrebno je otvoriti korisni\u010dki ra\u010dun.) Agencija za mobilnost i programe Europske unije (AMPEU) http:\/\/mobilnost.hr\/index.php?id=584 Graz International Summer School https:\/\/international.uni-graz.at\/en\/incoming-students-and-staff\/incoming-students\/gusegg\/ scvek at ffzg.hr \u2013 Sven [&hellip;]<\/p>\n","protected":false},"author":6,"featured_media":0,"parent":565,"menu_order":0,"comment_status":"closed","ping_status":"closed","template":"","meta":{"ngg_post_thumbnail":0,"footnotes":""},"class_list":["post-11712","page","type-page","status-publish","hentry"],"_links":{"self":[{"href":"https:\/\/anglist.ffzg.unizg.hr\/index.php?rest_route=\/wp\/v2\/pages\/11712","targetHints":{"allow":["GET"]}}],"collection":[{"href":"https:\/\/anglist.ffzg.unizg.hr\/index.php?rest_route=\/wp\/v2\/pages"}],"about":[{"href":"https:\/\/anglist.ffzg.unizg.hr\/index.php?rest_route=\/wp\/v2\/types\/page"}],"author":[{"embeddable":true,"href":"https:\/\/anglist.ffzg.unizg.hr\/index.php?rest_route=\/wp\/v2\/users\/6"}],"replies":[{"embeddable":true,"href":"https:\/\/anglist.ffzg.unizg.hr\/index.php?rest_route=%2Fwp%2Fv2%2Fcomments&post=11712"}],"version-history":[{"count":28,"href":"https:\/\/anglist.ffzg.unizg.hr\/index.php?rest_route=\/wp\/v2\/pages\/11712\/revisions"}],"predecessor-version":[{"id":46660,"href":"https:\/\/anglist.ffzg.unizg.hr\/index.php?rest_route=\/wp\/v2\/pages\/11712\/revisions\/46660"}],"up":[{"embeddable":true,"href":"https:\/\/anglist.ffzg.unizg.hr\/index.php?rest_route=\/wp\/v2\/pages\/565"}],"wp:attachment":[{"href":"https:\/\/anglist.ffzg.unizg.hr\/index.php?rest_route=%2Fwp%2Fv2%2Fmedia&parent=11712"}],"curies":[{"name":"wp","href":"https:\/\/api.w.org\/{rel}","templated":true}]}}