{"id":11519,"date":"2013-05-14T16:24:28","date_gmt":"2013-05-14T15:24:28","guid":{"rendered":"http:\/\/www.ffzg.unizg.hr\/anglist\/?page_id=11519"},"modified":"2025-08-18T10:24:51","modified_gmt":"2025-08-18T09:24:51","slug":"erasmus-za-odlazne-studente-anglistike-filozofskog-fakulteta-u-zagrebu","status":"publish","type":"page","link":"https:\/\/anglist.ffzg.unizg.hr\/?page_id=11519","title":{"rendered":"ERASMUS za odlazne studente anglistike Filozofskog fakulteta u Zagrebu"},"content":{"rendered":"<p style=\"text-align: justify; line-height: normal;\"><span style=\"font-size: small;\"><strong>ERASMUS (odlazni studenti)<br \/>\n<\/strong><\/span><\/p>\n<p style=\"text-align: justify; line-height: normal;\"><span style=\"font-size: small;\">Program Erasmus omogu\u0107uje studentima studijski boravak ili obavljanje stru\u010dne prakse na inozemnim visokim u\u010dili\u0161tima. Za sudjelovanje u programu Erasmus kandidati se prijavljuju na natje\u010daje koje raspisuje <a href=\"http:\/\/www.unizg.hr\/suradnja\/medunarodna-razmjena\/\" target=\"_blank\" rel=\"noopener noreferrer\">Sveu\u010dili\u0161te u Zagrebu<\/a>, a o prihva\u0107anju prijave i dodjeli Erasmus-stipendije odlu\u010duju fakultetska povjerenstva.<\/span><\/p>\n<p style=\"text-align: justify; line-height: normal;\"><span style=\"font-size: small;\">Studenti se mogu prijaviti za boravak na jednom od sveu\u010dili\u0161ta s kojima Odsjek za anglistiku ima potpisan ugovor. Slu\u017ebena tablica sveu\u010dili\u0161ta s kojima Odsjek za anglistiku ima potpisan sporazum mo\u017ee se na\u0107i na Omegi ili .PDF mo\u017eete preuzeti <a href=\"http:\/\/anglist.ffzg.unizg.hr\/wp-content\/uploads\/2024\/09\/2024.25.-studenti.pdf\" target=\"_blank\" rel=\"noopener\">ovdje<\/a>.<\/span><\/p>\n<p style=\"text-align: justify; line-height: normal;\"><span style=\"font-size: small;\">Svi podaci o dokumentima potrebnima za prijavu na natje\u010daj mogu se na\u0107i na poveznicama me\u0111unarodnog ureda FFZG-a:<br \/>\n<a href=\"https:\/\/web2020.ffzg.unizg.hr\/international\/odlazni-studenti-croatian-only\/\" target=\"_blank\" rel=\"noopener\">Obveze odlaznih studenata prije odlaska i nakon povratka<\/a><br \/>\n<a href=\"https:\/\/web2020.ffzg.unizg.hr\/international\/forms-obrasci\/studenti-ffzg\/\" target=\"_blank\" rel=\"noopener\">Potpisivanje dokumenata<\/a><br \/>\n<a href=\"https:\/\/web2020.ffzg.unizg.hr\/international\/forms-obrasci\/\" target=\"_blank\" rel=\"noopener\">Obrasci<\/a><\/span><\/p>\n<p><span style=\"font-size: small;\"><strong>Dodatne informacije u vezi s prijavom za natje\u010daj na Erasmus program<\/strong><\/span><\/p>\n<p style=\"text-align: justify; line-height: normal;\"><span style=\"font-size: small;\">Sve potrebne informacije za prijavu na natje\u010daj za studiranje u inozemstvu mogu se na\u0107i na stranici Filozofskog fakulteta pod https:\/\/web2020.ffzg.unizg.hr\/international\/llp-erasmus\/.<\/span><\/p>\n<p style=\"text-align: justify; line-height: normal;\"><span style=\"font-size: small;\"><strong><u>Informacije koje slijede slu\u017ee kao nadopuna ili poja\u0161njenje informacija s fakultetske stranice.<\/u><\/strong><\/span><\/p>\n<p style=\"text-align: justify; line-height: normal;\"><span style=\"font-size: small;\"><strong>Upute za studente programa Erasmus<\/strong><\/span><\/p>\n<p style=\"text-align: justify; line-height: normal;\"><span style=\"font-size: small;\">Studenti koji su temeljem natje\u010daja stekli pravo sudjelovanja u programu razmjene Erasmus, tj. dobili Erasmus-stipendiju prijavljuju se na \u017eeljeno inozemno sveu\u010dili\u0161te. Pritom trebaju:<\/span><\/p>\n<p style=\"text-align: justify; line-height: normal;\"><span style=\"font-size: small;\">\u2013 imati pozitivno rije\u0161en studentski status, tj. upisanu teku\u0107u akademsku godinu<\/span><\/p>\n<p style=\"text-align: justify; line-height: normal;\"><span style=\"font-size: small;\">\u2013 ispuniti obrazac za razmjenu<\/span><\/p>\n<p style=\"text-align: justify; line-height: normal;\"><span style=\"font-size: small;\">\u2013 na\u010diniti izbor \u017eeljenih kolegija na inozemnom sveu\u010dili\u0161tu i utvrditi njihovu podudarnost s kolegijima mati\u010dnoga studija (da bi se kolegij odslu\u0161an u inozemstvu priznao kao jedan od obveznih kolegija na mati\u010dnom fakultetu, silabus stranog kolegija treba se podudarati barem 80% s kolegijem na mati\u010dnom odsjeku). Sve ostale kolegije (koji na mati\u010dnom odsjeku potpadaju u kategoriju izbornih kolegija) student mo\u017ee slobodno birati. Ti \u0107e mu se kolegiji pisati na diploma supplement.<\/span><\/p>\n<p style=\"text-align: justify; line-height: normal;\"><span style=\"font-size: small;\">Nakon \u0161to student odabere kolegije u skladu s uvjetima koje mora polo\u017eiti na mati\u010dnom odsjeku, <strong><u>u dogovoru s ECTS koordinatorom<\/u><\/strong> student treba sastaviti popis kolegija koji ulaze u Ugovor o u\u010denju (Learning Agreement, jednopredmetni ili dvopredmetni)<\/span><\/p>\n<p style=\"text-align: justify; line-height: normal;\"><span style=\"font-size: small;\">\u2013 na\u010diniti prijepis ocjena na engleskom jeziku (Transcript of Records, jednopredmetni ili dvopredmetni)<\/span><\/p>\n<p style=\"text-align: justify; line-height: normal;\"><span style=\"font-size: small;\"><strong>Prijepis ocjena na engleskom jeziku<\/strong><\/span><\/p>\n<p style=\"text-align: justify; line-height: normal;\"><span style=\"font-size: small;\">Nediplomirani student mo\u017ee iz ISVU-a izvaditi Prijepis ocjena na engleskom jeziku i samo ga ovjeriti u referadi (dakle, ne treba ovjera i na odsjeku). Isto tako mo\u017ee dobiti i Potvrdu o upisu u teku\u0107i semestar.<\/span><\/p>\n<p style=\"text-align: justify; line-height: normal;\"><span style=\"font-size: small;\"><span style=\"text-decoration: underline;\">Ako je student diplomirao ima dvije mogu\u0107nosti:<\/span><br \/>\n<strong>a)<\/strong> hrvatski prijepis ocjena (ovjeren i potpisan) prevesti kod sudskog tuma\u010da<br \/>\nILI<br \/>\n<strong>b)<\/strong> zatra\u017eiti dopunsku ispravu o studiju na engleskom jeziku i to koristiti kao prijepis ocjena jer su u dopunskoj ispravi navedeni svi polo\u017eeni kolegiji, ocjene i prosjek.<\/span><\/p>\n<p style=\"text-align: justify; line-height: normal;\"><span style=\"font-size: small;\">Pro\u010ditajte i napomenu na sljede\u0107oj poveznici:<br \/>\n<a href=\"https:\/\/web2020.ffzg.unizg.hr\/international\/forms-obrasci\/studenti-ffzg\/\">https:\/\/web2020.ffzg.unizg.hr\/international\/forms-obrasci\/studenti-ffzg\/<\/a><\/span><\/p>\n<p style=\"text-align: justify; line-height: normal;\"><span style=\"font-size: small;\"><strong>Potvrda o znanju engleskog jezika<\/strong><\/span><\/p>\n<p style=\"text-align: justify; line-height: normal;\"><span style=\"font-size: small;\">Student koji se prijavljuje za Erasmus program du\u017ean je sam saznati da li prihvatno sveu\u010dili\u0161te tra\u017ei potvrdu o poznavanju engleskog jezika te ako tra\u017ei, kakvu potvrdu tra\u017ei. Potvrda o poznavanju engleskog jezika izdaje se u tajni\u0161tvu anglistike. Potvrdu o poznavanju stranog jezika koju izdaje Odsjek za anglistiku mo\u017ee se preuzeti na <a href=\"http:\/\/anglist.ffzg.unizg.hr\/wp-content\/uploads\/2025\/08\/Potvrda-o-poznavanju-engleskog.docx\">ovoj poveznici<\/a>, na njoj ispuniti \u017euto istaknuta polja te ju zatim poslati e-po\u0161tom odsje\u010dkom koordinatoru za Erasmus+.<br \/>\n<\/span><\/p>\n<p style=\"text-align: justify; line-height: normal;\"><span style=\"font-size: small;\"><strong>Stru\u010dna praksa<\/strong><\/span><\/p>\n<p style=\"text-align: justify; line-height: normal;\"><span style=\"font-size: small;\">Studenti koji \u017eele i\u0107i na stru\u010dnu praksu u inozemstvo du\u017eni su sami prona\u0107i instituciju koja \u0107e ih ugostiti. Pojedinosti se mogu na\u0107i u<br \/>\n<a href=\"https:\/\/web2020.ffzg.unizg.hr\/international\/odlazni-studenti-croatian-only\/erasmus-smp-strucna-praksa\/\" target=\"_blank\" rel=\"noopener noreferrer\">https:\/\/web2020.ffzg.unizg.hr\/international\/odlazni-studenti-croatian-only\/erasmus-smp-strucna-praksa\/<\/a>.<\/span><\/p>\n<p style=\"text-align: justify; line-height: normal;\"><span style=\"font-size: small;\">Tako\u0111er se pojedinosti mogu na\u0107i na stranicama Filozofskog fakulteta pod <a href=\"https:\/\/web2020.ffzg.unizg.hr\/international\/\" target=\"_blank\" rel=\"noopener noreferrer\">International cooperation<\/a>.<\/span><\/p>\n<p style=\"text-align: justify; line-height: normal;\"><span style=\"font-size: small;\">\u00a0<\/span><\/p>\n<table style=\"width: 54.0459%;\">\n<tbody>\n<tr>\n<td style=\"width: 100%;\">\u00a0<\/td>\n<\/tr>\n<\/tbody>\n<\/table>\n<p style=\"line-height: normal; text-align: justify;\"><a href=\"https:\/\/anglist.ffzg.unizg.hr\/?attachment_id=24142\" rel=\"attachment wp-att-24142\"><img loading=\"lazy\" decoding=\"async\" class=\"aligncenter wp-image-24142\" src=\"https:\/\/anglist.ffzg.unizg.hr\/wp-content\/uploads\/2016\/02\/erasmus.png\" alt=\"\" width=\"393\" height=\"221\" srcset=\"https:\/\/anglist.ffzg.unizg.hr\/wp-content\/uploads\/2016\/02\/erasmus.png 505w, https:\/\/anglist.ffzg.unizg.hr\/wp-content\/uploads\/2016\/02\/erasmus-300x169.png 300w\" sizes=\"auto, (max-width: 393px) 100vw, 393px\" \/><\/a><\/p>\n","protected":false},"excerpt":{"rendered":"<p>ERASMUS (odlazni studenti) Program Erasmus omogu\u0107uje studentima studijski boravak ili obavljanje stru\u010dne prakse na inozemnim visokim u\u010dili\u0161tima. Za sudjelovanje u programu Erasmus kandidati se prijavljuju na natje\u010daje koje raspisuje Sveu\u010dili\u0161te u Zagrebu, a o prihva\u0107anju prijave i dodjeli Erasmus-stipendije odlu\u010duju fakultetska povjerenstva. Studenti se mogu prijaviti za boravak na jednom od sveu\u010dili\u0161ta s kojima Odsjek [&hellip;]<\/p>\n","protected":false},"author":6,"featured_media":0,"parent":565,"menu_order":0,"comment_status":"closed","ping_status":"closed","template":"","meta":{"ngg_post_thumbnail":0,"footnotes":""},"class_list":["post-11519","page","type-page","status-publish","hentry"],"_links":{"self":[{"href":"https:\/\/anglist.ffzg.unizg.hr\/index.php?rest_route=\/wp\/v2\/pages\/11519","targetHints":{"allow":["GET"]}}],"collection":[{"href":"https:\/\/anglist.ffzg.unizg.hr\/index.php?rest_route=\/wp\/v2\/pages"}],"about":[{"href":"https:\/\/anglist.ffzg.unizg.hr\/index.php?rest_route=\/wp\/v2\/types\/page"}],"author":[{"embeddable":true,"href":"https:\/\/anglist.ffzg.unizg.hr\/index.php?rest_route=\/wp\/v2\/users\/6"}],"replies":[{"embeddable":true,"href":"https:\/\/anglist.ffzg.unizg.hr\/index.php?rest_route=%2Fwp%2Fv2%2Fcomments&post=11519"}],"version-history":[{"count":28,"href":"https:\/\/anglist.ffzg.unizg.hr\/index.php?rest_route=\/wp\/v2\/pages\/11519\/revisions"}],"predecessor-version":[{"id":47674,"href":"https:\/\/anglist.ffzg.unizg.hr\/index.php?rest_route=\/wp\/v2\/pages\/11519\/revisions\/47674"}],"up":[{"embeddable":true,"href":"https:\/\/anglist.ffzg.unizg.hr\/index.php?rest_route=\/wp\/v2\/pages\/565"}],"wp:attachment":[{"href":"https:\/\/anglist.ffzg.unizg.hr\/index.php?rest_route=%2Fwp%2Fv2%2Fmedia&parent=11519"}],"curies":[{"name":"wp","href":"https:\/\/api.w.org\/{rel}","templated":true}]}}