{"id":10574,"date":"2013-02-06T17:04:50","date_gmt":"2013-02-06T16:04:50","guid":{"rendered":"http:\/\/www.ffzg.unizg.hr\/anglist\/?page_id=10574"},"modified":"2024-01-10T16:40:07","modified_gmt":"2024-01-10T15:40:07","slug":"pohrana-diplomskih-radova-u-repozitoriju-ff-a","status":"publish","type":"page","link":"https:\/\/anglist.ffzg.unizg.hr\/?page_id=10574","title":{"rendered":"Pohrana diplomskih radova u Repozitoriju FF-a"},"content":{"rendered":"<p style=\"text-align: center;\"><span style=\"font-size: small;\"><strong><span style=\"color: #265572;\">Diplomski studij anglistike &#8211; pohrana diplomskih radova u Repozitorij FFZG<\/span><\/strong><\/span><\/p>\n<p style=\"text-align: left;\"><span style=\"font-size: small;\">Prema <a href=\"https:\/\/anglist.ffzg.unizg.hr\/wp-content\/uploads\/2024\/01\/FFZG-2010-diplomski-odluka.pdf\">Odluci o diplomskim radovima<\/a> iz 2010. godine svi diplomski radovi obranjeni na Filozofskom fakultetu trebaju biti, u elektroni\u010dkom obliku, pohranjeni u Repozitoriju Knji\u017enice FFZG-a.<br \/>\n<\/span><\/p>\n<p style=\"text-align: center;\"><span style=\"font-size: 10pt;\"><strong>NOVO: studenti sami pohranjuju diplomske radove u repozitorij FFZG <em>ODRAZ<\/em><\/strong><\/span><\/p>\n<div class=\"region region-content\">\n<div id=\"block-system-main\" class=\"block block-system clearfix\">\n<div class=\"content\">\n<article id=\"node-8\" class=\"node node-article node-promoted clearfix node-mt\">\n<div class=\"node-main-content custom-width clearfix\">\n<div class=\"content\">\n<div class=\"field field-name-body field-type-text-with-summary field-label-hidden\">\n<div class=\"field-items\">\n<div class=\"field-item even\">\n<p><span style=\"font-size: 10pt;\">U skladu s <a href=\"https:\/\/web2020.ffzg.unizg.hr\/blog\/2020\/04\/01\/online-obrane-diplomskih-radova\/\" target=\"_blank\" rel=\"noopener noreferrer\">odlukom Filozofskog fakulteta o online obranama diplomskih radova<\/a> iz travnja 2020., izmijenjen je na\u010din pohrane radova u repozitorij, koji sada obavljaju <strong>sami studenti<\/strong>. <\/span><\/p>\n<p><strong><span style=\"font-size: 10pt;\"><span style=\"font-size: 12pt;\"><span style=\"color: #613194;\">Repozitorij FFZG <em>ODRAZ<\/em><\/span>:<\/span> <a href=\"https:\/\/repozitorij.ffzg.unizg.hr\/\" target=\"_blank\" rel=\"noopener noreferrer\">https:\/\/repozitorij.ffzg.unizg.hr\/<\/a><\/span><\/strong><\/p>\n<p><span style=\"font-size: 10pt;\">Ovdje mo\u017eete prona\u0107i <a href=\"https:\/\/knjiznica.ffzg.unizg.hr\/wp-content\/uploads\/2021\/09\/ODRAZ-upute_za_studente.pdf\">Upute za unos diplomskih radova<\/a>, a sa daljnjim pitanjima javite se na <a href=\"mailto:knjiznica@ffzg.hr\">knjiznica@ffzg.hr<\/a>.<br \/>\n<strong>U roku od 3 radna dana od pohrane, diplomski rad bit \u0107e objavljen u Repozitoriju<\/strong>, pa student mo\u017ee ispisati zapis o diplomskom radu kao dokaz o pohrani ili ga poslati elektroni\u010dkim putem odnosno pohraniti u PDF formatu.<br \/>\nU skladu s novom procedurom zavr\u0161etka studija (opisane <a href=\"https:\/\/web2020.ffzg.unizg.hr\/studentska-sluzba\/obrasci\/diplomski-studij\/hodogram\/\">Hodogramom<\/a>) studenti trebaju Studentskoj slu\u017ebi dostaviti zapis o diplomskom radu u PDF formatu, kao dokaz o obavljenoj pohrani.&nbsp;<br \/>\nPDF zapisa o diplomskom radu u repozitoriju mo\u017eete dobiti na na\u010din da u web pregledniku (Mozilla, Chrome, &#8230;) potra\u017eite svoj rad u Repozitoriju,&nbsp; izaberete &#8216;Print&#8217; pa umjesto printera odabrerete opciju &#8216;Print to pdf&#8217; ili &#8216;Save as pdf&#8217;.<\/span><\/p>\n<p><span style=\"font-size: 10pt;\"><strong>UPUTE <\/strong>za ispis zapisa o diplomskom radu (dokaz o pohrani) nalaze se na poveznici:<\/span><br \/>\n<span style=\"font-size: 10pt;\"><a href=\"https:\/\/repozitorij.ffzg.unizg.hr\/2020-09-16\/ispis-zapisa-o-diplomskom-radu-dokaz-o-pohrani\" target=\"_blank\" rel=\"noopener noreferrer\">https:\/\/repozitorij.ffzg.unizg.hr\/2020-09-16\/ispis-zapisa-o-diplomskom-radu-dokaz-o-pohrani<\/a><\/span><\/p>\n<p><span style=\"font-size: 10pt;\"><strong>Napomena:<\/strong> Kako pi\u0161e u <a href=\"https:\/\/knjiznica.ffzg.unizg.hr\/wp-content\/uploads\/2021\/09\/ODRAZ-upute_za_studente.pdf\">Uputama<\/a>: (&#8230;) obzirom na to da sami odabirete mogu\u0107u dostupnost svog rada, taj \u0107e odabir biti zabilje\u017een u sustavu i urednici repozitorija ga ne\u0107e mijenjati! Stoga vi\u0161e <strong>nije potrebno ispunjavati i slati\u200b Izjavu o pohrani<\/strong>\u200b.(&#8230;)<br \/>\n<span style=\"font-size: 14pt; color: #ff00ff;\">\u2217&nbsp;<\/span>Molimo studente <strong>prevoditeljskog smjera<\/strong> \u010diji diplomski radovi sadr\u017ee originalne prijevode da za dostupnost svojih radova biraju <em><strong>Pristup korisnicima mati\u010dne ustanove<\/strong><\/em>.<\/p>\n<p>vi\u0161e informacija na poveznici: <br \/>\n<a href=\"https:\/\/anglist.ffzg.unizg.hr\/?p=37256\">https:\/\/anglist.ffzg.unizg.hr\/?p=37256<\/a> <br \/>\n16.4.2020.<\/p>\n<p><\/span><\/p>\n<\/div>\n<\/div>\n<\/div>\n<\/div>\n<\/div>\n<\/article>\n<\/div>\n<\/div>\n<\/div>\n<p style=\"text-align: justify;\"><span style=\"font-size: small;\"><span style=\"color: #8faabf;\">*************************************************************************************<br \/>\n<\/span><\/span><span style=\"font-size: small;\"><strong>Za studente koji nisu u ISVU sustavu:<\/strong><br \/>\nStudent nakon obrane \u0161alje diplomski rad u<strong> .doc(x) ili .pdf<\/strong> formatu na <a href=\"mailto:mmarsic@ffzg.hr\">mmarsic@ffzg.hr<\/a> radi pohrane u Repozitorij Filozofskog fakulteta, a u Knji\u017enicu (5.kat)&nbsp; predaje ispunjenu i potpisanu <a href=\"http:\/\/knjiznica.ffzg.unizg.hr\/kdokumenti\/repozitorij\/izjava-digitalni-arhiv.pdf\" target=\"_blank\" rel=\"noopener noreferrer\">Izjavu o pohrani<\/a><a href=\"http:\/\/knjiznica.ffzg.unizg.hr\/kdokumenti\/repozitorij\/izjava-dig-arhiv.pdf\">.<\/a><br \/>\nMole se studenti da <strong>ne donose radove na CD-u ili DVD-u<\/strong>.<br \/>\n<\/span><\/p>\n<p><span style=\"font-size: small;\"><span style=\"color: #65a874;\"> **************************************************************************************************************************<\/span><br \/>\n<strong><span style=\"color: #3d9ccc;\">*<\/span> STARI REPOZITORIJ FFZG:<\/strong>&nbsp; Svi diplomski radovi predani <strong>do rujna 2019.<\/strong> dostupni su u &#8216;starom&#8217; <a href=\"http:\/\/darhiv.ffzg.hr\/\">Repozitoriju FF-a<\/a>, ali \u0107e kroz neko vrijeme biti preseljeni u novi <a href=\"https:\/\/repozitorij.ffzg.unizg.hr\/\" target=\"_blank\" rel=\"noopener noreferrer\">Repozitorij FFZG<\/a>.<br \/>\n<strong><span style=\"color: #3d9ccc;\">*<\/span> NOVI REPOZITORIJ FFZG <em>Odraz<\/em>: <a href=\"https:\/\/repozitorij.ffzg.unizg.hr\/\" target=\"_blank\" rel=\"noopener noreferrer\">https:\/\/repozitorij.ffzg.unizg.hr\/<\/a>:<\/strong> Radovi predani <strong>od rujna 2019.<\/strong> bit \u0107e pohranjeni u novi repozitorij Filozofskog fakulteta <a href=\"https:\/\/repozitorij.ffzg.unizg.hr\/\" target=\"_blank\" rel=\"noopener noreferrer\"><em><strong>Odraz<\/strong><\/em><\/a>&nbsp; unutar repozitorija <strong><em><a href=\"https:\/\/dabar.srce.hr\/repozitoriji\" target=\"_blank\" rel=\"noopener noreferrer\">Dabar<\/a> <\/em><\/strong>(Digitalni akademski arhivi i repozitoriji). <br \/>\nRadovi su vidljivi u nacionalnom repozitoriju<em><strong> ZIR<\/strong><\/em> :<br \/>\n<\/span><a title=\"Home\" href=\"https:\/\/zir.nsk.hr\/\"><span style=\"font-size: 10pt;\">Nacionalni repozitorij zavr\u0161nih i diplomskih radova ZIR <\/span><\/a><span style=\"font-size: 10pt;\">Nacionalna i sveu\u010dili\u0161na knji\u017enica u Zagrebu<\/span><\/p>\n<p><span style=\"font-size: small;\"><span style=\"font-size: 8pt;\"><br \/>\nObjavljeno 6.2.2013.<\/span><br \/>\n<span style=\"font-size: 8pt;\">A\u017eurirano 3.11.2016.<\/span><br \/>\n<span style=\"font-size: 8pt;\">A\u017eurirano 21.10.2021<\/span><br \/>\n<\/span><\/p>\n","protected":false},"excerpt":{"rendered":"<p>Diplomski studij anglistike &#8211; pohrana diplomskih radova u Repozitorij FFZG Prema Odluci o diplomskim radovima iz 2010. godine svi diplomski radovi obranjeni na Filozofskom fakultetu trebaju biti, u elektroni\u010dkom obliku, pohranjeni u Repozitoriju Knji\u017enice FFZG-a. NOVO: studenti sami pohranjuju diplomske radove u repozitorij FFZG ODRAZ U skladu s odlukom Filozofskog fakulteta o online obranama diplomskih [&hellip;]<\/p>\n","protected":false},"author":6,"featured_media":0,"parent":1808,"menu_order":0,"comment_status":"closed","ping_status":"closed","template":"","meta":{"ngg_post_thumbnail":0,"footnotes":""},"class_list":["post-10574","page","type-page","status-publish","hentry"],"_links":{"self":[{"href":"https:\/\/anglist.ffzg.unizg.hr\/index.php?rest_route=\/wp\/v2\/pages\/10574","targetHints":{"allow":["GET"]}}],"collection":[{"href":"https:\/\/anglist.ffzg.unizg.hr\/index.php?rest_route=\/wp\/v2\/pages"}],"about":[{"href":"https:\/\/anglist.ffzg.unizg.hr\/index.php?rest_route=\/wp\/v2\/types\/page"}],"author":[{"embeddable":true,"href":"https:\/\/anglist.ffzg.unizg.hr\/index.php?rest_route=\/wp\/v2\/users\/6"}],"replies":[{"embeddable":true,"href":"https:\/\/anglist.ffzg.unizg.hr\/index.php?rest_route=%2Fwp%2Fv2%2Fcomments&post=10574"}],"version-history":[{"count":38,"href":"https:\/\/anglist.ffzg.unizg.hr\/index.php?rest_route=\/wp\/v2\/pages\/10574\/revisions"}],"predecessor-version":[{"id":44669,"href":"https:\/\/anglist.ffzg.unizg.hr\/index.php?rest_route=\/wp\/v2\/pages\/10574\/revisions\/44669"}],"up":[{"embeddable":true,"href":"https:\/\/anglist.ffzg.unizg.hr\/index.php?rest_route=\/wp\/v2\/pages\/1808"}],"wp:attachment":[{"href":"https:\/\/anglist.ffzg.unizg.hr\/index.php?rest_route=%2Fwp%2Fv2%2Fmedia&parent=10574"}],"curies":[{"name":"wp","href":"https:\/\/api.w.org\/{rel}","templated":true}]}}